{"id":20623,"date":"2025-09-03T11:43:10","date_gmt":"2025-09-03T09:43:10","guid":{"rendered":"https:\/\/laseris.ch\/shop\/?post_type=product&#038;p=20623"},"modified":"2026-03-25T12:07:21","modified_gmt":"2026-03-25T11:07:21","slug":"h-a-intensifier-multi-glycan-30-ml-skinceuticals","status":"publish","type":"product","link":"https:\/\/laseris.ch\/shop\/product\/h-a-intensifier-multi-glycan-30-ml-skinceuticals\/","title":{"rendered":"H.A. Intensifier Multi-Glycan 30 ml SkinCeuticals"},"content":{"rendered":"<p data-start=\"75\" data-end=\"557\"><strong data-start=\"75\" data-end=\"106\">HA Intensifier Multi-Glycan<\/strong> est un s\u00e9rum correcteur innovant, reconnu pour son efficacit\u00e9 \u00e0 repulper imm\u00e9diatement la peau et \u00e0 raviver son \u00e9clat, avec une am\u00e9lioration mesur\u00e9e de +10 %.<br data-start=\"265\" data-end=\"268\" \/>Sa formule avanc\u00e9e associe <strong data-start=\"295\" data-end=\"329\">1,3 % d\u2019acide hyaluronique pur<\/strong>, <strong data-start=\"331\" data-end=\"353\">12 % de proxylane\u2122<\/strong>, ainsi qu\u2019un <strong data-start=\"367\" data-end=\"400\">nouveau ferment post-biotique<\/strong> destin\u00e9 \u00e0 stimuler la production de glycosaminoglycanes (dont l\u2019acide hyaluronique) et \u00e0 pr\u00e9server leur niveau dans les couches sup\u00e9rieures de l\u2019\u00e9piderme.<\/p>\n<p data-start=\"559\" data-end=\"853\">D\u00e8s la premi\u00e8re application, la peau est intens\u00e9ment hydrat\u00e9e et repulp\u00e9e jusqu\u2019\u00e0 <strong data-start=\"641\" data-end=\"654\">24 heures<\/strong>. Avec une utilisation r\u00e9guli\u00e8re, l\u2019\u00e9lasticit\u00e9 et la fermet\u00e9 cutan\u00e9es s\u2019am\u00e9liorent, les rides sont visiblement r\u00e9duites de <strong data-start=\"777\" data-end=\"800\">24 % en 12 semaines<\/strong>, et les contours du visage apparaissent red\u00e9finis.<\/p>\n<p data-start=\"855\" data-end=\"1123\">Formul\u00e9 <strong data-start=\"863\" data-end=\"912\">sans parab\u00e8nes, sans parfum et sans colorants<\/strong>, ce s\u00e9rum hyaluronique peut \u00eatre int\u00e9gr\u00e9 \u00e0 une routine de soins, y compris apr\u00e8s des traitements de comblement. Il reste toutefois conseill\u00e9 de demander l\u2019avis de votre m\u00e9decin pour un protocole personnalis\u00e9.<\/p>\n<p data-start=\"1125\" data-end=\"1271\">CONSEILS D&#8217;UTILISATION :<\/p>\n<ul>\n<li data-start=\"1125\" data-end=\"1271\">D\u00e9poser le s\u00e9rum par l\u00e9gers tapotements sur le front, les joues, le menton et le cou, puis faire p\u00e9n\u00e9trer d\u00e9licatement.<\/li>\n<li data-start=\"1272\" data-end=\"1443\">\n<p data-start=\"1274\" data-end=\"1443\">Le matin, appliquer apr\u00e8s le <strong data-start=\"1303\" data-end=\"1354\">s\u00e9rum antioxydant \u00e0 la vitamine C SkinCeuticals<\/strong>, puis poursuivre avec la <strong data-start=\"1380\" data-end=\"1400\">cr\u00e8me hydratante<\/strong> et la <strong data-start=\"1407\" data-end=\"1440\">photoprotection SkinCeuticals<\/strong>.<\/p>\n<\/li>\n<\/ul>\n","protected":false},"excerpt":{"rendered":"<p data-start=\"98\" data-end=\"143\"><strong data-start=\"98\" data-end=\"141\">S\u00e9rum volumateur \u00e0 l\u2019acide hyaluronique<\/strong><\/p>\n<p data-start=\"145\" data-end=\"576\">HA Intensifier Multi-Glycan est un s\u00e9rum correcteur haute performance qui repulpe imm\u00e9diatement la peau et augmente son \u00e9clat. Enrichi en acide hyaluronique pur, Proxylane\u2122 et ferment post-biotique, il stimule la production de glycosaminoglycanes pour une hydratation continue, une peau plus ferme et des contours red\u00e9finis. R\u00e9sultats visibles : r\u00e9duction des rides de 24 % en 12 semaines et peau intens\u00e9ment liss\u00e9e et densifi\u00e9e.<\/p>\n<p data-start=\"145\" data-end=\"576\"><img loading=\"lazy\" decoding=\"async\" class=\"alignnone size-medium wp-image-16858\" src=\"https:\/\/laseris.ch\/shop\/wp-content\/uploads\/2020\/10\/skinceuticals-revendeur-suisse.png\" alt=\"\" width=\"300\" height=\"61\" \/><\/p>\n","protected":false},"featured_media":20625,"comment_status":"open","ping_status":"closed","template":"","meta":[],"product_brand":[],"product_cat":[560,682,534,524,507,505,504,497,512,511],"product_tag":[],"class_list":{"0":"post-20623","1":"product","2":"type-product","3":"status-publish","4":"has-post-thumbnail","6":"product_cat-promotion","7":"product_cat-skinceuticals","8":"product_cat-vieillissement","9":"product_cat-cou","10":"product_cat-peau-mixte","11":"product_cat-peau-normale","12":"product_cat-peau-seche","13":"product_cat-serum","14":"product_cat-tout-type-de-peau","15":"product_cat-visage","16":"description-off","18":"first","19":"outofstock","20":"sale","21":"shipping-taxable","22":"purchasable","23":"product-type-simple"},"_links":{"self":[{"href":"https:\/\/laseris.ch\/shop\/wp-json\/wp\/v2\/product\/20623","targetHints":{"allow":["GET"]}}],"collection":[{"href":"https:\/\/laseris.ch\/shop\/wp-json\/wp\/v2\/product"}],"about":[{"href":"https:\/\/laseris.ch\/shop\/wp-json\/wp\/v2\/types\/product"}],"replies":[{"embeddable":true,"href":"https:\/\/laseris.ch\/shop\/wp-json\/wp\/v2\/comments?post=20623"}],"wp:featuredmedia":[{"embeddable":true,"href":"https:\/\/laseris.ch\/shop\/wp-json\/wp\/v2\/media\/20625"}],"wp:attachment":[{"href":"https:\/\/laseris.ch\/shop\/wp-json\/wp\/v2\/media?parent=20623"}],"wp:term":[{"taxonomy":"product_brand","embeddable":true,"href":"https:\/\/laseris.ch\/shop\/wp-json\/wp\/v2\/product_brand?post=20623"},{"taxonomy":"product_cat","embeddable":true,"href":"https:\/\/laseris.ch\/shop\/wp-json\/wp\/v2\/product_cat?post=20623"},{"taxonomy":"product_tag","embeddable":true,"href":"https:\/\/laseris.ch\/shop\/wp-json\/wp\/v2\/product_tag?post=20623"}],"curies":[{"name":"wp","href":"https:\/\/api.w.org\/{rel}","templated":true}]}}