{"id":20620,"date":"2025-09-03T11:30:44","date_gmt":"2025-09-03T09:30:44","guid":{"rendered":"https:\/\/laseris.ch\/shop\/?post_type=product&#038;p=20620"},"modified":"2026-03-27T10:29:01","modified_gmt":"2026-03-27T09:29:01","slug":"a-g-e-interrupter-ultra-serum-30-ml-skinceuticals","status":"publish","type":"product","link":"https:\/\/laseris.ch\/shop\/product\/a-g-e-interrupter-ultra-serum-30-ml-skinceuticals\/","title":{"rendered":"A.G.E. Interrupter Ultra S\u00e9rum 30 ml SkinCeuticals"},"content":{"rendered":"<p data-start=\"64\" data-end=\"338\">Ce soin haute performance am\u00e9liore l\u2019\u00e9lasticit\u00e9 cutan\u00e9e et raffermit visiblement la peau. Il cible 4 zones cl\u00e9s du visage et du cou \u2014 front, joues, ovale et cou \u2014 pour un effet liftant global, tout en r\u00e9duisant l\u2019apparence des rides.<\/p>\n<p data-start=\"340\" data-end=\"743\">Sa formule innovante associe une concentration in\u00e9dite de <strong data-start=\"398\" data-end=\"427\">34,6 % de Flavo-Proxylane<\/strong> \u00e0 des actifs synergiques tels que le Rhamnose et l\u2019extrait de racine de Gentiana Lutea. Ensemble, ils aident \u00e0 corriger les signes du vieillissement li\u00e9s notamment \u00e0 la formation des <strong data-start=\"611\" data-end=\"655\">A.G.E. (Advanced Glycation End-products)<\/strong>, processus o\u00f9 les sucres se fixent sur le collag\u00e8ne, entra\u00eenant une perte de fermet\u00e9.<\/p>\n<p data-start=\"745\" data-end=\"889\">Cliniquement prouv\u00e9, le s\u00e9rum <strong data-start=\"775\" data-end=\"803\">A.G.E. Interrupter Ultra<\/strong> contribue \u00e0 un effet lift sculptant et convient \u00e0 tous les types et teints de peau.<\/p>\n<p>&nbsp;<\/p>\n<p data-start=\"896\" data-end=\"924\"><strong>CONSEILS D&#8217;UTILISATION :\u00a0<\/strong><\/p>\n<ul data-start=\"925\" data-end=\"1273\">\n<li data-start=\"925\" data-end=\"1025\">\n<p data-start=\"927\" data-end=\"1025\">Appliquer une \u00e0 deux fois par jour l\u2019\u00e9quivalent d\u2019une pipette, d\u00e9pos\u00e9e dans le creux de la main.<\/p>\n<\/li>\n<li data-start=\"1026\" data-end=\"1117\">\n<p data-start=\"1028\" data-end=\"1117\">Tapoter d\u00e9licatement sur le front, les joues, le menton et le cou, puis faire p\u00e9n\u00e9trer.<\/p>\n<\/li>\n<li data-start=\"1118\" data-end=\"1273\">\n<p data-start=\"1120\" data-end=\"1273\">Le matin : utiliser apr\u00e8s le s\u00e9rum antioxydant \u00e0 la vitamine C <strong data-start=\"1183\" data-end=\"1200\">SkinCeuticals<\/strong>, et avant la cr\u00e8me hydratante et la photoprotection <strong data-start=\"1253\" data-end=\"1270\">SkinCeuticals<\/strong>.<\/p>\n<\/li>\n<\/ul>\n","protected":false},"excerpt":{"rendered":"<p data-start=\"96\" data-end=\"124\"><strong data-start=\"96\" data-end=\"122\">S\u00e9rum anti-\u00e2ge liftant<\/strong><\/p>\n<p data-start=\"126\" data-end=\"554\">A.G.E. Interrupter Ultra est un soin correcteur haute performance qui am\u00e9liore l\u2019\u00e9lasticit\u00e9 et raffermit visiblement la peau. Sa formule unique associe 34,6 % de Flavo-Proxylane, du Rhamnose et de l\u2019extrait de racine de Gentiana Lutea pour cibler le vieillissement li\u00e9 aux A.G.E. R\u00e9sultat : un effet lift global sur le front, les joues, l\u2019ovale du visage et le cou, avec une r\u00e9duction visible des rides et une peau plus ferme.<\/p>\n<p data-start=\"126\" data-end=\"554\"><img loading=\"lazy\" decoding=\"async\" class=\"alignnone size-medium wp-image-16858\" src=\"https:\/\/laseris.ch\/shop\/wp-content\/uploads\/2020\/10\/skinceuticals-revendeur-suisse.png\" alt=\"\" width=\"300\" height=\"61\" \/><\/p>\n","protected":false},"featured_media":20622,"comment_status":"open","ping_status":"closed","template":"","meta":[],"product_brand":[],"product_cat":[675,682,534,524,507,505,504,497,512,511],"product_tag":[],"class_list":{"0":"post-20620","1":"product","2":"type-product","3":"status-publish","4":"has-post-thumbnail","6":"product_cat-nouveautes","7":"product_cat-skinceuticals","8":"product_cat-vieillissement","9":"product_cat-cou","10":"product_cat-peau-mixte","11":"product_cat-peau-normale","12":"product_cat-peau-seche","13":"product_cat-serum","14":"product_cat-tout-type-de-peau","15":"product_cat-visage","16":"description-off","18":"first","19":"instock","20":"shipping-taxable","21":"purchasable","22":"product-type-simple"},"_links":{"self":[{"href":"https:\/\/laseris.ch\/shop\/wp-json\/wp\/v2\/product\/20620","targetHints":{"allow":["GET"]}}],"collection":[{"href":"https:\/\/laseris.ch\/shop\/wp-json\/wp\/v2\/product"}],"about":[{"href":"https:\/\/laseris.ch\/shop\/wp-json\/wp\/v2\/types\/product"}],"replies":[{"embeddable":true,"href":"https:\/\/laseris.ch\/shop\/wp-json\/wp\/v2\/comments?post=20620"}],"wp:featuredmedia":[{"embeddable":true,"href":"https:\/\/laseris.ch\/shop\/wp-json\/wp\/v2\/media\/20622"}],"wp:attachment":[{"href":"https:\/\/laseris.ch\/shop\/wp-json\/wp\/v2\/media?parent=20620"}],"wp:term":[{"taxonomy":"product_brand","embeddable":true,"href":"https:\/\/laseris.ch\/shop\/wp-json\/wp\/v2\/product_brand?post=20620"},{"taxonomy":"product_cat","embeddable":true,"href":"https:\/\/laseris.ch\/shop\/wp-json\/wp\/v2\/product_cat?post=20620"},{"taxonomy":"product_tag","embeddable":true,"href":"https:\/\/laseris.ch\/shop\/wp-json\/wp\/v2\/product_tag?post=20620"}],"curies":[{"name":"wp","href":"https:\/\/api.w.org\/{rel}","templated":true}]}}