{"id":20043,"date":"2024-07-02T11:16:16","date_gmt":"2024-07-02T09:16:16","guid":{"rendered":"https:\/\/laseris.ch\/shop\/?post_type=product&#038;p=20043"},"modified":"2026-04-26T20:21:57","modified_gmt":"2026-04-26T18:21:57","slug":"p-tiox-peptide-serum-30ml-skinceuticals","status":"publish","type":"product","link":"https:\/\/laseris.ch\/shop\/product\/p-tiox-peptide-serum-30ml-skinceuticals\/","title":{"rendered":"P-TIOX Peptide Serum 30 ml SkinCeuticals"},"content":{"rendered":"<p>Un s\u00e9rum anti-rides et anti-\u00e2ge \u00e0 l&#8217;efficacit\u00e9 redoutable gr\u00e2ce \u00e0 une concentration \u00e9lev\u00e9e en peptides. Le s\u00e9rum P-TIOX r\u00e9duit l&#8217;apparence des rides d&#8217;expression et de contraction en s&#8217;inspirant des effets des injections de toxine botulique plus connue le nom de botox. Il est enrichi d&#8217;un complexe d&#8217;actifs puissants, dont notamment 5 % de PHA, 5 % de Niacinamide et de l&#8217;extrait de Laminaria.<\/p>\n<p>Le s\u00e9rum P-TIOX vous offrira \u00e9galement un teint lisse et lumineux gr\u00e2ce \u00e0 l&#8217;effet &#8220;Glass Skin&#8221;. Il am\u00e9liore la texture et l&#8217;\u00e9clat de la peau d\u00e8s la 1\u00e8re semaine d&#8217;utilisation.<\/p>\n<p>Ce produit est un compl\u00e9ment id\u00e9al aux injections r\u00e9alis\u00e9es en cabinet dermatologique pour des r\u00e9sultats sur toutes les zones du visage. P-TIOX amplifie le renouvellement cellulaire et apporte une correction visible des signes de l&#8217;\u00e2ge avec des r\u00e9sultats imm\u00e9diats et durables m\u00eame apr\u00e8s 3 mois.<\/p>\n<p>&nbsp;<\/p>\n<p><strong>CONSEILS D&#8217;UTILISATION :\u00a0<\/strong><\/p>\n<div class=\"l-row h-text-align-items-center-for-small\">\n<div class=\"l-column m-large-9 m-medium-6 m-small-9\">\n<p class=\"h-text-size-14\">Matin et soir, appliquer 5 \u00e0 6 gouttes dans la paume de la main et tamponner sur le front, les joues et le menton. Le matin, faire p\u00e9n\u00e9trer le s\u00e9rum et appliquez ensuite votre s\u00e9rum antioxydant SkinCeuticals et un \u00e9cran solaire \u00e0 large spectre. Le soir, suivez avec votre routine de nuit.<\/p>\n<\/div>\n<\/div>\n","protected":false},"excerpt":{"rendered":"<p>Le s\u00e9rum P-TIOX est un anti-rides et un anti-\u00e2ge \u00e0 l&#8217;efficacit\u00e9 redoutable gr\u00e2ce \u00e0 une concentration \u00e9lev\u00e9e en peptides enrichi d&#8217;un complexe d&#8217;actifs puissants, dont notamment 5 % de PHA, 5 % de Niacinamide et de l&#8217;extrait de Laminaria. Il agit sur les rides d&#8217;expression en compl\u00e9ment id\u00e9al des injections de toxine botulique.<\/p>\n","protected":false},"featured_media":20045,"comment_status":"open","ping_status":"closed","template":"","meta":[],"product_brand":[],"product_cat":[675,560,682,534,497,511],"product_tag":[],"class_list":{"0":"post-20043","1":"product","2":"type-product","3":"status-publish","4":"has-post-thumbnail","6":"product_cat-nouveautes","7":"product_cat-promotion","8":"product_cat-skinceuticals","9":"product_cat-vieillissement","10":"product_cat-serum","11":"product_cat-visage","12":"description-off","14":"first","15":"instock","16":"sale","17":"shipping-taxable","18":"purchasable","19":"product-type-simple"},"_links":{"self":[{"href":"https:\/\/laseris.ch\/shop\/wp-json\/wp\/v2\/product\/20043","targetHints":{"allow":["GET"]}}],"collection":[{"href":"https:\/\/laseris.ch\/shop\/wp-json\/wp\/v2\/product"}],"about":[{"href":"https:\/\/laseris.ch\/shop\/wp-json\/wp\/v2\/types\/product"}],"replies":[{"embeddable":true,"href":"https:\/\/laseris.ch\/shop\/wp-json\/wp\/v2\/comments?post=20043"}],"wp:featuredmedia":[{"embeddable":true,"href":"https:\/\/laseris.ch\/shop\/wp-json\/wp\/v2\/media\/20045"}],"wp:attachment":[{"href":"https:\/\/laseris.ch\/shop\/wp-json\/wp\/v2\/media?parent=20043"}],"wp:term":[{"taxonomy":"product_brand","embeddable":true,"href":"https:\/\/laseris.ch\/shop\/wp-json\/wp\/v2\/product_brand?post=20043"},{"taxonomy":"product_cat","embeddable":true,"href":"https:\/\/laseris.ch\/shop\/wp-json\/wp\/v2\/product_cat?post=20043"},{"taxonomy":"product_tag","embeddable":true,"href":"https:\/\/laseris.ch\/shop\/wp-json\/wp\/v2\/product_tag?post=20043"}],"curies":[{"name":"wp","href":"https:\/\/api.w.org\/{rel}","templated":true}]}}