{"id":19019,"date":"2022-12-02T17:40:24","date_gmt":"2022-12-02T16:40:24","guid":{"rendered":"https:\/\/laseris.ch\/shop\/?post_type=product&#038;p=19019"},"modified":"2026-03-27T10:26:16","modified_gmt":"2026-03-27T09:26:16","slug":"skinceuticals-c-e-ferulic-30-ml","status":"publish","type":"product","link":"https:\/\/laseris.ch\/shop\/product\/skinceuticals-c-e-ferulic-30-ml\/","title":{"rendered":"C E Ferulic 30 ml"},"content":{"rendered":"<p>Gr\u00e2ce \u00e0 une combinaison r\u00e9volutionnaire d&#8217;antioxydants haute puissance : vitamine C pure (15 % d&#8217;acide L-ascorbique), vitamine E pure (1 % d&#8217;alpha tocoph\u00e9rol) et acide f\u00e9rulique extrait du bl\u00e9 (0,5 % d&#8217;acide f\u00e9rulique), le S\u00e9rum C E FERULIC permet de lutter contre les signes visibles de l&#8217;\u00e2ge.<\/p>\n<p>Apr\u00e8s utilisation, la peau para\u00eet plus jeune et se d\u00e9fend mieux contre le vieillissement d\u00fb aux facteurs environnementaux. Une fois absorb\u00e9, le s\u00e9rum reste actif pendant 72 heures, il r\u00e9siste aux frottements et ne dispara\u00eet pas au lavage.\u00a0Id\u00e9al pour les peaux normales \u00e0 s\u00e8ches.<\/p>\n<p>Le soin C E F\u00c9RULIC est id\u00e9al apr\u00e8s un peeling professionnel mais \u00e9galement en pr\u00e9 et post intervention au laser. Il est \u00e9galement conseill\u00e9 de l&#8217;appliquer avant des injections d&#8217;acide hyaluronique ou de toxine botulique.<\/p>\n<p>&nbsp;<\/p>\n<div id=\"ConnectiveDocSignExtentionInstalled\" data-extension-version=\"1.0.4\">\n<p class=\"t_collapse\"><strong>CONSEILS D&#8217;UTILISATION :<\/strong><\/p>\n<p>&nbsp;<\/p>\n<div class=\"ctn_bloc\">\n<p class=\"ctn_right\">Le matin, apr\u00e8s avoir appliqu\u00e9 le nettoyant et le tonique, d\u00e9poser 4 \u00e0 5 gouttes sur le visage, le cou et le d\u00e9collet\u00e9 s\u00e9ch\u00e9s au pr\u00e9alable, avant les autres soins anti-\u00e2ge. Il est possible de compl\u00e9ter la routine avec une protection solaire SkinCeuticals. Utilis\u00e9s ensemble, les antioxydants et protections solaires \u00e0 large spectre repr\u00e9sentent la protection la plus compl\u00e8te contre les signes visibles de vieillissement caus\u00e9s par les agresseurs environnementaux.<\/p>\n<\/div>\n<\/div>\n","protected":false},"excerpt":{"rendered":"<p><strong>S\u00e9rum \u00e0 la vitamine C pure, C E Ferulic\u00ae contient une combinaison r\u00e9volutionnaire d&#8217;antioxydants. \u00a0Ce produit permet d&#8217;obtenir une peau \u00e0 l&#8217;apparence plus jeune qui se d\u00e9fend mieux contre le vieillissement d\u00fb aux facteurs environnementaux.<\/strong><\/p>\n<p>R\u00e9sultats :<\/p>\n<ul>\n<li>R\u00e9duit les rides et ridules<\/li>\n<li>La peau est plus ferme<\/li>\n<li>La peau est \u00e9clatante<\/li>\n<\/ul>\n<p>&nbsp;<\/p>\n<p>&nbsp;<\/p>\n<div data-extension-version=\"1.0.4\"><img loading=\"lazy\" decoding=\"async\" class=\"alignnone size-medium wp-image-16858\" src=\"https:\/\/laseris.ch\/shop\/wp-content\/uploads\/2020\/10\/skinceuticals-revendeur-suisse.png\" alt=\"\" width=\"300\" height=\"61\" \/><\/div>\n<div id=\"ConnectiveDocSignExtentionInstalled\" data-extension-version=\"1.0.4\"><\/div>\n","protected":false},"featured_media":15518,"comment_status":"open","ping_status":"closed","template":"","meta":[],"product_brand":[],"product_cat":[537,539,560,682,534,536,496,507,505,504,497,511],"product_tag":[648,649,670],"class_list":{"0":"post-19019","1":"product","2":"type-product","3":"status-publish","4":"has-post-thumbnail","6":"product_cat-deshydratee","7":"product_cat-fragilisee","8":"product_cat-promotion","9":"product_cat-skinceuticals","10":"product_cat-vieillissement","11":"product_cat-hyperpigmentation","12":"product_cat-antioxydant","13":"product_cat-peau-mixte","14":"product_cat-peau-normale","15":"product_cat-peau-seche","16":"product_cat-serum","17":"product_cat-visage","18":"product_tag-35-45-ans","19":"product_tag-meilleurs-ventes","20":"product_tag-shopping","21":"description-off","23":"first","24":"instock","25":"sale","26":"featured","27":"shipping-taxable","28":"purchasable","29":"product-type-simple"},"_links":{"self":[{"href":"https:\/\/laseris.ch\/shop\/wp-json\/wp\/v2\/product\/19019","targetHints":{"allow":["GET"]}}],"collection":[{"href":"https:\/\/laseris.ch\/shop\/wp-json\/wp\/v2\/product"}],"about":[{"href":"https:\/\/laseris.ch\/shop\/wp-json\/wp\/v2\/types\/product"}],"replies":[{"embeddable":true,"href":"https:\/\/laseris.ch\/shop\/wp-json\/wp\/v2\/comments?post=19019"}],"wp:featuredmedia":[{"embeddable":true,"href":"https:\/\/laseris.ch\/shop\/wp-json\/wp\/v2\/media\/15518"}],"wp:attachment":[{"href":"https:\/\/laseris.ch\/shop\/wp-json\/wp\/v2\/media?parent=19019"}],"wp:term":[{"taxonomy":"product_brand","embeddable":true,"href":"https:\/\/laseris.ch\/shop\/wp-json\/wp\/v2\/product_brand?post=19019"},{"taxonomy":"product_cat","embeddable":true,"href":"https:\/\/laseris.ch\/shop\/wp-json\/wp\/v2\/product_cat?post=19019"},{"taxonomy":"product_tag","embeddable":true,"href":"https:\/\/laseris.ch\/shop\/wp-json\/wp\/v2\/product_tag?post=19019"}],"curies":[{"name":"wp","href":"https:\/\/api.w.org\/{rel}","templated":true}]}}