{"id":18560,"date":"2022-02-22T12:07:34","date_gmt":"2022-02-22T11:07:34","guid":{"rendered":"https:\/\/laseris.ch\/shop\/?post_type=product&#038;p=18560"},"modified":"2026-04-23T16:27:21","modified_gmt":"2026-04-23T14:27:21","slug":"phyto-a-brightening-treatment","status":"publish","type":"product","link":"https:\/\/laseris.ch\/shop\/product\/phyto-a-brightening-treatment\/","title":{"rendered":"Phyto A+ Brightening Treatment 30 ml SkinCeuticals"},"content":{"rendered":"<p>Ce soin vous offre deux actifs anti-taches pour un teint plus uniforme.<\/p>\n<p>On retrouve dans sa composition :<\/p>\n<p>3% d&#8217;acide az\u00e9la\u00efque, un ingr\u00e9dient qui exerce une action exfoliante douce et permet de lisser les micro-reliefs cutan\u00e9s et de faire dispara\u00eetre progressivement les taches pigmentaires.<\/p>\n<p>2% d&#8217;alpha-arbutine un actif \u00e9claircissant qui att\u00e9nue les taches brunes dues \u00e0 des cicatrices d&#8217;acn\u00e9, du soleil ou encore de l&#8217;\u00e2ge.<\/p>\n<p>La formule de ce soin \u00e9claircissant comprend aussi des extraits phytobotaniques tels que le romarin, le marrube blanc, le citron et le thym qui offrent un effet purifiant, d\u00e9toxifiant et clarifiant. Le concombre apporte ses vertus hydratantes et rafra\u00eechissantes.<\/p>\n<p>Phyto A+ Brightening Treatment a \u00e9t\u00e9 formul\u00e9 pour s&#8217;adapter \u00e0 tous les types de peau, y compris les peaux sensibles.<\/p>\n<p>Sa texture gel-cr\u00e8me, sans silicone et non com\u00e9dog\u00e8ne, est id\u00e9al pour les peaux normales \u00e0 grasses.<\/p>\n<p>Ce produit p\u00e9n\u00e8tre rapidement, sans laisser de film gras ou collant.<\/p>\n","protected":false},"excerpt":{"rendered":"<p>Le soin Phyto A+ Brightening Treatment de Skinceuticals est id\u00e9al pour att\u00e9nuer les taches brunes et pr\u00e9venir leur apparition.<\/p>\n<p>Gr\u00e2ce \u00e0 sa composition d&#8217;ingr\u00e9dients aux propri\u00e9t\u00e9s anti-taches reconnues, ce soin \u00e9claircissant permet de :<\/p>\n<p>&#8211; r\u00e9guler la production de m\u00e9lanine<br \/>\n&#8211; r\u00e9duire les inflammations<br \/>\n&#8211; redonner de l&#8217;\u00e9clat au teint et l&#8217;uniformer<br \/>\n&#8211; stimuler le renouvellement cellulaire pour att\u00e9nuer les taches.<\/p>\n","protected":false},"featured_media":18561,"comment_status":"open","ping_status":"closed","template":"","meta":[],"product_brand":[],"product_cat":[538,682,536,507,505,531,512,511],"product_tag":[],"class_list":{"0":"post-18560","1":"product","2":"type-product","3":"status-publish","4":"has-post-thumbnail","6":"product_cat-peau-sujette-aux-rougeurs","7":"product_cat-skinceuticals","8":"product_cat-hyperpigmentation","9":"product_cat-peau-mixte","10":"product_cat-peau-normale","11":"product_cat-peau-sensible","12":"product_cat-tout-type-de-peau","13":"product_cat-visage","14":"description-off","16":"first","17":"outofstock","18":"shipping-taxable","19":"purchasable","20":"product-type-simple"},"_links":{"self":[{"href":"https:\/\/laseris.ch\/shop\/wp-json\/wp\/v2\/product\/18560","targetHints":{"allow":["GET"]}}],"collection":[{"href":"https:\/\/laseris.ch\/shop\/wp-json\/wp\/v2\/product"}],"about":[{"href":"https:\/\/laseris.ch\/shop\/wp-json\/wp\/v2\/types\/product"}],"replies":[{"embeddable":true,"href":"https:\/\/laseris.ch\/shop\/wp-json\/wp\/v2\/comments?post=18560"}],"wp:featuredmedia":[{"embeddable":true,"href":"https:\/\/laseris.ch\/shop\/wp-json\/wp\/v2\/media\/18561"}],"wp:attachment":[{"href":"https:\/\/laseris.ch\/shop\/wp-json\/wp\/v2\/media?parent=18560"}],"wp:term":[{"taxonomy":"product_brand","embeddable":true,"href":"https:\/\/laseris.ch\/shop\/wp-json\/wp\/v2\/product_brand?post=18560"},{"taxonomy":"product_cat","embeddable":true,"href":"https:\/\/laseris.ch\/shop\/wp-json\/wp\/v2\/product_cat?post=18560"},{"taxonomy":"product_tag","embeddable":true,"href":"https:\/\/laseris.ch\/shop\/wp-json\/wp\/v2\/product_tag?post=18560"}],"curies":[{"name":"wp","href":"https:\/\/api.w.org\/{rel}","templated":true}]}}