{"id":18500,"date":"2022-02-04T17:30:26","date_gmt":"2022-02-04T16:30:26","guid":{"rendered":"https:\/\/laseris.ch\/shop\/?post_type=product&#038;p=18500"},"modified":"2022-05-18T10:34:46","modified_gmt":"2022-05-18T08:34:46","slug":"laser-titan-ovale-du-visage","status":"publish","type":"product","link":"https:\/\/laseris.ch\/shop\/product\/laser-titan-ovale-du-visage\/","title":{"rendered":"Laser Titan ovale du visage"},"content":{"rendered":"<p>Le Laser Titan Cutera est un\u00a0dispositif anti-vieillissement qui int\u00e8gre une source lumineuse pour cr\u00e9er un profil thermique dans le derme afin de raffermir la peau et de stimuler la production de collag\u00e8ne.<\/p>\n<p>Cette technique s\u2019utilise plus fr\u00e9quemment sur le visage, la zone sous le menton, le cou et l\u2019abdomen. Quasi indolore, vous pouvez ressentir une l\u00e9g\u00e8re sensation de chaleur suivi d&#8217;un refroidissement pour un confort optimal.<\/p>\n<p>Titan peut servir \u00e0 traiter tous les types de peau, y compris les peaux bronz\u00e9es.<\/p>\n<p>&nbsp;<\/p>\n<p>&nbsp;<\/p>\n<p><span style=\"color: #808080;\"><em>En cas de s\u00e9ances multiples, la totalit\u00e9 doit avoir \u00e9t\u00e9 pay\u00e9e au moment de la commande.<strong> La commande doit \u00eatre pass\u00e9e d\u2019ici au 18 f\u00e9vrier \u00e0 minuit<\/strong> et le traitement doit avoir \u00e9t\u00e9 effectu\u00e9 d\u2019ici au 30 juin 2022. Si non effectu\u00e9 dans ce d\u00e9lai, le montant est consid\u00e9r\u00e9 comme un Bon qui peut \u00eatre utilis\u00e9 sur toutes prestations ou achats de produits SkinCeuticals au prix du jour jusqu\u2019au 31.12.2022.<\/em><\/span><\/p>\n","protected":false},"excerpt":{"rendered":"<p>Le Laser Titan de la marque Cutera est un soin id\u00e9al pour le rajeunissement et le raffermissement cutan\u00e9.<\/p>\n","protected":false},"featured_media":18501,"comment_status":"open","ping_status":"closed","template":"","meta":[],"product_brand":[],"product_cat":[671],"product_tag":[680],"class_list":{"0":"post-18500","1":"product","2":"type-product","3":"status-publish","4":"has-post-thumbnail","6":"product_cat-traitements","7":"product_tag-traitements","8":"description-off","10":"first","11":"instock","12":"shipping-taxable","13":"purchasable","14":"product-type-simple"},"_links":{"self":[{"href":"https:\/\/laseris.ch\/shop\/wp-json\/wp\/v2\/product\/18500","targetHints":{"allow":["GET"]}}],"collection":[{"href":"https:\/\/laseris.ch\/shop\/wp-json\/wp\/v2\/product"}],"about":[{"href":"https:\/\/laseris.ch\/shop\/wp-json\/wp\/v2\/types\/product"}],"replies":[{"embeddable":true,"href":"https:\/\/laseris.ch\/shop\/wp-json\/wp\/v2\/comments?post=18500"}],"wp:featuredmedia":[{"embeddable":true,"href":"https:\/\/laseris.ch\/shop\/wp-json\/wp\/v2\/media\/18501"}],"wp:attachment":[{"href":"https:\/\/laseris.ch\/shop\/wp-json\/wp\/v2\/media?parent=18500"}],"wp:term":[{"taxonomy":"product_brand","embeddable":true,"href":"https:\/\/laseris.ch\/shop\/wp-json\/wp\/v2\/product_brand?post=18500"},{"taxonomy":"product_cat","embeddable":true,"href":"https:\/\/laseris.ch\/shop\/wp-json\/wp\/v2\/product_cat?post=18500"},{"taxonomy":"product_tag","embeddable":true,"href":"https:\/\/laseris.ch\/shop\/wp-json\/wp\/v2\/product_tag?post=18500"}],"curies":[{"name":"wp","href":"https:\/\/api.w.org\/{rel}","templated":true}]}}