{"id":18307,"date":"2021-11-03T19:12:29","date_gmt":"2021-11-03T18:12:29","guid":{"rendered":"https:\/\/laseris.ch\/shop\/?post_type=product&#038;p=18307"},"modified":"2025-11-13T16:40:49","modified_gmt":"2025-11-13T15:40:49","slug":"advanced-scar-control","status":"publish","type":"product","link":"https:\/\/laseris.ch\/shop\/product\/advanced-scar-control\/","title":{"rendered":"Advanced Scar Control 50 ml SkinCeuticals"},"content":{"rendered":"<p><strong>Advanced Scar Control<\/strong> combine\u00a0une forte concentration de silicones avec\u00a0des ingr\u00e9dients apaisants, tout en offrant\u00a0une protection occlusive pour une cicatrisation\u00a0optimale et contr\u00f4l\u00e9e. Il\u00a0aide \u00e0 am\u00e9liorer l\u2019apparence des cicatrices,\u00a0\u00e0 les assouplir,\u00a0\u00e0 lisser les irr\u00e9gularit\u00e9s et \u00e0 r\u00e9duire les rougeurs.\u00a0Gr\u00e2ce \u00e0 cette formule et texture, ce soin cicatrisant am\u00e9liore l&#8217;apparence des cicatrices jusqu&#8217;\u00e0 29%. Convient \u00e0 tous les types de peau.<\/p>\n<ul>\n<li>Cliniquement prouv\u00e9: am\u00e9liore la texture et la d\u00e9coloration des cicatrices nouvelles et existantes<\/li>\n<li>Texture invisible et non-collante<\/li>\n<li>Convient \u00e0 diff\u00e9rents types de peaux et cicatrices<\/li>\n<li>Soutient l&#8217;initiative Pioneering Women in Reconstructive Surgery (PWRS) de ReSurge International, qui vise \u00e0 promouvoir la premi\u00e8re g\u00e9n\u00e9ration de femmes chirurgiens sp\u00e9cialis\u00e9es en chirurgie reconstructive, dans les r\u00e9gions d\u00e9favorables du monde*<\/li>\n<\/ul>\n<p>CONSEILS D&#8217;UTILISATION :<\/p>\n<p>Appliquez une petite quantit\u00e9 de fa\u00e7on homog\u00e8ne sur la zone affect\u00e9e minimum une fois par jour. Pour un usage externe uniquement, ne pas appliquer sur une peau l\u00e9s\u00e9e. Compl\u00e9tez votre routine avec une protection solaire SkinCeuticals pour prot\u00e9ger la peau des rayons UV, qui peuvent avoir un impact n\u00e9gatif sur l\u2019aspect d&#8217;une cicatrice.<\/p>\n","protected":false},"excerpt":{"rendered":"<p>Gel de silicone hautement concentr\u00e9 pour am\u00e9liorer l&#8217;apparence des cicatrices nouvelles et existantes.<\/p>\n<ul>\n<li>Am\u00e9liore l\u2019apparence des cicatrices<\/li>\n<li>R\u00e9duit visiblement les rougeurs<\/li>\n<li>Lisse et rend les cicatrices plus souples<\/li>\n<li>Diminue la d\u00e9coloration de la peau<\/li>\n<\/ul>\n","protected":false},"featured_media":18308,"comment_status":"open","ping_status":"closed","template":"","meta":[],"product_brand":[],"product_cat":[682,535,515,512,511],"product_tag":[],"class_list":{"0":"post-18307","1":"product","2":"type-product","3":"status-publish","4":"has-post-thumbnail","6":"product_cat-skinceuticals","7":"product_cat-imperfections","8":"product_cat-gel","9":"product_cat-tout-type-de-peau","10":"product_cat-visage","11":"description-off","13":"first","14":"outofstock","15":"shipping-taxable","16":"purchasable","17":"product-type-simple"},"_links":{"self":[{"href":"https:\/\/laseris.ch\/shop\/wp-json\/wp\/v2\/product\/18307","targetHints":{"allow":["GET"]}}],"collection":[{"href":"https:\/\/laseris.ch\/shop\/wp-json\/wp\/v2\/product"}],"about":[{"href":"https:\/\/laseris.ch\/shop\/wp-json\/wp\/v2\/types\/product"}],"replies":[{"embeddable":true,"href":"https:\/\/laseris.ch\/shop\/wp-json\/wp\/v2\/comments?post=18307"}],"wp:featuredmedia":[{"embeddable":true,"href":"https:\/\/laseris.ch\/shop\/wp-json\/wp\/v2\/media\/18308"}],"wp:attachment":[{"href":"https:\/\/laseris.ch\/shop\/wp-json\/wp\/v2\/media?parent=18307"}],"wp:term":[{"taxonomy":"product_brand","embeddable":true,"href":"https:\/\/laseris.ch\/shop\/wp-json\/wp\/v2\/product_brand?post=18307"},{"taxonomy":"product_cat","embeddable":true,"href":"https:\/\/laseris.ch\/shop\/wp-json\/wp\/v2\/product_cat?post=18307"},{"taxonomy":"product_tag","embeddable":true,"href":"https:\/\/laseris.ch\/shop\/wp-json\/wp\/v2\/product_tag?post=18307"}],"curies":[{"name":"wp","href":"https:\/\/api.w.org\/{rel}","templated":true}]}}