{"id":18187,"date":"2021-06-21T10:38:24","date_gmt":"2021-06-21T08:38:24","guid":{"rendered":"https:\/\/laseris.ch\/shop\/?post_type=product&#038;p=18187"},"modified":"2026-03-27T10:31:05","modified_gmt":"2026-03-27T09:31:05","slug":"phyto-corrective-essence-mist","status":"publish","type":"product","link":"https:\/\/laseris.ch\/shop\/product\/phyto-corrective-essence-mist\/","title":{"rendered":"Phyto Corrective Essence Mist 50 ml SkinCeuticals"},"content":{"rendered":"<p>Phyto Corrective Essence Mist est une brume hydratante et apaisante pour le visage. Elle r\u00e9duit les rougeurs et les irritations et renforce la barri\u00e8re cutan\u00e9e.<\/p>\n<p>Sa formule contient un complexe d&#8217;extraits de plantes apaisant avec des feuilles de boldo et olivier, du concombre, du thym et du romarin. Gr\u00e2ce \u00e0 sa combinaison de 6.2% d&#8217;acide hyaluronique et de la glyc\u00e9rine cette formule offre une hydratation intense \u00e0 votre peau.<\/p>\n<p>Les bienfaits du Phyto Corrective Essence Mist :<\/p>\n<ul>\n<li>Apaise et r\u00e9duit imm\u00e9diatement les rougeurs jusqu&#8217;\u00e0 31%<\/li>\n<li>Hydrate imm\u00e9diatement : hydratation de la peau jusqu&#8217;\u00e0 +69%<\/li>\n<li>Hydrate toute la journ\u00e9e : hydratation apr\u00e8s 8 heures jusqu&#8217;\u00e0 +35%<\/li>\n<li>Aide \u00e0 att\u00e9nuer les irritations et rougeurs visible apr\u00e8s un proc\u00e9dure en cabine<\/li>\n<li>Application hygi\u00e9nique &#8220;touchless&#8221; sans devoir toucher la peau<\/li>\n<li>Sans alcool et silicone<\/li>\n<\/ul>\n<p>&nbsp;<\/p>\n<p><strong>CONSEILS D&#8217;UTILISATION :\u00a0<\/strong><\/p>\n<p>Fermez les yeux et la bouche avant l&#8217;application. Appuyez sur le flacon pompe et appliquez\u00a0le spray \u00e0 une distance de 15cm de votre peau. R\u00e9appliquez selon besoin tout\u00a0au long de la journ\u00e9e, m\u00eame par dessus le maquillage.<\/p>\n","protected":false},"excerpt":{"rendered":"<p>Le Phyto Corrective Essence Mist est un spray apaisant et hydratant aux extraits de plantes. Il renforce la barri\u00e8re cutan\u00e9e et r\u00e9duit visiblement les rougeurs et irritations. Il offre une application &#8220;touchless&#8221; sans besoin d&#8217;\u00e9taler le produit et sans devoir toucher la peau irrit\u00e9e.<\/p>\n","protected":false},"featured_media":18188,"comment_status":"open","ping_status":"closed","template":"","meta":[],"product_brand":[],"product_cat":[675,538,682,511],"product_tag":[],"class_list":{"0":"post-18187","1":"product","2":"type-product","3":"status-publish","4":"has-post-thumbnail","6":"product_cat-nouveautes","7":"product_cat-peau-sujette-aux-rougeurs","8":"product_cat-skinceuticals","9":"product_cat-visage","10":"description-off","12":"first","13":"instock","14":"shipping-taxable","15":"purchasable","16":"product-type-simple"},"_links":{"self":[{"href":"https:\/\/laseris.ch\/shop\/wp-json\/wp\/v2\/product\/18187","targetHints":{"allow":["GET"]}}],"collection":[{"href":"https:\/\/laseris.ch\/shop\/wp-json\/wp\/v2\/product"}],"about":[{"href":"https:\/\/laseris.ch\/shop\/wp-json\/wp\/v2\/types\/product"}],"replies":[{"embeddable":true,"href":"https:\/\/laseris.ch\/shop\/wp-json\/wp\/v2\/comments?post=18187"}],"wp:featuredmedia":[{"embeddable":true,"href":"https:\/\/laseris.ch\/shop\/wp-json\/wp\/v2\/media\/18188"}],"wp:attachment":[{"href":"https:\/\/laseris.ch\/shop\/wp-json\/wp\/v2\/media?parent=18187"}],"wp:term":[{"taxonomy":"product_brand","embeddable":true,"href":"https:\/\/laseris.ch\/shop\/wp-json\/wp\/v2\/product_brand?post=18187"},{"taxonomy":"product_cat","embeddable":true,"href":"https:\/\/laseris.ch\/shop\/wp-json\/wp\/v2\/product_cat?post=18187"},{"taxonomy":"product_tag","embeddable":true,"href":"https:\/\/laseris.ch\/shop\/wp-json\/wp\/v2\/product_tag?post=18187"}],"curies":[{"name":"wp","href":"https:\/\/api.w.org\/{rel}","templated":true}]}}