{"id":18109,"date":"2021-04-26T12:29:36","date_gmt":"2021-04-26T10:29:36","guid":{"rendered":"https:\/\/laseris.ch\/shop\/?post_type=product&#038;p=18109"},"modified":"2025-11-25T08:21:00","modified_gmt":"2025-11-25T07:21:00","slug":"oil-shield-uv-defense-spf-50-30-ml","status":"publish","type":"product","link":"https:\/\/laseris.ch\/shop\/product\/oil-shield-uv-defense-spf-50-30-ml\/","title":{"rendered":"Oil Shield UV Defense SPF50 30 ml SkinCeuticals"},"content":{"rendered":"<p>Saviez-vous qu&#8217;une exposition r\u00e9guli\u00e8re aux UVA et UVB entra\u00eene un ralentissement du renouvellement cellulaire et une baisse de production de collag\u00e8ne et d&#8217;\u00e9lastine ? Tout cela favorise l&#8217;acc\u00e9l\u00e9ration du vieillissement cutan\u00e9 et l&#8217;apparition de rides, ridules, taches et perte de fermet\u00e9.<\/p>\n<p>Votre peau est soumise quotidiennement aux rayons UV et cela tout au long de l&#8217;ann\u00e9e. Il est essentiel de prot\u00e9ger la peau des rayons UV , \u00e9t\u00e9 comme hiver, pour cela appliquer une protection solaire quotidiennement afin de pr\u00e9server la sant\u00e9 de votre peau.<\/p>\n<p>&nbsp;<\/p>\n<p>L&#8217;Oil Shield Defense SPF 50 est une cr\u00e8me de photoprotection matifiante. Elle d\u00e9livre une haute protection \u00e0 large spectre contre les UVB et UVA.<\/p>\n<p>Le complexe filtrant UV Defense combine un filtre min\u00e9ral \u00e0 des filtres organiques qui permettent de stabiliser la formule et de garantir une protection optimale quotidienne face aux rayons UV. A ce complexe s&#8217;ajoute de la Silice Silicate qui permet de r\u00e9duire les exc\u00e8s de s\u00e9bum et de contr\u00f4ler la brillance pour un fini matifiant et un effet flouteur.<\/p>\n<p>&nbsp;<\/p>\n<p><strong>CONSEILS D&#8217;UTILISATION :\u00a0<\/strong><\/p>\n<p>Le matin, appliquer la photoprotection sur le visage, le cou et le d\u00e9collet\u00e9 avant de se maquiller et juste avant l&#8217;exposition. Renouveler g\u00e9n\u00e9reusement et fr\u00e9quemment l\u2019application, surtout apr\u00e8s avoir nag\u00e9, transpir\u00e9 ou vous \u00eatre essuy\u00e9.<\/p>\n<p>L&#8217;abus de soleil est dangereux. Un produit solaire ne prot\u00e8ge jamais totalement. Ne pas exposer les b\u00e9b\u00e9s et jeunes enfants. En cas de contact avec les yeux, les rincer imm\u00e9diatement et abondamment.<\/p>\n","protected":false},"excerpt":{"rendered":"<p>Formul\u00e9e avec une texture cr\u00e8me ultra-l\u00e9g\u00e8re \u00e0 haute absorption cutan\u00e9e, cette cr\u00e8me solaire visage matifiante offre une sensation de fraicheur et de confort imm\u00e9diat tout en d\u00e9livrant une protection homog\u00e8ne sans r\u00e9sidu au fini toucher-sec. Id\u00e9al pour les peaux mixtes \u00e0 grasses, Oil Shield UV Defense SPF 50 convient \u00e0 tous les types de peaux, m\u00eames sensibles<\/p>\n","protected":false},"featured_media":18110,"comment_status":"open","ping_status":"closed","template":"","meta":[],"product_brand":[],"product_cat":[682,15,532,512,511],"product_tag":[],"class_list":{"0":"post-18109","1":"product","2":"type-product","3":"status-publish","4":"has-post-thumbnail","6":"product_cat-skinceuticals","7":"product_cat-uncategorized","8":"product_cat-protection-solaire","9":"product_cat-tout-type-de-peau","10":"product_cat-visage","11":"description-off","13":"first","14":"instock","15":"shipping-taxable","16":"purchasable","17":"product-type-simple"},"_links":{"self":[{"href":"https:\/\/laseris.ch\/shop\/wp-json\/wp\/v2\/product\/18109","targetHints":{"allow":["GET"]}}],"collection":[{"href":"https:\/\/laseris.ch\/shop\/wp-json\/wp\/v2\/product"}],"about":[{"href":"https:\/\/laseris.ch\/shop\/wp-json\/wp\/v2\/types\/product"}],"replies":[{"embeddable":true,"href":"https:\/\/laseris.ch\/shop\/wp-json\/wp\/v2\/comments?post=18109"}],"wp:featuredmedia":[{"embeddable":true,"href":"https:\/\/laseris.ch\/shop\/wp-json\/wp\/v2\/media\/18110"}],"wp:attachment":[{"href":"https:\/\/laseris.ch\/shop\/wp-json\/wp\/v2\/media?parent=18109"}],"wp:term":[{"taxonomy":"product_brand","embeddable":true,"href":"https:\/\/laseris.ch\/shop\/wp-json\/wp\/v2\/product_brand?post=18109"},{"taxonomy":"product_cat","embeddable":true,"href":"https:\/\/laseris.ch\/shop\/wp-json\/wp\/v2\/product_cat?post=18109"},{"taxonomy":"product_tag","embeddable":true,"href":"https:\/\/laseris.ch\/shop\/wp-json\/wp\/v2\/product_tag?post=18109"}],"curies":[{"name":"wp","href":"https:\/\/api.w.org\/{rel}","templated":true}]}}