{"id":18075,"date":"2021-04-12T12:41:14","date_gmt":"2021-04-12T10:41:14","guid":{"rendered":"https:\/\/laseris.ch\/shop\/?post_type=product&#038;p=18075"},"modified":"2026-04-01T15:24:52","modified_gmt":"2026-04-01T13:24:52","slug":"silymarin-cf-30-ml","status":"publish","type":"product","link":"https:\/\/laseris.ch\/shop\/product\/silymarin-cf-30-ml\/","title":{"rendered":"Silymarin CF 30 ml SkinCeuticals"},"content":{"rendered":"<p>Silymarin CF est un s\u00e9rum antioxydant qui a une double-action anti-rides et anti-imperfections. Associant 15% de vitamince C pure, 0,5% d&#8217;acide f\u00e9rulique, 0,5% de silymarine et 0,5% d&#8217;acide salicylique.<\/p>\n<p>Les peaux mixtes \u00e0 grasses produisent une grande quantit\u00e9 de s\u00e9bum, l&#8217;application d&#8217;un antioxydant tonique permet donc de pr\u00e9venir\u00a0 \u00e0 fois le vieillissement pr\u00e9matur\u00e9 et l&#8217;apparition des imperfections.<\/p>\n<p>Tout en am\u00e9liorant les signes visibles de l\u2019\u00e2ge tels que les ridules, Silymarin CF permet d\u2019affiner le grain de peau, de r\u00e9duire la brillance et l\u2019apparence des pores dilat\u00e9s. Formul\u00e9 avec une texture fluide qui p\u00e9n\u00e8tre rapidement dans la peau sans laisser de film gras, ce s\u00e9rum antioxydant convient \u00e0 tous les types de peaux et en particulier aux peaux grasses ou \u00e0 imperfections.<\/p>\n<p>&nbsp;<\/p>\n<p><strong>CONSEILS D&#8217;UTILISATION :<\/strong><\/p>\n<p>Le matin, sur peau propre, d\u00e9poser 4 \u00e0 5 gouttes dans la paume de la main. Appliquer du bout des doigts sur l\u2019ensemble du visage, du cou et du d\u00e9collet\u00e9.<\/p>\n<p>Les soins \u00e0 la vitamine C noircissent naturellement apr\u00e8s ouverture \u00e0 cause de l\u2019exposition \u00e0 l\u2019air et \u00e0 la lumi\u00e8re. Les changements de couleur n\u2019affectent en rien l\u2019efficacit\u00e9 du produit.<\/p>\n","protected":false},"excerpt":{"rendered":"<p>Silymarin CF est un s\u00e9rum antioxydant \u00e0 la vitamine C pure qui poss\u00e8de une double-action anti-\u00e2ge et anti-imperfections.\u00a0 Il lisse les rides et ridules, affine le grain de peau, r\u00e9duit la brillance et l\u2019apparence des pores dilat\u00e9s, et pr\u00e9vient la formation d\u2019imperfections cutan\u00e9es. Ce s\u00e9rum convient principalement aux peaux grasses ou \u00e0 imperfections.<\/p>\n","protected":false},"featured_media":18078,"comment_status":"open","ping_status":"closed","template":"","meta":[],"product_brand":[],"product_cat":[560,682,535,496,506,497,511],"product_tag":[670],"class_list":{"0":"post-18075","1":"product","2":"type-product","3":"status-publish","4":"has-post-thumbnail","6":"product_cat-promotion","7":"product_cat-skinceuticals","8":"product_cat-imperfections","9":"product_cat-antioxydant","10":"product_cat-peau-grasse","11":"product_cat-serum","12":"product_cat-visage","13":"product_tag-shopping","14":"description-off","16":"first","17":"instock","18":"sale","19":"shipping-taxable","20":"purchasable","21":"product-type-simple"},"_links":{"self":[{"href":"https:\/\/laseris.ch\/shop\/wp-json\/wp\/v2\/product\/18075","targetHints":{"allow":["GET"]}}],"collection":[{"href":"https:\/\/laseris.ch\/shop\/wp-json\/wp\/v2\/product"}],"about":[{"href":"https:\/\/laseris.ch\/shop\/wp-json\/wp\/v2\/types\/product"}],"replies":[{"embeddable":true,"href":"https:\/\/laseris.ch\/shop\/wp-json\/wp\/v2\/comments?post=18075"}],"wp:featuredmedia":[{"embeddable":true,"href":"https:\/\/laseris.ch\/shop\/wp-json\/wp\/v2\/media\/18078"}],"wp:attachment":[{"href":"https:\/\/laseris.ch\/shop\/wp-json\/wp\/v2\/media?parent=18075"}],"wp:term":[{"taxonomy":"product_brand","embeddable":true,"href":"https:\/\/laseris.ch\/shop\/wp-json\/wp\/v2\/product_brand?post=18075"},{"taxonomy":"product_cat","embeddable":true,"href":"https:\/\/laseris.ch\/shop\/wp-json\/wp\/v2\/product_cat?post=18075"},{"taxonomy":"product_tag","embeddable":true,"href":"https:\/\/laseris.ch\/shop\/wp-json\/wp\/v2\/product_tag?post=18075"}],"curies":[{"name":"wp","href":"https:\/\/api.w.org\/{rel}","templated":true}]}}