{"id":17291,"date":"2020-09-03T09:15:35","date_gmt":"2020-09-03T07:15:35","guid":{"rendered":"https:\/\/laseris.ch\/shop\/?post_type=product&#038;p=17291"},"modified":"2026-03-27T10:33:13","modified_gmt":"2026-03-27T09:33:13","slug":"tripeptide-neck-repair","status":"publish","type":"product","link":"https:\/\/laseris.ch\/shop\/product\/tripeptide-neck-repair\/","title":{"rendered":"Tripeptide Neck-Repair 50 ml SkinCeuticals"},"content":{"rendered":"<div class=\"pdp_rating\">\n<div class=\"lora_ratings_reviews\">\n<p>Avec son trio d\u2019actifs haute efficacit\u00e9 qui combine 0,2% de r\u00e9tinol pur encapsul\u00e9 \u00e0 lib\u00e9ration lente et prolong\u00e9e, renforc\u00e9 par un concentr\u00e9 de tripeptides dos\u00e9 \u00e0 2,5% et un complexe de glaucine dos\u00e9 \u00e0 5%,\u00a0<strong>l<\/strong>a cr\u00e8me raffermissante Tripeptide-R Neck Repair est con\u00e7ue pour traiter sp\u00e9cifiquement la zone sensible du cou et du d\u00e9collet\u00e9.Formul\u00e9 avec une texture hydratante ultra-l\u00e9g\u00e8re, ce soin anti-\u00e2ge procure un effet tenseur imm\u00e9diat et corrige visiblement les signes pr\u00e9coces et\/ou avanc\u00e9s du vieillissement de la peau du cou et du d\u00e9collet\u00e9. Cette technologie correctrice, dont les r\u00e9sultats ont \u00e9t\u00e9 cliniquement prouv\u00e9s, r\u00e9duit l\u2019apparition de multiples signes visibles de l\u2019\u00e2ge dont les rides horizontales, la perte de fermet\u00e9, l\u2019aspect froiss\u00e9 de la peau ou encore le double-menton. Formul\u00e9 sans alcool et sans parfum et parfaitement adapt\u00e9 \u00e0 un usage quotidien, Tripeptide-R Neck Repair est id\u00e9al en compl\u00e9ment des traitements professionnels de remodelage du cou, tels que la cryolipolyse sous le menton et des traitements de raffermissement de la peau.<\/p>\n<div class=\"accordion-content\">\n<p>Il a \u00e9t\u00e9 cliniquement prouv\u00e9 que Tripeptide-R Neck Repair am\u00e9liore visiblement les signes du vieillissement de la peau du cou : il r\u00e9duit l\u2019apparence des rides horizontales (-16%), raffermit la peau (+16%) et diminue visiblement l\u2019aspect frip\u00e9 de la peau (- 27%).<\/p>\n<\/div>\n<div class=\"pdp-product-howtouse\">\n<p class=\"asset_title_pdp accordion-title js_dropdown_control\" data-single-toggle=\"true\" data-dropdown-selector=\".pdp-product-howtouse .accordion-content\"><strong>CONSEILS D&#8217;UTILISATION :\u00a0<\/strong><\/p>\n<div class=\"accordion-content\">\n<p>Un soir sur deux, appliquer 1 \u00e0 2 pressions en effectuant des massages dans un mouvement ascendant du d\u00e9collet\u00e9 jusqu&#8217;au menton. Apr\u00e8s 1 semaine, utiliser tous les soirs puis passer \u00e0 2 utilisations quotidiennes en fonction de la tol\u00e9rance de votre peau ou des conseils d\u2019un professionnel.<\/p>\n<p>Le r\u00e9tinol peut augmenter la photosensibilit\u00e9 de votre peau. Lorsque vous utilisez ce produit, appliquez toujours une protection solaire\u00a0\u00e0 large spectre et de haute protection le matin. Ne l\u2019utilisez pas en association avec d\u2019autres produits contenant du r\u00e9tinol.<\/p>\n<\/div>\n<\/div>\n<\/div>\n<\/div>\n","protected":false},"excerpt":{"rendered":"<p class=\"product_name\"><strong>Cr\u00e8me anti-rides raffermissante au r\u00e9tinol pour le cou et le d\u00e9collet\u00e9.\u00a0<\/strong><\/p>\n<p>Tripeptide-R Neck Repair est un soin correcteur anti-\u00e2ge triple action qui cible efficacement les signes visibles pr\u00e9coces et avanc\u00e9s du vieillissement de la peau du cou et du d\u00e9collet\u00e9. Il lisse les rides horizontales du cou, corrige le rel\u00e2chement cutan\u00e9 et la perte de fermet\u00e9, redessine les contours du cou et r\u00e9duit le double-menton.<\/p>\n","protected":false},"featured_media":17292,"comment_status":"open","ping_status":"closed","template":"","meta":[],"product_brand":[],"product_cat":[537,560,682,534,536,524,498,527,506,507,505,504,511],"product_tag":[],"class_list":{"0":"post-17291","1":"product","2":"type-product","3":"status-publish","4":"has-post-thumbnail","6":"product_cat-deshydratee","7":"product_cat-promotion","8":"product_cat-skinceuticals","9":"product_cat-vieillissement","10":"product_cat-hyperpigmentation","11":"product_cat-cou","12":"product_cat-creme-jour","13":"product_cat-decollete","14":"product_cat-peau-grasse","15":"product_cat-peau-mixte","16":"product_cat-peau-normale","17":"product_cat-peau-seche","18":"product_cat-visage","19":"description-off","21":"first","22":"instock","23":"sale","24":"shipping-taxable","25":"purchasable","26":"product-type-simple"},"_links":{"self":[{"href":"https:\/\/laseris.ch\/shop\/wp-json\/wp\/v2\/product\/17291","targetHints":{"allow":["GET"]}}],"collection":[{"href":"https:\/\/laseris.ch\/shop\/wp-json\/wp\/v2\/product"}],"about":[{"href":"https:\/\/laseris.ch\/shop\/wp-json\/wp\/v2\/types\/product"}],"replies":[{"embeddable":true,"href":"https:\/\/laseris.ch\/shop\/wp-json\/wp\/v2\/comments?post=17291"}],"wp:featuredmedia":[{"embeddable":true,"href":"https:\/\/laseris.ch\/shop\/wp-json\/wp\/v2\/media\/17292"}],"wp:attachment":[{"href":"https:\/\/laseris.ch\/shop\/wp-json\/wp\/v2\/media?parent=17291"}],"wp:term":[{"taxonomy":"product_brand","embeddable":true,"href":"https:\/\/laseris.ch\/shop\/wp-json\/wp\/v2\/product_brand?post=17291"},{"taxonomy":"product_cat","embeddable":true,"href":"https:\/\/laseris.ch\/shop\/wp-json\/wp\/v2\/product_cat?post=17291"},{"taxonomy":"product_tag","embeddable":true,"href":"https:\/\/laseris.ch\/shop\/wp-json\/wp\/v2\/product_tag?post=17291"}],"curies":[{"name":"wp","href":"https:\/\/api.w.org\/{rel}","templated":true}]}}