{"id":17166,"date":"2020-06-23T09:37:26","date_gmt":"2020-06-23T07:37:26","guid":{"rendered":"https:\/\/laseris.ch\/shop\/?post_type=product&#038;p=17166"},"modified":"2026-04-02T13:19:55","modified_gmt":"2026-04-02T11:19:55","slug":"advanced-brightening-uv-defense-sunscreen-spf50","status":"publish","type":"product","link":"https:\/\/laseris.ch\/shop\/product\/advanced-brightening-uv-defense-sunscreen-spf50\/","title":{"rendered":"Advanced Brightening UV Defense Sunscreen SPF50 40 ml SkinCeuticals"},"content":{"rendered":"<p><strong>Advanced Brightening UV Defense SPF 50<\/strong> est une formule ultra-l\u00e9g\u00e8re qui offre un r\u00e9sultat d\u2019application sans r\u00e9sidus. Cette protection solaire combine un <strong>m\u00e9lange d&#8217;actifs exclusifs anti-taches<\/strong> (1% d\u2019acide tranexamique, 2% de niacinamide) avec un syst\u00e8me de filtration \u00e0 large spectre, afin de prot\u00e9ger la peau des expositions UV, et du mica qui illumine instantan\u00e9ment le teint. La peau est prot\u00e9g\u00e9e efficacement, le teint unifi\u00e9 et lumineux.<\/p>\n<ul>\n<li>Protection contre les UVA\/UVB \u00e0 large spectre<\/li>\n<li>Contribue \u00e0 pr\u00e9venir les taches pigmentaires caus\u00e9es par le soleil et le vieillissement pr\u00e9matur\u00e9<\/li>\n<li>Contribue \u00e0 r\u00e9duire l\u2019hyperpigmentation d\u00e9j\u00e0 existante<\/li>\n<\/ul>\n<p>Appliquer avant l\u2019exposition au soleil. Renouveler l\u2019application de mani\u00e8re fr\u00e9quente et g\u00e9n\u00e9reuse pour maintenir la protection, surtout apr\u00e8s la baignade, en cas de sudation ou apr\u00e8s avoir s\u00e9ch\u00e9 la peau. Se prot\u00e9ger du soleil : l\u2019exposition au soleil favorise les risques de cancer de la peau et de vieillissement cutan\u00e9 pr\u00e9matur\u00e9. Pour diminuer ces risques, il convient d\u2019utiliser r\u00e9guli\u00e8rement une protection solaire dot\u00e9e d\u2019une valeur SPF \u00e0 large spectre de 15 ou plus, ainsi que d\u2019adopter plusieurs r\u00e9flexes de protection tels que :<\/p>\n<p>&#8211; Limiter l\u2019exposition au soleil de 10 h \u00e0 14 h<br \/>\n&#8211; Porter des hauts \u00e0 manches longues, des pantalons, des chapeaux et des lunettes de soleil<br \/>\n&#8211; Pour les enfants de moins de six mois, consulter un m\u00e9decin avant utilisation<\/p>\n","protected":false},"excerpt":{"rendered":"<p>Advanced Brightening UV Defense SPF 50 est une formule ultra-l\u00e9g\u00e8re qui offre un r\u00e9sultat d\u2019application sans r\u00e9sidus. Cette protection solaire combine un m\u00e9lange d&#8217;actifs exclusifs anti-taches (1% d\u2019acide tranexamique, 2% de niacinamide) avec un syst\u00e8me de filtration \u00e0 large spectre, afin de prot\u00e9ger la peau des expositions UV, et du mica qui illumine instantan\u00e9ment le teint. La peau est prot\u00e9g\u00e9e efficacement, le teint unifi\u00e9 et lumineux.<\/p>\n<ul>\n<li>Protection contre les UVA\/UVB \u00e0 large spectre<\/li>\n<li>Contribue \u00e0 pr\u00e9venir les taches pigmentaires caus\u00e9es par le soleil et le vieillissement pr\u00e9matur\u00e9<\/li>\n<li>Contribue \u00e0 r\u00e9duire l\u2019hyperpigmentation d\u00e9j\u00e0 existante<\/li>\n<\/ul>\n","protected":false},"featured_media":17170,"comment_status":"open","ping_status":"closed","template":"","meta":[],"product_brand":[],"product_cat":[540,682,536,532,506,507,505,504,512],"product_tag":[],"class_list":{"0":"post-17166","1":"product","2":"type-product","3":"status-publish","4":"has-post-thumbnail","6":"product_cat-hypopigmentation","7":"product_cat-skinceuticals","8":"product_cat-hyperpigmentation","9":"product_cat-protection-solaire","10":"product_cat-peau-grasse","11":"product_cat-peau-mixte","12":"product_cat-peau-normale","13":"product_cat-peau-seche","14":"product_cat-tout-type-de-peau","15":"description-off","17":"first","18":"instock","19":"shipping-taxable","20":"purchasable","21":"product-type-simple"},"_links":{"self":[{"href":"https:\/\/laseris.ch\/shop\/wp-json\/wp\/v2\/product\/17166","targetHints":{"allow":["GET"]}}],"collection":[{"href":"https:\/\/laseris.ch\/shop\/wp-json\/wp\/v2\/product"}],"about":[{"href":"https:\/\/laseris.ch\/shop\/wp-json\/wp\/v2\/types\/product"}],"replies":[{"embeddable":true,"href":"https:\/\/laseris.ch\/shop\/wp-json\/wp\/v2\/comments?post=17166"}],"wp:featuredmedia":[{"embeddable":true,"href":"https:\/\/laseris.ch\/shop\/wp-json\/wp\/v2\/media\/17170"}],"wp:attachment":[{"href":"https:\/\/laseris.ch\/shop\/wp-json\/wp\/v2\/media?parent=17166"}],"wp:term":[{"taxonomy":"product_brand","embeddable":true,"href":"https:\/\/laseris.ch\/shop\/wp-json\/wp\/v2\/product_brand?post=17166"},{"taxonomy":"product_cat","embeddable":true,"href":"https:\/\/laseris.ch\/shop\/wp-json\/wp\/v2\/product_cat?post=17166"},{"taxonomy":"product_tag","embeddable":true,"href":"https:\/\/laseris.ch\/shop\/wp-json\/wp\/v2\/product_tag?post=17166"}],"curies":[{"name":"wp","href":"https:\/\/api.w.org\/{rel}","templated":true}]}}