{"id":16524,"date":"2020-02-25T10:40:04","date_gmt":"2020-02-25T09:40:04","guid":{"rendered":"https:\/\/laseris.ch\/shop\/?post_type=product&#038;p=16524"},"modified":"2025-11-13T16:42:51","modified_gmt":"2025-11-13T15:42:51","slug":"glycolic-renewal-cleanser","status":"publish","type":"product","link":"https:\/\/laseris.ch\/shop\/product\/glycolic-renewal-cleanser\/","title":{"rendered":"Glycolic Renewal Cleanser 150 ml SkinCeuticals"},"content":{"rendered":"<p class=\"product_name\">Glycolic Renewal Cleanser est un gel nettoyant moussant doux et hautement concentr\u00e9, aux propri\u00e9t\u00e9s exfoliantes.<\/p>\n<p class=\"product_name\">Formul\u00e9 avec 8% d&#8217;acide glycolique actif, associ\u00e9 \u00e0 1% d&#8217;acide phytique, 2% d\u2019extrait d&#8217;alo\u00e8s et de glyc\u00e9rine, ce nettoyant exfoliant aide \u00e0 obtenir un teint \u00e9clatant et clair. Il \u00e9limine les impuret\u00e9s, l&#8217;exc\u00e8s de s\u00e9bum et les traces de maquillage .<\/p>\n<p class=\"product_name\">Gr\u00e2ce \u00e0 sa formule douce, il maintient le taux d\u2019hydratation et le confort de la peau. Indice d\u2019acide glycolique libre de 8% pour stimuler le renouvellement cellulaire.<\/p>\n<p class=\"product_name\">Non-com\u00e9dog\u00e8ne et sans alcool.<\/p>\n<p class=\"product_name\">Compl\u00e9ment id\u00e9al des peelings chimiques ou autre traitement \u00e9claircissant, afin de pr\u00e9parer la peau au soin et de prolonger les r\u00e9sultats de ce dernier.<\/p>\n<p>&nbsp;<\/p>\n<p class=\"product_name\"><strong>CONSEILS D&#8217;UTILISATION:<\/strong><\/p>\n<p class=\"product_name\">Deux fois par jour, appliquer en massant d\u00e9licatement une petite quantit\u00e9 de ce nettoyant sur peau et cou humides par l\u00e9gers mouvements circulaires. Rincer abondamment \u00e0 l\u2019eau ti\u00e8de et tapoter avec une serviette pour essuyer. Le matin, appliquer le produit avant un s\u00e9rum vitamine C et une protection solaire visage SkinCeuticals. Le soir, l\u2019appliquer avant un soin correcteur ou un hydratant SkinCeuticals.<\/p>\n<div id=\"ConnectiveDocSignExtentionInstalled\" data-extension-version=\"1.0.4\"><\/div>\n","protected":false},"excerpt":{"rendered":"<p><span style=\"font-size: 16px;\">Gel nettoyant quotidien \u00e0 l&#8217;acide glycolique, aux propri\u00e9t\u00e9s exfoliantes. Contient une concentration de 8 % d&#8217;acide glycolique actif. Am\u00e9liore l&#8217;apparence du grain de peau et restaure l&#8217;\u00e9clat du teint. A utiliser sur les peaux s\u00e8ches, normales, grasses ou mixtes. Pour traiter les probl\u00e8mes de peau d\u00e9shydrat\u00e9e, \u00e0 imperfections ou les peaux matures.<\/span><\/p>\n<div class=\"fl-module fl-module-rich-text fl-node-5e68c5fe9d995\" data-node=\"5e68c5fe9d995\">\n<div class=\"fl-module-content fl-node-content\">\n<div class=\"fl-rich-text\">\n<p>&nbsp;<\/p>\n<p>&nbsp;<\/p>\n<\/div>\n<\/div>\n<\/div>\n<div data-extension-version=\"1.0.4\"><img loading=\"lazy\" decoding=\"async\" class=\"alignnone size-medium wp-image-16858\" src=\"https:\/\/laseris.ch\/shop\/wp-content\/uploads\/2020\/10\/skinceuticals-revendeur-suisse.png\" alt=\"\" width=\"300\" height=\"61\" \/><\/div>\n<div id=\"ConnectiveDocSignExtentionInstalled\" data-extension-version=\"1.0.4\"><\/div>\n","protected":false},"featured_media":17171,"comment_status":"open","ping_status":"closed","template":"","meta":[],"product_brand":[],"product_cat":[537,682,534,535,510,506,507,505,504,531],"product_tag":[551,553],"class_list":{"0":"post-16524","1":"product","2":"type-product","3":"status-publish","4":"has-post-thumbnail","6":"product_cat-deshydratee","7":"product_cat-skinceuticals","8":"product_cat-vieillissement","9":"product_cat-imperfections","10":"product_cat-nettoyant","11":"product_cat-peau-grasse","12":"product_cat-peau-mixte","13":"product_cat-peau-normale","14":"product_cat-peau-seche","15":"product_cat-peau-sensible","16":"product_tag-nettoyant-a-lacide-glycolique","17":"product_tag-skinceuticals-lausanne","18":"description-off","20":"first","21":"instock","22":"shipping-taxable","23":"purchasable","24":"product-type-simple"},"_links":{"self":[{"href":"https:\/\/laseris.ch\/shop\/wp-json\/wp\/v2\/product\/16524","targetHints":{"allow":["GET"]}}],"collection":[{"href":"https:\/\/laseris.ch\/shop\/wp-json\/wp\/v2\/product"}],"about":[{"href":"https:\/\/laseris.ch\/shop\/wp-json\/wp\/v2\/types\/product"}],"replies":[{"embeddable":true,"href":"https:\/\/laseris.ch\/shop\/wp-json\/wp\/v2\/comments?post=16524"}],"wp:featuredmedia":[{"embeddable":true,"href":"https:\/\/laseris.ch\/shop\/wp-json\/wp\/v2\/media\/17171"}],"wp:attachment":[{"href":"https:\/\/laseris.ch\/shop\/wp-json\/wp\/v2\/media?parent=16524"}],"wp:term":[{"taxonomy":"product_brand","embeddable":true,"href":"https:\/\/laseris.ch\/shop\/wp-json\/wp\/v2\/product_brand?post=16524"},{"taxonomy":"product_cat","embeddable":true,"href":"https:\/\/laseris.ch\/shop\/wp-json\/wp\/v2\/product_cat?post=16524"},{"taxonomy":"product_tag","embeddable":true,"href":"https:\/\/laseris.ch\/shop\/wp-json\/wp\/v2\/product_tag?post=16524"}],"curies":[{"name":"wp","href":"https:\/\/api.w.org\/{rel}","templated":true}]}}