{"id":15890,"date":"2019-11-13T11:31:22","date_gmt":"2019-11-13T10:31:22","guid":{"rendered":"https:\/\/laseris.ch\/shop\/?post_type=product&#038;p=15890"},"modified":"2022-06-21T14:13:05","modified_gmt":"2022-06-21T12:13:05","slug":"bon-cadeau-de-1000-chf","status":"publish","type":"product","link":"https:\/\/laseris.ch\/shop\/product\/bon-cadeau-de-1000-chf\/","title":{"rendered":"Bon cadeau de 1000 CHF"},"content":{"rendered":"<p>&nbsp;<\/p>\n<div data-extension-version=\"1.0.4\"><\/div>\n<div data-extension-version=\"1.0.4\"><\/div>\n<div data-extension-version=\"1.0.4\"><\/div>\n<div data-extension-version=\"1.0.4\"><\/div>\n<div id=\"ConnectiveDocSignExtentionInstalled\" data-extension-version=\"1.0.4\">\n<div data-extension-version=\"1.0.4\"><em>Id\u00e9e cadeau pour No\u00ebl, pour les F\u00eates, pour un anniversaire, pour la F\u00eate des M\u00e8res ou la F\u00eate des P\u00e8res, pour la Saint Valentin ou \u00e0 tout autre moment de l&#8217;ann\u00e9e. Merci d&#8217;avoir pens\u00e9 \u00e0 nous pour faire plaisir \u00e0 vos proches.\u00a0<\/em><\/div>\n<div data-extension-version=\"1.0.4\"><\/div>\n<\/div>\n<div id=\"ConnectiveDocSignExtentionInstalled\" data-extension-version=\"1.0.4\"><\/div>\n<div id=\"ConnectiveDocSignExtentionInstalled\" data-extension-version=\"1.0.4\"><\/div>\n","protected":false},"excerpt":{"rendered":"<div data-extension-version=\"1.0.4\"><\/div>\n<div data-extension-version=\"1.0.4\">La personne \u00e0 qui vous offrez ce bon pourra le faire valoir pour le traitement de son choix, pour un seul ou plusieurs soins. Traitements laser du corps ou du visage, \u00e9pilation laser, peelings SkinCeuticals, microdermabrasion, hydrafacial, toilettes d&#8217;acn\u00e9, injections de botox ou acide hyaluronique, traitements minceur et silhouette avec le trusculpt ou la cryolipolyse, achat de produits cosm\u00e9tiques et cr\u00e8mes de soin.<\/div>\n<div data-extension-version=\"1.0.4\"><\/div>\n<div data-extension-version=\"1.0.4\">Les bons cadeaux sont valables 1 ann\u00e9e.<\/div>\n<div data-extension-version=\"1.0.4\"><\/div>\n<div data-extension-version=\"1.0.4\">Une fois le bon offert, la personne pourra simplement appeler au cabinet pour prendre son ou ses rendez-vous.<\/div>\n<div data-extension-version=\"1.0.4\"><\/div>\n<div data-extension-version=\"1.0.4\">\n<p><em><em>Id\u00e9e cadeau pour No\u00ebl, pour les F\u00eates, pour un anniversaire, pour la F\u00eate des M\u00e8res ou la F\u00eate des P\u00e8res, pour la Saint Valentin ou \u00e0 tout autre moment de l&#8217;ann\u00e9e. Merci d&#8217;avoir pens\u00e9 \u00e0 nous pour faire plaisir \u00e0 vos proches.<\/em><\/em><\/p>\n<div class=\"fl-module fl-module-rich-text fl-node-5e68c5fe9d995\" data-node=\"5e68c5fe9d995\">\n<div class=\"fl-module-content fl-node-content\">\n<div class=\"fl-rich-text\">\n<p>&nbsp;<\/p>\n<p>&nbsp;<\/p>\n<\/div>\n<\/div>\n<\/div>\n<div data-extension-version=\"1.0.4\"><img loading=\"lazy\" decoding=\"async\" class=\"alignnone size-medium wp-image-16858\" src=\"https:\/\/laseris.ch\/shop\/wp-content\/uploads\/2020\/10\/skinceuticals-revendeur-suisse.png\" alt=\"\" width=\"300\" height=\"61\" \/><\/div>\n<\/div>\n<div id=\"ConnectiveDocSignExtentionInstalled\" data-extension-version=\"1.0.4\"><\/div>\n","protected":false},"featured_media":18742,"comment_status":"open","ping_status":"closed","template":"","meta":[],"product_brand":[],"product_cat":[541],"product_tag":[543,544,545],"class_list":{"0":"post-15890","1":"product","2":"type-product","3":"status-publish","4":"has-post-thumbnail","6":"product_cat-bons-cadeaux","7":"product_tag-bon-cadeau","8":"product_tag-bons-cadeaux","9":"product_tag-pour-offrir","10":"description-off","12":"first","13":"instock","14":"shipping-taxable","15":"purchasable","16":"product-type-simple"},"_links":{"self":[{"href":"https:\/\/laseris.ch\/shop\/wp-json\/wp\/v2\/product\/15890","targetHints":{"allow":["GET"]}}],"collection":[{"href":"https:\/\/laseris.ch\/shop\/wp-json\/wp\/v2\/product"}],"about":[{"href":"https:\/\/laseris.ch\/shop\/wp-json\/wp\/v2\/types\/product"}],"replies":[{"embeddable":true,"href":"https:\/\/laseris.ch\/shop\/wp-json\/wp\/v2\/comments?post=15890"}],"wp:featuredmedia":[{"embeddable":true,"href":"https:\/\/laseris.ch\/shop\/wp-json\/wp\/v2\/media\/18742"}],"wp:attachment":[{"href":"https:\/\/laseris.ch\/shop\/wp-json\/wp\/v2\/media?parent=15890"}],"wp:term":[{"taxonomy":"product_brand","embeddable":true,"href":"https:\/\/laseris.ch\/shop\/wp-json\/wp\/v2\/product_brand?post=15890"},{"taxonomy":"product_cat","embeddable":true,"href":"https:\/\/laseris.ch\/shop\/wp-json\/wp\/v2\/product_cat?post=15890"},{"taxonomy":"product_tag","embeddable":true,"href":"https:\/\/laseris.ch\/shop\/wp-json\/wp\/v2\/product_tag?post=15890"}],"curies":[{"name":"wp","href":"https:\/\/api.w.org\/{rel}","templated":true}]}}