{"id":15888,"date":"2019-11-13T11:30:02","date_gmt":"2019-11-13T10:30:02","guid":{"rendered":"https:\/\/laseris.ch\/shop\/?post_type=product&#038;p=15888"},"modified":"2022-06-21T15:11:11","modified_gmt":"2022-06-21T13:11:11","slug":"bon-cadeau-de-300-chf","status":"publish","type":"product","link":"https:\/\/laseris.ch\/shop\/product\/bon-cadeau-de-300-chf\/","title":{"rendered":"Bon cadeau de 300 CHF"},"content":{"rendered":"<p>&nbsp;<\/p>\n<div id=\"ConnectiveDocSignExtentionInstalled\" data-extension-version=\"1.0.4\">\n<div id=\"ConnectiveDocSignExtentionInstalled\" data-extension-version=\"1.0.4\"><strong>Offrez \u00e0 vos proches un bon cadeau, de la valeur de votre choix.\u00a0<\/strong><\/div>\n<div data-extension-version=\"1.0.4\"><\/div>\n<div data-extension-version=\"1.0.4\">La personne \u00e0 qui vous offrez ce bon pourra le faire valoir pour le traitement de son choix, pour un seul ou plusieurs soins. Traitements laser du corps ou du visage, \u00e9pilation laser, peelings SkinCeuticals, microdermabrasion, hydrafacial, toilettes d&#8217;acn\u00e9, injections de botox ou acide hyaluronique, traitements minceur et silhouette avec le trusculpt ou la cryolipolyse, achat de produits cosm\u00e9tiques et cr\u00e8mes de soin.<\/div>\n<\/div>\n<div data-extension-version=\"1.0.4\"><\/div>\n<div data-extension-version=\"1.0.4\"><\/div>\n<div id=\"ConnectiveDocSignExtentionInstalled\" data-extension-version=\"1.0.4\">\n<div data-extension-version=\"1.0.4\">Les bons cadeaux sont valables 1 ann\u00e9e.<\/div>\n<div data-extension-version=\"1.0.4\">Une fois le bon offert, la personne pourra simplement appeler au cabinet pour prendre son ou ses rendez-vous.<\/div>\n<\/div>\n<div data-extension-version=\"1.0.4\"><\/div>\n<div data-extension-version=\"1.0.4\"><\/div>\n<div id=\"ConnectiveDocSignExtentionInstalled\" data-extension-version=\"1.0.4\">\n<div data-extension-version=\"1.0.4\"><em>Id\u00e9e cadeau pour No\u00ebl, pour les F\u00eates, pour un anniversaire, pour la F\u00eate des M\u00e8res ou la F\u00eate des P\u00e8res, pour la Saint Valentin ou \u00e0 tout autre moment de l&#8217;ann\u00e9e. Merci d&#8217;avoir pens\u00e9 \u00e0 nous pour faire plaisir \u00e0 vos proches.\u00a0<\/em><\/div>\n<div data-extension-version=\"1.0.4\"><\/div>\n<\/div>\n<div id=\"ConnectiveDocSignExtentionInstalled\" data-extension-version=\"1.0.4\"><\/div>\n","protected":false},"excerpt":{"rendered":"<p>&nbsp;<\/p>\n<div id=\"ConnectiveDocSignExtentionInstalled\" data-extension-version=\"1.0.4\">\n<p>&nbsp;<\/p>\n<div id=\"ConnectiveDocSignExtentionInstalled\" data-extension-version=\"1.0.4\">\n<div id=\"ConnectiveDocSignExtentionInstalled\" data-extension-version=\"1.0.4\"><strong>Offrez \u00e0 vos proches un bon cadeau, de la valeur de votre choix.\u00a0<\/strong><\/div>\n<div data-extension-version=\"1.0.4\"><\/div>\n<div data-extension-version=\"1.0.4\">La personne \u00e0 qui vous offrez ce bon pourra le faire valoir pour le traitement de son choix, pour un seul ou plusieurs soins. Traitements laser du corps ou du visage, \u00e9pilation laser, peelings SkinCeuticals, microdermabrasion, hydrafacial, toilettes d&#8217;acn\u00e9, injections de botox ou acide hyaluronique, traitements minceur et silhouette avec le trusculpt ou la cryolipolyse, achat de produits cosm\u00e9tiques et cr\u00e8mes de soin.<\/div>\n<\/div>\n<div data-extension-version=\"1.0.4\"><\/div>\n<div data-extension-version=\"1.0.4\"><\/div>\n<div id=\"ConnectiveDocSignExtentionInstalled\" data-extension-version=\"1.0.4\">\n<div data-extension-version=\"1.0.4\">Les bons cadeaux sont valables 1 ann\u00e9e. Si vous souhaitez offrir un bon d&#8217;une autre valeur que celle indiqu\u00e9e sur notre site, n&#8217;h\u00e9sitez pas \u00e0 nous appeler. Tout est possible, vous pouvez personnaliser votre bon \u00e0 l&#8217;infini.\u00a0Une fois le bon offert, la personne pourra simplement appeler au cabinet pour prendre son ou ses rendez-vous au <a href=\"tel:+41216010900\">+41 21 601 09 00.<\/a><\/div>\n<\/div>\n<div data-extension-version=\"1.0.4\"><\/div>\n<div data-extension-version=\"1.0.4\"><\/div>\n<div id=\"ConnectiveDocSignExtentionInstalled\" data-extension-version=\"1.0.4\">\n<div data-extension-version=\"1.0.4\"><em>Id\u00e9e cadeau pour No\u00ebl, pour les F\u00eates, pour un anniversaire, pour la F\u00eate des M\u00e8res ou la F\u00eate des P\u00e8res, pour la Saint Valentin ou \u00e0 tout autre moment de l&#8217;ann\u00e9e. Merci d&#8217;avoir pens\u00e9 \u00e0 nous pour faire plaisir \u00e0 vos proches.\u00a0<\/em><\/div>\n<div data-extension-version=\"1.0.4\"><\/div>\n<\/div>\n<div id=\"ConnectiveDocSignExtentionInstalled\" data-extension-version=\"1.0.4\"><\/div>\n<\/div>\n","protected":false},"featured_media":18740,"comment_status":"open","ping_status":"closed","template":"","meta":[],"product_brand":[],"product_cat":[541],"product_tag":[543,544],"class_list":{"0":"post-15888","1":"product","2":"type-product","3":"status-publish","4":"has-post-thumbnail","6":"product_cat-bons-cadeaux","7":"product_tag-bon-cadeau","8":"product_tag-bons-cadeaux","9":"description-off","11":"first","12":"instock","13":"shipping-taxable","14":"purchasable","15":"product-type-simple"},"_links":{"self":[{"href":"https:\/\/laseris.ch\/shop\/wp-json\/wp\/v2\/product\/15888","targetHints":{"allow":["GET"]}}],"collection":[{"href":"https:\/\/laseris.ch\/shop\/wp-json\/wp\/v2\/product"}],"about":[{"href":"https:\/\/laseris.ch\/shop\/wp-json\/wp\/v2\/types\/product"}],"replies":[{"embeddable":true,"href":"https:\/\/laseris.ch\/shop\/wp-json\/wp\/v2\/comments?post=15888"}],"wp:featuredmedia":[{"embeddable":true,"href":"https:\/\/laseris.ch\/shop\/wp-json\/wp\/v2\/media\/18740"}],"wp:attachment":[{"href":"https:\/\/laseris.ch\/shop\/wp-json\/wp\/v2\/media?parent=15888"}],"wp:term":[{"taxonomy":"product_brand","embeddable":true,"href":"https:\/\/laseris.ch\/shop\/wp-json\/wp\/v2\/product_brand?post=15888"},{"taxonomy":"product_cat","embeddable":true,"href":"https:\/\/laseris.ch\/shop\/wp-json\/wp\/v2\/product_cat?post=15888"},{"taxonomy":"product_tag","embeddable":true,"href":"https:\/\/laseris.ch\/shop\/wp-json\/wp\/v2\/product_tag?post=15888"}],"curies":[{"name":"wp","href":"https:\/\/api.w.org\/{rel}","templated":true}]}}