{"id":15834,"date":"2019-09-02T15:37:35","date_gmt":"2019-09-02T13:37:35","guid":{"rendered":"https:\/\/laseris.ch\/shop\/?post_type=product&#038;p=15834"},"modified":"2026-03-27T10:32:49","modified_gmt":"2026-03-27T09:32:49","slug":"discoloration-defense-serum","status":"publish","type":"product","link":"https:\/\/laseris.ch\/shop\/product\/discoloration-defense-serum\/","title":{"rendered":"Discoloration Defense S\u00e9rum 30 ml SkinCeuticals"},"content":{"rendered":"<p>Discoloration Defense Serum est un s\u00e9rum derni\u00e8re g\u00e9n\u00e9ration anti-t\u00e2che, qui a prouv\u00e9 sa capacit\u00e9 \u00e0 r\u00e9duire l&#8217;apparence des taches pigmentaires et notamment des taches brunes, taches de vieillesse, lentigo. Un effet unifiant pour le teint.<\/p>\n<div id=\"ConnectiveDocSignExtentionInstalled\" data-extension-version=\"1.0.4\">\n<p>&nbsp;<\/p>\n<ul>\n<li>Ce s\u00e9rum renferme une synergie unique d&#8217;actifs anti-taches: 1.8% d\u2019acide tranexamique, 5% de niacinamide et 5% d&#8217;h\u00e9p\u00e8s qui uniformisent le teint et att\u00e9nuent l&#8217;apparence des taches pigmentaires, y compris les plus tenaces. Il r\u00e9v\u00e8le un teint plus \u00e9clatant, homog\u00e8ne et minimise les risques de r\u00e9apparition des taches pigmentaires (sous r\u00e9serve d&#8217;utilisation r\u00e9guli\u00e8re et continue).<\/li>\n<li>Am\u00e9lioration de 78% de l\u2019apparence du teint.<\/li>\n<li>Relai id\u00e9al des proc\u00e9dures esth\u00e9tiques comme les peelings, lumi\u00e8re intense puls\u00e9e, laser non-ablatif, micro-dermabrasion, injections et mico-needling.<\/li>\n<\/ul>\n<p>&nbsp;<\/p>\n<p><strong>CONSEILS D&#8217;UTILISATION :\u00a0<\/strong><\/p>\n<p>Matin et soir, appliquer 3 \u00e0 5 gouttes de Discoloration Defense Serum sur l&#8217;ensemble du visage, en \u00e9vitant le contour des yeux (3 gouttes pour le visage, 5 si les taches sont aussi pr\u00e9sentes sur le cou et le d\u00e9collet\u00e9).<\/p>\n<p>Le matin, compl\u00e9ter avec l&#8217;application d&#8217;une protection solaire \u00e0 large spectre (SPF 30 minimum) et limiter l&#8217;exposition au soleil lors de l&#8217;utilisation du produit.<\/p>\n<p>L&#8217;utilisation de Discoloration Defense Serum peut \u00eatre envisag\u00e9e toute l&#8217;ann\u00e9e, pour continuer \u00e0 pr\u00e9venir les taches pigmentaires s&#8217;il existe une pr\u00e9disposition \u00e0 l&#8217;hyperpigmentation identifi\u00e9e. Coupl\u00e9e chaque matin \u00e0 une photoprotection quotidienne \u00e0 large spectre, \u00e9tape indispensable pour une routine anti-taches efficace.<\/p>\n<p>&nbsp;<\/p>\n<\/div>\n","protected":false},"excerpt":{"rendered":"<p>S\u00e9rum anti-taches qui pr\u00e9vient et corrige tous types de taches brunes, y compris les plus tenaces, pour r\u00e9v\u00e9ler un teint plus uniforme et \u00e9clatant.<\/p>\n<div id=\"ConnectiveDocSignExtentionInstalled\" data-extension-version=\"1.0.4\"><\/div>\n<div class=\"fl-module fl-module-rich-text fl-node-5e68c5fe9d995\" data-node=\"5e68c5fe9d995\">\n<div class=\"fl-module-content fl-node-content\">\n<div class=\"fl-rich-text\">\n<p>&nbsp;<\/p>\n<p>&nbsp;<\/p>\n<\/div>\n<\/div>\n<\/div>\n<div data-extension-version=\"1.0.4\"><img loading=\"lazy\" decoding=\"async\" class=\"alignnone size-medium wp-image-16858\" src=\"https:\/\/laseris.ch\/shop\/wp-content\/uploads\/2020\/10\/skinceuticals-revendeur-suisse.png\" alt=\"\" width=\"300\" height=\"61\" \/><\/div>\n","protected":false},"featured_media":15840,"comment_status":"open","ping_status":"closed","template":"","meta":[],"product_brand":[],"product_cat":[682,533,536,506,507,505,504,531,497,512,511],"product_tag":[],"class_list":{"0":"post-15834","1":"product","2":"type-product","3":"status-publish","4":"has-post-thumbnail","6":"product_cat-skinceuticals","7":"product_cat-probleme-de-peau","8":"product_cat-hyperpigmentation","9":"product_cat-peau-grasse","10":"product_cat-peau-mixte","11":"product_cat-peau-normale","12":"product_cat-peau-seche","13":"product_cat-peau-sensible","14":"product_cat-serum","15":"product_cat-tout-type-de-peau","16":"product_cat-visage","17":"description-off","19":"first","20":"instock","21":"shipping-taxable","22":"purchasable","23":"product-type-simple"},"_links":{"self":[{"href":"https:\/\/laseris.ch\/shop\/wp-json\/wp\/v2\/product\/15834","targetHints":{"allow":["GET"]}}],"collection":[{"href":"https:\/\/laseris.ch\/shop\/wp-json\/wp\/v2\/product"}],"about":[{"href":"https:\/\/laseris.ch\/shop\/wp-json\/wp\/v2\/types\/product"}],"replies":[{"embeddable":true,"href":"https:\/\/laseris.ch\/shop\/wp-json\/wp\/v2\/comments?post=15834"}],"wp:featuredmedia":[{"embeddable":true,"href":"https:\/\/laseris.ch\/shop\/wp-json\/wp\/v2\/media\/15840"}],"wp:attachment":[{"href":"https:\/\/laseris.ch\/shop\/wp-json\/wp\/v2\/media?parent=15834"}],"wp:term":[{"taxonomy":"product_brand","embeddable":true,"href":"https:\/\/laseris.ch\/shop\/wp-json\/wp\/v2\/product_brand?post=15834"},{"taxonomy":"product_cat","embeddable":true,"href":"https:\/\/laseris.ch\/shop\/wp-json\/wp\/v2\/product_cat?post=15834"},{"taxonomy":"product_tag","embeddable":true,"href":"https:\/\/laseris.ch\/shop\/wp-json\/wp\/v2\/product_tag?post=15834"}],"curies":[{"name":"wp","href":"https:\/\/api.w.org\/{rel}","templated":true}]}}