{"id":15793,"date":"2019-06-17T10:18:31","date_gmt":"2019-06-17T08:18:31","guid":{"rendered":"https:\/\/laseris.ch\/shop\/?post_type=product&#038;p=15793"},"modified":"2026-03-27T10:24:44","modified_gmt":"2026-03-27T09:24:44","slug":"glycolic-10-renew-overnight","status":"publish","type":"product","link":"https:\/\/laseris.ch\/shop\/product\/glycolic-10-renew-overnight\/","title":{"rendered":"Glycolic 10 renew overnight 50 ml SkinCeuticals"},"content":{"rendered":"<p>L\u2019acide glycolique libre titr\u00e9 \u00e0 10% est reconnu pour une exfoliation efficace stimulant le renouvellement cellulaire naturel.<br \/>\nCette \u00e9mulsion de nuit puissante associe 2% d\u2019acide phytique pour restaurer la luminosit\u00e9 et l\u2019\u00e9clat du teint, en synergie avec un complexe apaisant triple action pour soutenir la barri\u00e8re cutan\u00e9e. Cet actif est \u00e9galement dot\u00e9 d\u2019une propri\u00e9t\u00e9 exfoliante aux effets \u00e9claircissants permettant d\u2019affiner le grain de peau.<\/p>\n<p>R\u00e9sultats :<\/p>\n<p>Une peau repos\u00e9e, des traits liss\u00e9s et un teint plus lumineux au r\u00e9veil.<\/p>\n<div data-extension-version=\"1.0.4\"><\/div>\n<div id=\"ConnectiveDocSignExtentionInstalled\" data-extension-version=\"1.0.4\"><strong>CONSEILS D&#8217;UTILISATION :\u00a0<\/strong><\/div>\n<div data-extension-version=\"1.0.4\"><\/div>\n<div data-extension-version=\"1.0.4\">Bien agiter avant emploi. Le soir, appliquer apr\u00e8s le s\u00e9rum sur l\u2019ensemble du visage, du cou et du d\u00e9collet\u00e9.<br \/>\nCommencer par une application 1 soir sur 2 pour habituer progressivement la peau \u00e0 l\u2019acide glycolique. Apr\u00e8s une semaine d\u2019utilisation, appliquer quotidiennement le soir.L\u2019acide glycolique \u00e9tant photo-sensibilisant, appliquer syst\u00e9matiquement une protection le matin suivant.<\/div>\n","protected":false},"excerpt":{"rendered":"<p>Glycolic 10 Renew Overnight est un peeling cosm\u00e9ceutique de nuit qui, gr\u00e2ce \u00e0 l\u2019acide glycolique, exfoliant active le renouvellement cellulaire pour lisser les rides, le grain de peau, les imperfections et raviver l\u2019\u00e9clat du teint.<\/p>\n<div class=\"fl-module fl-module-rich-text fl-node-5e68c5fe9d995\" data-node=\"5e68c5fe9d995\">\n<div class=\"fl-module-content fl-node-content\">\n<div class=\"fl-rich-text\">\n<p>&nbsp;<\/p>\n<p>&nbsp;<\/p>\n<\/div>\n<\/div>\n<\/div>\n<div data-extension-version=\"1.0.4\"><img loading=\"lazy\" decoding=\"async\" class=\"alignnone size-medium wp-image-16858\" src=\"https:\/\/laseris.ch\/shop\/wp-content\/uploads\/2020\/10\/skinceuticals-revendeur-suisse.png\" alt=\"\" width=\"300\" height=\"61\" \/><\/div>\n<div id=\"ConnectiveDocSignExtentionInstalled\" data-extension-version=\"1.0.4\"><\/div>\n","protected":false},"featured_media":15797,"comment_status":"open","ping_status":"closed","template":"","meta":[],"product_brand":[],"product_cat":[540,560,682,533,534,506,507,505,504,531,512,511],"product_tag":[670],"class_list":{"0":"post-15793","1":"product","2":"type-product","3":"status-publish","4":"has-post-thumbnail","6":"product_cat-hypopigmentation","7":"product_cat-promotion","8":"product_cat-skinceuticals","9":"product_cat-probleme-de-peau","10":"product_cat-vieillissement","11":"product_cat-peau-grasse","12":"product_cat-peau-mixte","13":"product_cat-peau-normale","14":"product_cat-peau-seche","15":"product_cat-peau-sensible","16":"product_cat-tout-type-de-peau","17":"product_cat-visage","18":"product_tag-shopping","19":"description-off","21":"first","22":"instock","23":"sale","24":"shipping-taxable","25":"purchasable","26":"product-type-simple"},"_links":{"self":[{"href":"https:\/\/laseris.ch\/shop\/wp-json\/wp\/v2\/product\/15793","targetHints":{"allow":["GET"]}}],"collection":[{"href":"https:\/\/laseris.ch\/shop\/wp-json\/wp\/v2\/product"}],"about":[{"href":"https:\/\/laseris.ch\/shop\/wp-json\/wp\/v2\/types\/product"}],"replies":[{"embeddable":true,"href":"https:\/\/laseris.ch\/shop\/wp-json\/wp\/v2\/comments?post=15793"}],"wp:featuredmedia":[{"embeddable":true,"href":"https:\/\/laseris.ch\/shop\/wp-json\/wp\/v2\/media\/15797"}],"wp:attachment":[{"href":"https:\/\/laseris.ch\/shop\/wp-json\/wp\/v2\/media?parent=15793"}],"wp:term":[{"taxonomy":"product_brand","embeddable":true,"href":"https:\/\/laseris.ch\/shop\/wp-json\/wp\/v2\/product_brand?post=15793"},{"taxonomy":"product_cat","embeddable":true,"href":"https:\/\/laseris.ch\/shop\/wp-json\/wp\/v2\/product_cat?post=15793"},{"taxonomy":"product_tag","embeddable":true,"href":"https:\/\/laseris.ch\/shop\/wp-json\/wp\/v2\/product_tag?post=15793"}],"curies":[{"name":"wp","href":"https:\/\/api.w.org\/{rel}","templated":true}]}}