{"id":15541,"date":"2019-04-02T12:09:37","date_gmt":"2019-04-02T10:09:37","guid":{"rendered":"https:\/\/laseris.ch\/shop\/?post_type=product&#038;p=15541"},"modified":"2026-03-27T10:35:48","modified_gmt":"2026-03-27T09:35:48","slug":"ultra-facial-defense-spf50-30-ml","status":"publish","type":"product","link":"https:\/\/laseris.ch\/shop\/product\/ultra-facial-defense-spf50-30-ml\/","title":{"rendered":"Ultra Facial Defense SPF50+ 30 ml"},"content":{"rendered":"<p>Ultra Facial Defense SPF50+ prot\u00e8ge la peau des rayons UV \u00e0 large spectre tout en pr\u00e9venant les signes visibles du vieillissement cutan\u00e9 pr\u00e9matur\u00e9 (taches brunes sur le visage, apparition de ridules\u2026)<br \/>\nNon-com\u00e9dog\u00e8ne, cette protection solaire est id\u00e9ale pour tous types de peau.<\/p>\n<p>R\u00e9sultats :<\/p>\n<ul>\n<li>Protection anti UVA\/UVB \u00e0 large spectre<\/li>\n<li>Agit en pr\u00e9vention du photovieillissement<\/li>\n<li>Sa texture ultra-l\u00e9g\u00e8re hydrate la peau en profondeur pendant 24H<\/li>\n<\/ul>\n<div data-extension-version=\"1.0.4\"><\/div>\n<div id=\"ConnectiveDocSignExtentionInstalled\" data-extension-version=\"1.0.4\"><strong>CONSEILS D&#8217;UTILISATION :\u00a0<\/strong><\/div>\n<div data-extension-version=\"1.0.4\"><\/div>\n<div data-extension-version=\"1.0.4\">Appliquer avant l\u2019exposition au soleil. Renouveler l\u2019application de mani\u00e8re fr\u00e9quente et g\u00e9n\u00e9reuse pour maintenir la protection, surtout apr\u00e8s la baignade, en cas de sudation ou apr\u00e8s avoir s\u00e9ch\u00e9 la peau. Se prot\u00e9ger du soleil : l\u2019exposition au soleil favorise les risques de cancer de la peau et de vieillissement cutan\u00e9 pr\u00e9matur\u00e9. Pour diminuer ces risques, il convient d\u2019utiliser r\u00e9guli\u00e8rement une protection solaire dot\u00e9e d\u2019une valeur SPF \u00e0 large spectre<\/div>\n","protected":false},"excerpt":{"rendered":"<p><strong>\u00c9cran solaire hydratant haute protection anti UVA\/UVB.<\/strong><\/p>\n<p>Cet \u00e9cran solaire hydratant permet d\u2019agir en pr\u00e9vention du photovieillissement. Sa texture l\u00e9g\u00e8re, non grasse et non collante hydrate la peau en profondeur tout au long de la journ\u00e9e.<\/p>\n<p>&nbsp;<\/p>\n<p>&nbsp;<\/p>\n<div data-extension-version=\"1.0.4\"><img loading=\"lazy\" decoding=\"async\" class=\"alignnone size-medium wp-image-16858\" src=\"https:\/\/laseris.ch\/shop\/wp-content\/uploads\/2020\/10\/skinceuticals-revendeur-suisse.png\" alt=\"\" width=\"300\" height=\"61\" \/><\/div>\n<div id=\"ConnectiveDocSignExtentionInstalled\" data-extension-version=\"1.0.4\"><\/div>\n","protected":false},"featured_media":15542,"comment_status":"open","ping_status":"closed","template":"","meta":[],"product_brand":[],"product_cat":[537,540,533,534,498,532,506,507,505,504,512,511],"product_tag":[],"class_list":{"0":"post-15541","1":"product","2":"type-product","3":"status-publish","4":"has-post-thumbnail","6":"product_cat-deshydratee","7":"product_cat-hypopigmentation","8":"product_cat-probleme-de-peau","9":"product_cat-vieillissement","10":"product_cat-creme-jour","11":"product_cat-protection-solaire","12":"product_cat-peau-grasse","13":"product_cat-peau-mixte","14":"product_cat-peau-normale","15":"product_cat-peau-seche","16":"product_cat-tout-type-de-peau","17":"product_cat-visage","18":"description-off","20":"first","21":"instock","22":"shipping-taxable","23":"purchasable","24":"product-type-simple"},"_links":{"self":[{"href":"https:\/\/laseris.ch\/shop\/wp-json\/wp\/v2\/product\/15541","targetHints":{"allow":["GET"]}}],"collection":[{"href":"https:\/\/laseris.ch\/shop\/wp-json\/wp\/v2\/product"}],"about":[{"href":"https:\/\/laseris.ch\/shop\/wp-json\/wp\/v2\/types\/product"}],"replies":[{"embeddable":true,"href":"https:\/\/laseris.ch\/shop\/wp-json\/wp\/v2\/comments?post=15541"}],"wp:featuredmedia":[{"embeddable":true,"href":"https:\/\/laseris.ch\/shop\/wp-json\/wp\/v2\/media\/15542"}],"wp:attachment":[{"href":"https:\/\/laseris.ch\/shop\/wp-json\/wp\/v2\/media?parent=15541"}],"wp:term":[{"taxonomy":"product_brand","embeddable":true,"href":"https:\/\/laseris.ch\/shop\/wp-json\/wp\/v2\/product_brand?post=15541"},{"taxonomy":"product_cat","embeddable":true,"href":"https:\/\/laseris.ch\/shop\/wp-json\/wp\/v2\/product_cat?post=15541"},{"taxonomy":"product_tag","embeddable":true,"href":"https:\/\/laseris.ch\/shop\/wp-json\/wp\/v2\/product_tag?post=15541"}],"curies":[{"name":"wp","href":"https:\/\/api.w.org\/{rel}","templated":true}]}}