{"id":15506,"date":"2019-04-02T11:36:02","date_gmt":"2019-04-02T09:36:02","guid":{"rendered":"https:\/\/laseris.ch\/shop\/?post_type=product&#038;p=15506"},"modified":"2024-05-21T09:12:53","modified_gmt":"2024-05-21T07:12:53","slug":"phyto-corrective-masque-60-ml","status":"publish","type":"product","link":"https:\/\/laseris.ch\/shop\/product\/phyto-corrective-masque-60-ml\/","title":{"rendered":"Phyto Corrective Masque 60 ml SkinCeuticals"},"content":{"rendered":"<div id=\"ConnectiveDocSignExtentionInstalled\" data-extension-version=\"1.0.4\">\n<p>Test\u00e9 cliniquement en post-proc\u00e9dures, Phyto corrective masque r\u00e9duit visiblement les rougeurs et l\u2019inconfort de la peau. Multi-actions, le masque Phyto corrective apaise la r\u00e9activit\u00e9 de la peau.<\/p>\n<p>Il convient pour :<\/p>\n<ul>\n<li>Un usage quotidien : sport, exposition au soleil, chaleur<\/li>\n<li>Un usage saisonnier : apr\u00e8s un voyage, chlore\/eau de mer, ski<\/li>\n<li>En post proc\u00e9dure : post laser, lifting, peeling et autres actes esth\u00e9tiques\n<div class=\"fl-module fl-module-rich-text fl-node-5e68c5fe9d995\" data-node=\"5e68c5fe9d995\"><\/div>\n<\/li>\n<\/ul>\n<p>R\u00e9sultats :<\/p>\n<ul>\n<li>Effet hautement apaisant et r\u00e9confortant<\/li>\n<li>Redonne \u00e0 la peau un \u00e9clat hydrat\u00e9<\/li>\n<li>Efficacit\u00e9 \u00e0 r\u00e9duire les rougeurs visibles et \u00e0 soulager l\u2019inconfort test\u00e9e post-proc\u00e9dure<\/li>\n<li>Effet rafra\u00eechissant dans une texture de gel l\u00e9g\u00e8re<\/li>\n<li>Sans alcool<\/li>\n<\/ul>\n<p>&nbsp;<\/p>\n<p><strong>CONSEILS D&#8217;UTILISATION :\u00a0<\/strong><\/p>\n<ul>\n<li>Ce masque visage peut \u00eatre appliqu\u00e9 avec ou sans rin\u00e7age, ou en soin de nuit.<\/li>\n<li>Appliquer une couche \u00e9paisse pour nettoyer le visage, la poitrine ou le cou, en \u00e9vitant les zones des yeux et des l\u00e8vres.<\/li>\n<li>Laisser poser 10 \u00e0 15 minutes.<\/li>\n<li>Rincer \u00e0 l\u2019eau froide si souhait\u00e9.<\/li>\n<li>\u00c0 appliquer 2 \u00e0 3 fois par semaine, ou en fonction de vos besoins.<\/li>\n<li>Appliquer post-proc\u00e9dure en suivant les instructions de votre m\u00e9decin.<\/li>\n<\/ul>\n<p>&nbsp;<\/p>\n<\/div>\n","protected":false},"excerpt":{"rendered":"<p>Masque visage calmant intensif pour r\u00e9hydrater et apaiser les peaux r\u00e9actives.<\/p>\n<p>Ce masque apaisant am\u00e9liore visiblement l\u2019apparence des peaux sujettes aux rougeurs. Il est hautement concentr\u00e9 en extraits botaniques, d\u2019un dipeptide calmant, ainsi qu\u2019en acide hyaluronique.<br \/>\nIl neutralise la r\u00e9activit\u00e9 transitoire, calme la sensibilit\u00e9 et procure une sensation de confort imm\u00e9diat.<\/p>\n<p>&nbsp;<\/p>\n<p>&nbsp;<\/p>\n<div class=\"fl-module fl-module-rich-text fl-node-5e68c5fe9d995\" data-node=\"5e68c5fe9d995\">\n<div class=\"fl-module-content fl-node-content\"><\/div>\n<\/div>\n<div data-extension-version=\"1.0.4\"><img loading=\"lazy\" decoding=\"async\" class=\"alignnone size-medium wp-image-16858\" src=\"https:\/\/laseris.ch\/shop\/wp-content\/uploads\/2020\/10\/skinceuticals-revendeur-suisse.png\" alt=\"\" width=\"300\" height=\"61\" \/><\/div>\n<div id=\"ConnectiveDocSignExtentionInstalled\" data-extension-version=\"1.0.4\"><\/div>\n","protected":false},"featured_media":15527,"comment_status":"closed","ping_status":"closed","template":"","meta":[],"product_brand":[],"product_cat":[537,539,682,533,517,506,507,505,504,531,512,511],"product_tag":[],"class_list":{"0":"post-15506","1":"product","2":"type-product","3":"status-publish","4":"has-post-thumbnail","6":"product_cat-deshydratee","7":"product_cat-fragilisee","8":"product_cat-skinceuticals","9":"product_cat-probleme-de-peau","10":"product_cat-masque","11":"product_cat-peau-grasse","12":"product_cat-peau-mixte","13":"product_cat-peau-normale","14":"product_cat-peau-seche","15":"product_cat-peau-sensible","16":"product_cat-tout-type-de-peau","17":"product_cat-visage","18":"description-off","20":"first","21":"instock","22":"shipping-taxable","23":"purchasable","24":"product-type-simple"},"_links":{"self":[{"href":"https:\/\/laseris.ch\/shop\/wp-json\/wp\/v2\/product\/15506","targetHints":{"allow":["GET"]}}],"collection":[{"href":"https:\/\/laseris.ch\/shop\/wp-json\/wp\/v2\/product"}],"about":[{"href":"https:\/\/laseris.ch\/shop\/wp-json\/wp\/v2\/types\/product"}],"replies":[{"embeddable":true,"href":"https:\/\/laseris.ch\/shop\/wp-json\/wp\/v2\/comments?post=15506"}],"wp:featuredmedia":[{"embeddable":true,"href":"https:\/\/laseris.ch\/shop\/wp-json\/wp\/v2\/media\/15527"}],"wp:attachment":[{"href":"https:\/\/laseris.ch\/shop\/wp-json\/wp\/v2\/media?parent=15506"}],"wp:term":[{"taxonomy":"product_brand","embeddable":true,"href":"https:\/\/laseris.ch\/shop\/wp-json\/wp\/v2\/product_brand?post=15506"},{"taxonomy":"product_cat","embeddable":true,"href":"https:\/\/laseris.ch\/shop\/wp-json\/wp\/v2\/product_cat?post=15506"},{"taxonomy":"product_tag","embeddable":true,"href":"https:\/\/laseris.ch\/shop\/wp-json\/wp\/v2\/product_tag?post=15506"}],"curies":[{"name":"wp","href":"https:\/\/api.w.org\/{rel}","templated":true}]}}