{"id":15491,"date":"2019-04-02T11:19:19","date_gmt":"2019-04-02T09:19:19","guid":{"rendered":"https:\/\/laseris.ch\/shop\/?post_type=product&#038;p=15491"},"modified":"2026-03-27T10:28:34","modified_gmt":"2026-03-27T09:28:34","slug":"metacell-renewal-b3-50-ml","status":"publish","type":"product","link":"https:\/\/laseris.ch\/shop\/product\/metacell-renewal-b3-50-ml\/","title":{"rendered":"Metacell Renewal B3 50 ml SkinCeuticals"},"content":{"rendered":"<p>Metacell Renewal B3 est une \u00e9mulsion multi-corrective quotidienne qui agit visiblement sur les premiers sympt\u00f4mes de l&#8217;\u00e2ge : ridules, teint non homog\u00e8ne, texture de peau, perte d&#8217;\u00e9lasticit\u00e9, gr\u00e2ce \u00e0 un cocktail d&#8217;actifs hautement concentr\u00e9s (5% de Niacinamide, 2.5% de Concentr\u00e9 Tri-Peptide Raffermissant et 15% de Glyc\u00e9rine).<\/p>\n<p>R\u00e9sultats :<\/p>\n<div id=\"ConnectiveDocSignExtentionInstalled\" data-extension-version=\"1.0.4\">\n<ul>\n<li>Corrige les premiers sympt\u00f4mes de l&#8217;\u00e2ge<\/li>\n<li>R\u00e9g\u00e9n\u00e8re la peau, stimule le renouvellement cellulaire et renforce la fonction barri\u00e8re de la peau<\/li>\n<li>Optimise l&#8217;hydratation et am\u00e9liore la fermet\u00e9 de la peau<\/li>\n<li>Homog\u00e9n\u00e9ise le teint et estompe les rougeurs<\/li>\n<li>Formul\u00e9 pour d\u00e9livrer une hydratation intense sans effet collant<\/li>\n<\/ul>\n<\/div>\n<p>&nbsp;<\/p>\n<p><strong>CONSEILS D&#8217;UTILISATION :\u00a0<\/strong><\/p>\n<p>Faire p\u00e9n\u00e9trer par massage une couche fine et homog\u00e8ne de Metacell Renewal B<sub>3<\/sub>\u00a0sur l\u2019ensemble du visage, du cou et du d\u00e9collet\u00e9 deux fois par jour.<\/p>\n","protected":false},"excerpt":{"rendered":"<p>Une \u00e9mulsion de jour compl\u00e8te au niacinamide pour lutter contre les signes pr\u00e9matur\u00e9s de photovieillissement.<\/p>\n<div class=\"fl-module fl-module-rich-text fl-node-5e68c5fe9d995\" data-node=\"5e68c5fe9d995\">\n<div class=\"fl-module-content fl-node-content\">\n<div class=\"fl-rich-text\">\n<p>&nbsp;<\/p>\n<p>&nbsp;<\/p>\n<\/div>\n<\/div>\n<\/div>\n<div data-extension-version=\"1.0.4\"><img loading=\"lazy\" decoding=\"async\" class=\"alignnone size-medium wp-image-16858\" src=\"https:\/\/laseris.ch\/shop\/wp-content\/uploads\/2020\/10\/skinceuticals-revendeur-suisse.png\" alt=\"\" width=\"300\" height=\"61\" \/><\/div>\n<div id=\"ConnectiveDocSignExtentionInstalled\" data-extension-version=\"1.0.4\"><\/div>\n","protected":false},"featured_media":15524,"comment_status":"closed","ping_status":"closed","template":"","meta":[],"product_brand":[],"product_cat":[537,682,533,534,536,498,499,506,507,505,504,531,512,511],"product_tag":[],"class_list":{"0":"post-15491","1":"product","2":"type-product","3":"status-publish","4":"has-post-thumbnail","6":"product_cat-deshydratee","7":"product_cat-skinceuticals","8":"product_cat-probleme-de-peau","9":"product_cat-vieillissement","10":"product_cat-hyperpigmentation","11":"product_cat-creme-jour","12":"product_cat-creme-nuit","13":"product_cat-peau-grasse","14":"product_cat-peau-mixte","15":"product_cat-peau-normale","16":"product_cat-peau-seche","17":"product_cat-peau-sensible","18":"product_cat-tout-type-de-peau","19":"product_cat-visage","20":"description-off","22":"first","23":"instock","24":"shipping-taxable","25":"purchasable","26":"product-type-simple"},"_links":{"self":[{"href":"https:\/\/laseris.ch\/shop\/wp-json\/wp\/v2\/product\/15491","targetHints":{"allow":["GET"]}}],"collection":[{"href":"https:\/\/laseris.ch\/shop\/wp-json\/wp\/v2\/product"}],"about":[{"href":"https:\/\/laseris.ch\/shop\/wp-json\/wp\/v2\/types\/product"}],"replies":[{"embeddable":true,"href":"https:\/\/laseris.ch\/shop\/wp-json\/wp\/v2\/comments?post=15491"}],"wp:featuredmedia":[{"embeddable":true,"href":"https:\/\/laseris.ch\/shop\/wp-json\/wp\/v2\/media\/15524"}],"wp:attachment":[{"href":"https:\/\/laseris.ch\/shop\/wp-json\/wp\/v2\/media?parent=15491"}],"wp:term":[{"taxonomy":"product_brand","embeddable":true,"href":"https:\/\/laseris.ch\/shop\/wp-json\/wp\/v2\/product_brand?post=15491"},{"taxonomy":"product_cat","embeddable":true,"href":"https:\/\/laseris.ch\/shop\/wp-json\/wp\/v2\/product_cat?post=15491"},{"taxonomy":"product_tag","embeddable":true,"href":"https:\/\/laseris.ch\/shop\/wp-json\/wp\/v2\/product_tag?post=15491"}],"curies":[{"name":"wp","href":"https:\/\/api.w.org\/{rel}","templated":true}]}}