{"id":15489,"date":"2019-04-02T11:17:12","date_gmt":"2019-04-02T09:17:12","guid":{"rendered":"https:\/\/laseris.ch\/shop\/?post_type=product&#038;p=15489"},"modified":"2026-02-25T09:36:05","modified_gmt":"2026-02-25T08:36:05","slug":"a-g-e-eye-complex-15-ml","status":"publish","type":"product","link":"https:\/\/laseris.ch\/shop\/product\/a-g-e-eye-complex-15-ml\/","title":{"rendered":"A.G.E. Advanced Eye 15 ml SkinCeuticals"},"content":{"rendered":"<p>Une cr\u00e8me anti-rides pour les yeux de nouvelle g\u00e9n\u00e9ration qui combat l&#8217;apparence des rides de la patte d&#8217;oie, des poches et des cernes et agit en profondeur sur les signes du vieillissement de cette zone fragile. D\u00e9couvrez le nouveau soin r\u00e9volutionnaire de Skinceuticals pour le contour de l&#8217;\u0153il.<\/p>\n<p>Une cr\u00e8me anti-\u00e2ge hautement concentr\u00e9e pour corriger les signes avanc\u00e9s du vieillissement cutan\u00e9, dus \u00e0 la d\u00e9gradation du <b>collag\u00e8ne et de la glycation<\/b>, pour un contour des yeux plus lisse et plus ferme.<\/p>\n<div id=\"ConnectiveDocSignExtentionInstalled\" data-extension-version=\"1.0.4\">\n<p>A.G.E. Advanced Eye est une\u00a0cr\u00e8me pour les yeux\u00a0qui combat l&#8217;apparence des cernes, des rides de la patte d&#8217;oie et des poches, associ\u00e9es aux produits finaux de glycation avanc\u00e9e (A.G.E.), un facteur majeur du processus naturel de vieillissement. Cette cr\u00e8me soyeuse pour les pattes d&#8217;oie est formul\u00e9e pour la zone d\u00e9licate du contour des yeux avec une combinaison puissante de ProxylaneTM, un m\u00e9lange concentr\u00e9 de flavono\u00efdes, d&#8217;acide glycyrrh\u00e9tinique et de Matrixyl 3000.<\/p>\n<p>Cette cr\u00e8me contour de l&#8217;oeil contient \u00e9galement de la caf\u00e9ine et un m\u00e9lange de diffuseurs optiques pour disperser la lumi\u00e8re et am\u00e9liorer imm\u00e9diatement l&#8217;\u00e9clat des yeux fatigu\u00e9s et ternes, quel que soit le teint de la peau.<\/p>\n<p>R\u00e9sultats :<\/p>\n<ul>\n<li>R\u00e9duit l&#8217;apparence des rides de la patte d&#8217;oie.<\/li>\n<li>Am\u00e9liore l&#8217;apparence des poches et des cernes.<\/li>\n<li>Am\u00e9liore instantan\u00e9ment l&#8217;\u00e9clat du contour des yeux, quel que soit le teint de la peau.<\/li>\n<li>Restaure l&#8217;hydratation de la peau s\u00e8che et vieillissante.<\/li>\n<li>Sans parab\u00e8ne, sans parfum et sans colorant.<\/li>\n<li>Approuv\u00e9 par la TSA<\/li>\n<\/ul>\n<p><strong>CONSEILS D&#8217;UTILISATION<\/strong><\/p>\n<p>Appliquer d\u00e9licatement une touche de cr\u00e8me matin et soir sous les yeux et autour des sourcils en tapotant du bout des doigts, en \u00e9vitant bien les paupi\u00e8res.<\/p>\n<p>&nbsp;<\/p>\n<\/div>\n","protected":false},"excerpt":{"rendered":"<p><strong>Soin nouvelle g\u00e9n\u00e9ration contour de l&#8217;\u0153il qui combat efficacement les rides, les poches et les cernes<\/strong><\/p>\n<p>A.G.E. Advanced Eye est une cr\u00e8me anti-rides pour les yeux de nouvelle g\u00e9n\u00e9ration qui combat l&#8217;apparence des rides de la patte d&#8217;oie, des poches et des cernes et agit en profondeur sur les signes du vieillissement de cette zone fragile. D\u00e9couvrez le nouveau soin r\u00e9volutionnaire de Skinceuticals pour le contour de l&#8217;\u0153il.<\/p>\n<ul>\n<li>Corrige les rides et ridules et pr\u00e9vient les rides futures, notamment sur la ride de la patte d&#8217;oie.<\/li>\n<li>Att\u00e9nue l&#8217;apparence des cernes et minimise les poches et le gonflement des paupi\u00e8res.<\/li>\n<li>Am\u00e9liore l&#8217;\u00e9clat des yeux ternes et fatigu\u00e9s.<\/li>\n<\/ul>\n<div id=\"ConnectiveDocSignExtentionInstalled\" data-extension-version=\"1.0.4\"><\/div>\n<div class=\"fl-module fl-module-rich-text fl-node-5e68c5fe9d995\" data-node=\"5e68c5fe9d995\">\n<div class=\"fl-module-content fl-node-content\">\n<div class=\"fl-rich-text\">\n<p>&nbsp;<\/p>\n<p>&nbsp;<\/p>\n<\/div>\n<\/div>\n<\/div>\n<div data-extension-version=\"1.0.4\"><img loading=\"lazy\" decoding=\"async\" class=\"alignnone size-medium wp-image-16858\" src=\"https:\/\/laseris.ch\/shop\/wp-content\/uploads\/2020\/10\/skinceuticals-revendeur-suisse.png\" alt=\"\" width=\"300\" height=\"61\" \/><\/div>\n","protected":false},"featured_media":19849,"comment_status":"closed","ping_status":"closed","template":"","meta":[],"product_brand":[],"product_cat":[560,682,533,534,500,506,507,505,504,531,512],"product_tag":[547,670],"class_list":{"0":"post-15489","1":"product","2":"type-product","3":"status-publish","4":"has-post-thumbnail","6":"product_cat-promotion","7":"product_cat-skinceuticals","8":"product_cat-probleme-de-peau","9":"product_cat-vieillissement","10":"product_cat-contour-de-loeil","11":"product_cat-peau-grasse","12":"product_cat-peau-mixte","13":"product_cat-peau-normale","14":"product_cat-peau-seche","15":"product_cat-peau-sensible","16":"product_cat-tout-type-de-peau","17":"product_tag-contour-des-yeux","18":"product_tag-shopping","19":"description-off","21":"first","22":"instock","23":"sale","24":"shipping-taxable","25":"purchasable","26":"product-type-simple"},"_links":{"self":[{"href":"https:\/\/laseris.ch\/shop\/wp-json\/wp\/v2\/product\/15489","targetHints":{"allow":["GET"]}}],"collection":[{"href":"https:\/\/laseris.ch\/shop\/wp-json\/wp\/v2\/product"}],"about":[{"href":"https:\/\/laseris.ch\/shop\/wp-json\/wp\/v2\/types\/product"}],"replies":[{"embeddable":true,"href":"https:\/\/laseris.ch\/shop\/wp-json\/wp\/v2\/comments?post=15489"}],"wp:featuredmedia":[{"embeddable":true,"href":"https:\/\/laseris.ch\/shop\/wp-json\/wp\/v2\/media\/19849"}],"wp:attachment":[{"href":"https:\/\/laseris.ch\/shop\/wp-json\/wp\/v2\/media?parent=15489"}],"wp:term":[{"taxonomy":"product_brand","embeddable":true,"href":"https:\/\/laseris.ch\/shop\/wp-json\/wp\/v2\/product_brand?post=15489"},{"taxonomy":"product_cat","embeddable":true,"href":"https:\/\/laseris.ch\/shop\/wp-json\/wp\/v2\/product_cat?post=15489"},{"taxonomy":"product_tag","embeddable":true,"href":"https:\/\/laseris.ch\/shop\/wp-json\/wp\/v2\/product_tag?post=15489"}],"curies":[{"name":"wp","href":"https:\/\/api.w.org\/{rel}","templated":true}]}}