{"id":15482,"date":"2019-04-02T11:09:00","date_gmt":"2019-04-02T09:09:00","guid":{"rendered":"https:\/\/laseris.ch\/shop\/?post_type=product&#038;p=15482"},"modified":"2026-02-25T09:33:06","modified_gmt":"2026-02-25T08:33:06","slug":"triple-lipid-restore-48-ml","status":"publish","type":"product","link":"https:\/\/laseris.ch\/shop\/product\/triple-lipid-restore-48-ml\/","title":{"rendered":"Triple Lipid Restore 48 ml SkinCeuticals"},"content":{"rendered":"<p>Triple Lipid Restore 2:4:2 est une cr\u00e8me anti-\u00e2ge formul\u00e9e avec une concentration maximis\u00e9e de lipides : 2 % de c\u00e9ramides purs, 4 % de cholest\u00e9rol naturel et 2 % d\u2019acides gras. Cette cr\u00e8me de correction lipidique anti-\u00e2ge unique comprend le premier ratio 2:4:2 o\u00f9 le cholest\u00e9rol est dominant, pour permettre \u00e0 la barri\u00e8re externe de la peau de se restaurer et stimuler l\u2019auto-r\u00e9g\u00e9n\u00e9ration naturelle de la peau, tout en nourrissant la peau mature en profondeur pour att\u00e9nuer les signes visibles de vieillissement acc\u00e9l\u00e9r\u00e9. Il a \u00e9t\u00e9 prouv\u00e9 cliniquement que Triple Lipid Restore 2:4:2 diminue visiblement l\u2019apparence des pores et rend la peau plus lisse, plus souple et plus \u00e9clatante.<\/p>\n<p>R\u00e9sultats :<\/p>\n<div id=\"ConnectiveDocSignExtentionInstalled\" data-extension-version=\"1.0.4\">\n<ul>\n<li>Restaure les lipides essentiels de la peau : c\u00e9ramides, cholest\u00e9rol naturel et acides gras<\/li>\n<li>Am\u00e9liore le rebondi et le grain de peau, diminue l\u2019apparence des pores<\/li>\n<li>Uniformise le teint, redonne de l\u2019\u00e9clat<\/li>\n<li>Apporte encore plus d\u2019hydratation pendant 24 heures, id\u00e9al pour la peau s\u00e8che<\/li>\n<li>Syst\u00e8me unique de stabilisation dans une texture l\u00e9g\u00e8re et rapidement absorb\u00e9e<\/li>\n<\/ul>\n<p>&nbsp;<\/p>\n<p><strong>CONSEILS D&#8217;UTILISATION :\u00a0<\/strong><\/p>\n<p>Appliquer une petite quantit\u00e9 de produit entre les doigts, r\u00e9chauffer le produit et le faire p\u00e9n\u00e9trer en mouvements circulaires. Appliquer deux fois par jour sur le visage, le cou et le d\u00e9collet\u00e9.<\/p>\n<\/div>\n","protected":false},"excerpt":{"rendered":"<p>Soin anti-\u00e2ge, r\u00e9tablit le niveau cellulaire de lipides, pour apporter du confort et lutter contre le rel\u00e2chement.<\/p>\n<p>Cette cr\u00e8me anti-rides hautement concentr\u00e9e en lipides (2% de c\u00e9ramides pures, 4% cholest\u00e9rol naturel, 2% acides gras) lutte contre les signes visibles de l\u2019\u00e2ge et la perte de fermet\u00e9.<br \/>\nSon point bonus ? Sa texture nourrissante, ultra sensorielle, l\u00e9g\u00e8re et rapidement absorb\u00e9e.<br \/>\nId\u00e9al pour les peaux s\u00e8ches \u00e0 tr\u00e8s s\u00e8ches, r\u00eaches, inconfortables. A utiliser en cr\u00e8me de jour ou en cr\u00e8me de nuit.<\/p>\n<div class=\"fl-module fl-module-rich-text fl-node-5e68c5fe9d995\" data-node=\"5e68c5fe9d995\">\n<div class=\"fl-module-content fl-node-content\">\n<div class=\"fl-rich-text\">\n<p>&nbsp;<\/p>\n<p>&nbsp;<\/p>\n<\/div>\n<\/div>\n<\/div>\n<div data-extension-version=\"1.0.4\"><img loading=\"lazy\" decoding=\"async\" class=\"alignnone size-medium wp-image-16858\" src=\"https:\/\/laseris.ch\/shop\/wp-content\/uploads\/2020\/10\/skinceuticals-revendeur-suisse.png\" alt=\"\" width=\"300\" height=\"61\" \/><\/div>\n<div id=\"ConnectiveDocSignExtentionInstalled\" data-extension-version=\"1.0.4\"><\/div>\n","protected":false},"featured_media":15536,"comment_status":"open","ping_status":"closed","template":"","meta":[],"product_brand":[],"product_cat":[537,682,533,534,498,499,507,505,504,531,511],"product_tag":[],"class_list":{"0":"post-15482","1":"product","2":"type-product","3":"status-publish","4":"has-post-thumbnail","6":"product_cat-deshydratee","7":"product_cat-skinceuticals","8":"product_cat-probleme-de-peau","9":"product_cat-vieillissement","10":"product_cat-creme-jour","11":"product_cat-creme-nuit","12":"product_cat-peau-mixte","13":"product_cat-peau-normale","14":"product_cat-peau-seche","15":"product_cat-peau-sensible","16":"product_cat-visage","17":"description-off","19":"first","20":"instock","21":"shipping-taxable","22":"purchasable","23":"product-type-simple"},"_links":{"self":[{"href":"https:\/\/laseris.ch\/shop\/wp-json\/wp\/v2\/product\/15482","targetHints":{"allow":["GET"]}}],"collection":[{"href":"https:\/\/laseris.ch\/shop\/wp-json\/wp\/v2\/product"}],"about":[{"href":"https:\/\/laseris.ch\/shop\/wp-json\/wp\/v2\/types\/product"}],"replies":[{"embeddable":true,"href":"https:\/\/laseris.ch\/shop\/wp-json\/wp\/v2\/comments?post=15482"}],"wp:featuredmedia":[{"embeddable":true,"href":"https:\/\/laseris.ch\/shop\/wp-json\/wp\/v2\/media\/15536"}],"wp:attachment":[{"href":"https:\/\/laseris.ch\/shop\/wp-json\/wp\/v2\/media?parent=15482"}],"wp:term":[{"taxonomy":"product_brand","embeddable":true,"href":"https:\/\/laseris.ch\/shop\/wp-json\/wp\/v2\/product_brand?post=15482"},{"taxonomy":"product_cat","embeddable":true,"href":"https:\/\/laseris.ch\/shop\/wp-json\/wp\/v2\/product_cat?post=15482"},{"taxonomy":"product_tag","embeddable":true,"href":"https:\/\/laseris.ch\/shop\/wp-json\/wp\/v2\/product_tag?post=15482"}],"curies":[{"name":"wp","href":"https:\/\/api.w.org\/{rel}","templated":true}]}}