{"id":15478,"date":"2019-04-02T11:02:41","date_gmt":"2019-04-02T09:02:41","guid":{"rendered":"https:\/\/laseris.ch\/shop\/?post_type=product&#038;p=15478"},"modified":"2026-04-01T15:25:35","modified_gmt":"2026-04-01T13:25:35","slug":"retinol-0-3-30-ml","status":"publish","type":"product","link":"https:\/\/laseris.ch\/shop\/product\/retinol-0-3-30-ml\/","title":{"rendered":"Retinol 0.3  30 ml SkinCeuticals"},"content":{"rendered":"<p>Cr\u00e8me de nuit \u00e0 effet lissant contenant 0,3% de r\u00e9tinol pur. Notre produit \u00e0 base de r\u00e9tinol aide \u00e0 att\u00e9nuer l&#8217;apparition de rides, de ridules et de t\u00e2ches de vieillesse dues \u00e0 la fois au photovieillissement et aux effets intrins\u00e8ques de l&#8217;\u00e2ge. Le soin r\u00e9tinol 0.3 contient 0,3% de r\u00e9tinol pur.<\/p>\n<ul>\n<li>Aide \u00e0 att\u00e9nuer l&#8217;apparition de rides, de ridules et de t\u00e2ches de vieillesse tout en uniformisant le teint<\/li>\n<li>Pr\u00e9serve une stabilit\u00e9 optimale du r\u00e9tinol et minimise les irritations habituellement associ\u00e9es \u00e0 l&#8217;utilisation de ce dernier.<\/li>\n<\/ul>\n<div class=\"fl-module fl-module-rich-text fl-node-5e68c5fe9d995\" data-node=\"5e68c5fe9d995\">\n<div class=\"fl-module-content fl-node-content\"><\/div>\n<\/div>\n<p>En associant 0,3% de r\u00e9tinol pur encapsul\u00e9 \u00e0 de la boswellia serrata et du bisabolol pour r\u00e9duire l\u2019inflammation cutan\u00e9e et calmer les irritations, R\u00e9tinol 0.3 est un s\u00e9rum-cr\u00e8me visage de nuit qui lutte efficacement contre les rides et la perte de fermet\u00e9 et d\u2019\u00e9lasticit\u00e9, et r\u00e9duit les imperfections et les taches pigmentaires tout en boostant votre \u00e9clat.<\/p>\n<p>R\u00e9sultat : une peau plus jeune et sans imperfections.<\/p>\n<p>&nbsp;<\/p>\n<p><strong>CONSEILS D&#8217;UTILISATION :\u00a0<\/strong><\/p>\n<p>Le soir, sur peau propre, appliquer 2-3 doses de flacon-pompe sur l\u2019ensemble du visage du coup et du d\u00e9collet\u00e9, en \u00e9vitant le contour des yeux. Commencer par une application 2 fois par semaine pour habituer progressivement la peau au r\u00e9tinol. En fonction de la tol\u00e9rance de votre peau, augmentez progressivement la fr\u00e9quence jusqu\u2019\u00e0 une utilisation quotidienne le soir.<\/p>\n<p>Le r\u00e9tinol \u00e9tant photo-sensibilisant, appliquer syst\u00e9matiquement une protection solaire, le matin suivant.<\/p>\n<p>Attention : si vous avez la peau particuli\u00e8rement sensible ou r\u00e9active, il est conseill\u00e9 de tester le produit sur une petite zone de peau avant de l\u2019appliquer sur l\u2019ensemble du visage. Si vous souffrez d\u2019ecz\u00e9ma, de psoriasis ou encore de rosac\u00e9e, il est recommand\u00e9 de ne pas utiliser de r\u00e9tinol,\u00a0au risque d\u2019aggraver ces sympt\u00f4mes. Par pr\u00e9caution, il est conseill\u00e9 aux femmes enceintes ne pas utiliser de r\u00e9tinol.<\/p>\n<div id=\"ConnectiveDocSignExtentionInstalled\" data-extension-version=\"1.0.4\"><\/div>\n","protected":false},"excerpt":{"rendered":"<p>Aide \u00e0 att\u00e9nuer l&#8217;apparition de rides, de ridules et de t\u00e2ches de vieillesse, tout en uniformisant le teint. Pr\u00e9serve une stabilit\u00e9 optimale du r\u00e9tinol et minimise les irritations habituellement associ\u00e9es \u00e0 l&#8217;utilisation de ce dernier.<\/p>\n<p>&nbsp;<\/p>\n<div class=\"fl-module fl-module-rich-text fl-node-5e68c5fe9d995\" data-node=\"5e68c5fe9d995\">\n<p>&nbsp;<\/p>\n<\/div>\n<div data-extension-version=\"1.0.4\"><img loading=\"lazy\" decoding=\"async\" class=\"alignnone size-medium wp-image-16858\" src=\"https:\/\/laseris.ch\/shop\/wp-content\/uploads\/2020\/10\/skinceuticals-revendeur-suisse.png\" alt=\"\" width=\"300\" height=\"61\" \/><\/div>\n<div id=\"ConnectiveDocSignExtentionInstalled\" data-extension-version=\"1.0.4\"><\/div>\n","protected":false},"featured_media":15532,"comment_status":"closed","ping_status":"closed","template":"","meta":[],"product_brand":[],"product_cat":[540,682,533,534,535,499,506,507,505,511],"product_tag":[],"class_list":{"0":"post-15478","1":"product","2":"type-product","3":"status-publish","4":"has-post-thumbnail","6":"product_cat-hypopigmentation","7":"product_cat-skinceuticals","8":"product_cat-probleme-de-peau","9":"product_cat-vieillissement","10":"product_cat-imperfections","11":"product_cat-creme-nuit","12":"product_cat-peau-grasse","13":"product_cat-peau-mixte","14":"product_cat-peau-normale","15":"product_cat-visage","16":"description-off","18":"first","19":"instock","20":"shipping-taxable","21":"purchasable","22":"product-type-simple"},"_links":{"self":[{"href":"https:\/\/laseris.ch\/shop\/wp-json\/wp\/v2\/product\/15478","targetHints":{"allow":["GET"]}}],"collection":[{"href":"https:\/\/laseris.ch\/shop\/wp-json\/wp\/v2\/product"}],"about":[{"href":"https:\/\/laseris.ch\/shop\/wp-json\/wp\/v2\/types\/product"}],"replies":[{"embeddable":true,"href":"https:\/\/laseris.ch\/shop\/wp-json\/wp\/v2\/comments?post=15478"}],"wp:featuredmedia":[{"embeddable":true,"href":"https:\/\/laseris.ch\/shop\/wp-json\/wp\/v2\/media\/15532"}],"wp:attachment":[{"href":"https:\/\/laseris.ch\/shop\/wp-json\/wp\/v2\/media?parent=15478"}],"wp:term":[{"taxonomy":"product_brand","embeddable":true,"href":"https:\/\/laseris.ch\/shop\/wp-json\/wp\/v2\/product_brand?post=15478"},{"taxonomy":"product_cat","embeddable":true,"href":"https:\/\/laseris.ch\/shop\/wp-json\/wp\/v2\/product_cat?post=15478"},{"taxonomy":"product_tag","embeddable":true,"href":"https:\/\/laseris.ch\/shop\/wp-json\/wp\/v2\/product_tag?post=15478"}],"curies":[{"name":"wp","href":"https:\/\/api.w.org\/{rel}","templated":true}]}}