{"id":15476,"date":"2019-04-02T11:00:18","date_gmt":"2019-04-02T09:00:18","guid":{"rendered":"https:\/\/laseris.ch\/shop\/?post_type=product&#038;p=15476"},"modified":"2026-02-25T09:33:59","modified_gmt":"2026-02-25T08:33:59","slug":"blemishage-defense-30-ml","status":"publish","type":"product","link":"https:\/\/laseris.ch\/shop\/product\/blemishage-defense-30-ml\/","title":{"rendered":"Blemish + Age Defense 30 ml SkinCeuticals"},"content":{"rendered":"<p>Ce soin cibl\u00e9 non gras \u00e0 double efficacit\u00e9 corrige les\u00a0imperfections\u00a0et les signes visibles de l&#8217;\u00e2ge. Il diminue efficacement l&#8217;apparition des rides et des ridules gr\u00e2ce \u00e0 la pr\u00e9sence d&#8217;acide citrique qui acc\u00e9l\u00e8re l&#8217;exfoliation.<\/p>\n<p>Ce\u00a0soin anti-rides\u00a0comporte une combinaison in\u00e9dite d&#8217;acide dio\u00efque \u00e0 2 % et une formulation d&#8217;acide alpha et b\u00eata-hydroxy. Il \u00e9limine les cellules mortes et d\u00e9sobstrue les pores pour un effet peau neuve.<\/p>\n<p>En r\u00e9gulant la production de s\u00e9bum, il r\u00e9duit\u00a0les imperfections,\u00a0et\u00a0pr\u00e9vient\u00a0l&#8217;hyperpigmentation et l\u2019apparition des taches.<\/p>\n<p>R\u00e9sultats :<\/p>\n<ul>\n<li>R\u00e9duit la production d&#8217;exc\u00e8s de s\u00e9bum, l&#8217;inflammation cutan\u00e9e<\/li>\n<li>Corrige les imperfections de la peau<\/li>\n<li>Unifie le teint, peau liss\u00e9e<\/li>\n<li>Les pores obstru\u00e9s sont d\u00e9congestionn\u00e9s<\/li>\n<li>R\u00e9duit les signes visibles de l&#8217;\u00e2ge : rides &amp; ridules (rides d\u2019expression, ride du lion)<\/li>\n<li>\u00c9limine les cellules mortes : effet peau neuve<\/li>\n<\/ul>\n<p>&nbsp;<\/p>\n<p><strong>CONSEILS D&#8217;UTILISATION :\u00a0<\/strong><\/p>\n<p>Ce soin peut \u00eatre utilis\u00e9 matin et\/ou soir. Appliquer 4 \u00e0 6 gouttes sur le visage, le cou et le d\u00e9collet\u00e9, en \u00e9vitant le contour des yeux.<br \/>\nPour les peaux \u00e0 imperfections s\u00e9v\u00e8res : associer avec Blemish + Age Cleansing gel et Blemish + Age Solution.<\/p>\n<div id=\"ConnectiveDocSignExtentionInstalled\" data-extension-version=\"1.0.4\"><\/div>\n","protected":false},"excerpt":{"rendered":"<p><strong>Double traitement haute efficacit\u00e9 pour r\u00e9duire les imperfections et les signes de vieillissement.<\/strong><\/p>\n<p>&nbsp;<\/p>\n<p>Ce soin cibl\u00e9 oil free permet de r\u00e9duire les imperfections chez les adultes et les signes du vieillissement, notamment l&#8217;apparition de rides et de ridules. Il comporte une combinaison in\u00e9dite d&#8217;acide dio\u00efque \u00e0 2 % et une formulation d&#8217;acide alpha et b\u00eata-hydroxy.<\/p>\n<ul>\n<li>R\u00e9duit la production d&#8217;exc\u00e8s de s\u00e9bum<\/li>\n<li>Pr\u00e9vient des imperfections futures<\/li>\n<li>Att\u00e9nue les imperfections et uniformise le teint<\/li>\n<li>D\u00e9congestionne les pores bouch\u00e9s<\/li>\n<li>Minimise les signes superficiels de l&#8217;\u00e2ge<\/li>\n<\/ul>\n<div class=\"fl-module fl-module-rich-text fl-node-5e68c5fe9d995\" data-node=\"5e68c5fe9d995\">\n<div class=\"fl-module-content fl-node-content\">\n<div class=\"fl-rich-text\">\n<p>&nbsp;<\/p>\n<p>&nbsp;<\/p>\n<\/div>\n<\/div>\n<\/div>\n<div data-extension-version=\"1.0.4\"><img loading=\"lazy\" decoding=\"async\" class=\"alignnone size-medium wp-image-16858\" src=\"https:\/\/laseris.ch\/shop\/wp-content\/uploads\/2020\/10\/skinceuticals-revendeur-suisse.png\" alt=\"\" width=\"300\" height=\"61\" \/><\/div>\n<div id=\"ConnectiveDocSignExtentionInstalled\" data-extension-version=\"1.0.4\"><\/div>\n","protected":false},"featured_media":15515,"comment_status":"open","ping_status":"closed","template":"","meta":[],"product_brand":[],"product_cat":[560,682,533,534,535,506,507,497,511],"product_tag":[670],"class_list":{"0":"post-15476","1":"product","2":"type-product","3":"status-publish","4":"has-post-thumbnail","6":"product_cat-promotion","7":"product_cat-skinceuticals","8":"product_cat-probleme-de-peau","9":"product_cat-vieillissement","10":"product_cat-imperfections","11":"product_cat-peau-grasse","12":"product_cat-peau-mixte","13":"product_cat-serum","14":"product_cat-visage","15":"product_tag-shopping","16":"description-off","18":"first","19":"instock","20":"sale","21":"shipping-taxable","22":"purchasable","23":"product-type-simple"},"_links":{"self":[{"href":"https:\/\/laseris.ch\/shop\/wp-json\/wp\/v2\/product\/15476","targetHints":{"allow":["GET"]}}],"collection":[{"href":"https:\/\/laseris.ch\/shop\/wp-json\/wp\/v2\/product"}],"about":[{"href":"https:\/\/laseris.ch\/shop\/wp-json\/wp\/v2\/types\/product"}],"replies":[{"embeddable":true,"href":"https:\/\/laseris.ch\/shop\/wp-json\/wp\/v2\/comments?post=15476"}],"wp:featuredmedia":[{"embeddable":true,"href":"https:\/\/laseris.ch\/shop\/wp-json\/wp\/v2\/media\/15515"}],"wp:attachment":[{"href":"https:\/\/laseris.ch\/shop\/wp-json\/wp\/v2\/media?parent=15476"}],"wp:term":[{"taxonomy":"product_brand","embeddable":true,"href":"https:\/\/laseris.ch\/shop\/wp-json\/wp\/v2\/product_brand?post=15476"},{"taxonomy":"product_cat","embeddable":true,"href":"https:\/\/laseris.ch\/shop\/wp-json\/wp\/v2\/product_cat?post=15476"},{"taxonomy":"product_tag","embeddable":true,"href":"https:\/\/laseris.ch\/shop\/wp-json\/wp\/v2\/product_tag?post=15476"}],"curies":[{"name":"wp","href":"https:\/\/api.w.org\/{rel}","templated":true}]}}