{"id":15472,"date":"2019-04-02T10:55:35","date_gmt":"2019-04-02T08:55:35","guid":{"rendered":"https:\/\/laseris.ch\/shop\/?post_type=product&#038;p=15472"},"modified":"2026-01-10T15:42:44","modified_gmt":"2026-01-10T14:42:44","slug":"aoxeye-gel-15-ml","status":"publish","type":"product","link":"https:\/\/laseris.ch\/shop\/product\/aoxeye-gel-15-ml\/","title":{"rendered":"Aox + Eye Gel 15 ml SkinCeuticals"},"content":{"rendered":"<p>Cette texture s\u00e9rum-gel r\u00e9volutionnaire contient un trio d&#8217;antioxydants qui agissent pour prot\u00e9ger la zone d\u00e9licate du contour de l&#8217;\u0153il contre le stress oxydatif. Ses actifs cibl\u00e9s att\u00e9nuent les cernes, r\u00e9duisent les poches et redonnent de l&#8217;\u00e9clat pour un regard visiblement plus jeune.<\/p>\n<p>R\u00e9sultats :<\/p>\n<ul>\n<li>Pr\u00e9vient les signes du vieillissement<\/li>\n<li>Corrige les signes visibles du photovieillissement<\/li>\n<li>Att\u00e9nue les cernes et r\u00e9duit les poches<\/li>\n<li>Combat les signes de fatigue pour redonner de l&#8217;\u00e9clat au regard<\/li>\n<\/ul>\n<p>&nbsp;<\/p>\n<div id=\"ConnectiveDocSignExtentionInstalled\" data-extension-version=\"1.0.4\">\n<p class=\"t_collapse\"><strong>CONSEILS D&#8217;UTILISTION :<\/strong><\/p>\n<p>&nbsp;<\/p>\n<div class=\"ctn_bloc\">\n<p class=\"ctn_right\">Le matin, appliquer \u00bd noisette autour de chaque \u0153il. Appliquer en dessous des yeux, sur les coins externes et sur les arcades sourcili\u00e8res. Appliquer \u00e0 une distance d\u2019au moins 3 millim\u00e8tres des membranes muqueuses autour des yeux. Ne pas appliquer le soin sur les coins internes pr\u00e8s des canaux lacrymonasaux, sous les arcades sourcili\u00e8res, ou sur les paupi\u00e8res sup\u00e9rieures. Les soins \u00e0 la vitamine C noircissent naturellement apr\u00e8s ouverture \u00e0 cause de l\u2019exposition \u00e0 l\u2019air et \u00e0 la lumi\u00e8re. Les modifications de couleur n\u2019affectent en rien l\u2019efficacit\u00e9 du produit.<\/p>\n<\/div>\n<\/div>\n","protected":false},"excerpt":{"rendered":"<p>Un s\u00e9rum en gel pour le contour des yeux. Triple antioxydant pour combattre le photovieillissement et les signes de fatigue. Il fournit une protection avanc\u00e9e contre les agressions environnementales tout en r\u00e9duisant les gonflements, les signes de fatigue et les cernes, il redonne de l&#8217;\u00e9clat au regard.<\/p>\n<p>&nbsp;<\/p>\n<p>&nbsp;<\/p>\n<div data-extension-version=\"1.0.4\"><img loading=\"lazy\" decoding=\"async\" class=\"alignnone size-medium wp-image-16858\" src=\"https:\/\/laseris.ch\/shop\/wp-content\/uploads\/2020\/10\/skinceuticals-revendeur-suisse.png\" alt=\"\" width=\"300\" height=\"61\" \/><\/div>\n<div id=\"ConnectiveDocSignExtentionInstalled\" data-extension-version=\"1.0.4\"><\/div>\n","protected":false},"featured_media":15513,"comment_status":"closed","ping_status":"closed","template":"","meta":[],"product_brand":[],"product_cat":[537,539,682,533,534,535,536,496,500,515,506,507,505,504],"product_tag":[648],"class_list":{"0":"post-15472","1":"product","2":"type-product","3":"status-publish","4":"has-post-thumbnail","6":"product_cat-deshydratee","7":"product_cat-fragilisee","8":"product_cat-skinceuticals","9":"product_cat-probleme-de-peau","10":"product_cat-vieillissement","11":"product_cat-imperfections","12":"product_cat-hyperpigmentation","13":"product_cat-antioxydant","14":"product_cat-contour-de-loeil","15":"product_cat-gel","16":"product_cat-peau-grasse","17":"product_cat-peau-mixte","18":"product_cat-peau-normale","19":"product_cat-peau-seche","20":"product_tag-35-45-ans","21":"description-off","23":"first","24":"instock","25":"shipping-taxable","26":"purchasable","27":"product-type-simple"},"_links":{"self":[{"href":"https:\/\/laseris.ch\/shop\/wp-json\/wp\/v2\/product\/15472","targetHints":{"allow":["GET"]}}],"collection":[{"href":"https:\/\/laseris.ch\/shop\/wp-json\/wp\/v2\/product"}],"about":[{"href":"https:\/\/laseris.ch\/shop\/wp-json\/wp\/v2\/types\/product"}],"replies":[{"embeddable":true,"href":"https:\/\/laseris.ch\/shop\/wp-json\/wp\/v2\/comments?post=15472"}],"wp:featuredmedia":[{"embeddable":true,"href":"https:\/\/laseris.ch\/shop\/wp-json\/wp\/v2\/media\/15513"}],"wp:attachment":[{"href":"https:\/\/laseris.ch\/shop\/wp-json\/wp\/v2\/media?parent=15472"}],"wp:term":[{"taxonomy":"product_brand","embeddable":true,"href":"https:\/\/laseris.ch\/shop\/wp-json\/wp\/v2\/product_brand?post=15472"},{"taxonomy":"product_cat","embeddable":true,"href":"https:\/\/laseris.ch\/shop\/wp-json\/wp\/v2\/product_cat?post=15472"},{"taxonomy":"product_tag","embeddable":true,"href":"https:\/\/laseris.ch\/shop\/wp-json\/wp\/v2\/product_tag?post=15472"}],"curies":[{"name":"wp","href":"https:\/\/api.w.org\/{rel}","templated":true}]}}