{"id":15470,"date":"2019-04-02T10:53:21","date_gmt":"2019-04-02T08:53:21","guid":{"rendered":"https:\/\/laseris.ch\/shop\/?post_type=product&#038;p=15470"},"modified":"2025-09-24T09:42:09","modified_gmt":"2025-09-24T07:42:09","slug":"serum-10-30-ml","status":"publish","type":"product","link":"https:\/\/laseris.ch\/shop\/product\/serum-10-30-ml\/","title":{"rendered":"Serum 10 30 ml SkinCeuticals"},"content":{"rendered":"<p>Id\u00e9al pour les peaux sensibles, le s\u00e9rum 10 permet de maintenir une peau en pleine sant\u00e9. Ce soin neutralise en effet les radicaux libres, lutte contre les agressions externes et aide \u00e0 pr\u00e9venir le vieillissement acc\u00e9l\u00e9r\u00e9 de la peau.<\/p>\n<ul>\n<li>Aide \u00e0 att\u00e9nuer l\u2019apparence des rides et des ridules, neutralise les radicaux libres et prot\u00e8ge la peau contre les d\u00e9g\u00e2ts dus \u00e0 son environnement<\/li>\n<li>Ce s\u00e9rum repose sur une technologie brevet\u00e9e et d\u00e9velopp\u00e9e par l\u2019Universit\u00e9 de Duke. Riche en vitamine C, il permet d\u2019apporter \u00e0 la peau de l\u2019acide L-ascorbique (10%)<\/li>\n<li>Une fois absorb\u00e9, ce s\u00e9rum ne dispara\u00eet pas au lavage ni aux frottement. Il reste actif pour un minimum de 72 heures, ce qui en fait un excellent soin compl\u00e9mentaire \u00e0 un \u00e9cran solaire<\/li>\n<\/ul>\n<p>&nbsp;<\/p>\n<p><strong>CONSEILS D&#8217;UTILISATION :<\/strong><\/p>\n<p>Tous les matins apr\u00e8s le nettoyage, appliquer 4 \u00e0 5 gouttes sur le visage, le cou et le d\u00e9collet\u00e9 s\u00e9ch\u00e9s au pr\u00e9alable. Les soins \u00e0 la vitamine C noircissent naturellement apr\u00e8s ouverture \u00e0 cause de l\u2019exposition \u00e0 l\u2019air et \u00e0 la lumi\u00e8re. Les modifications de couleur n\u2019affectent en rien l\u2019efficacit\u00e9 du produit.<\/p>\n<div id=\"ConnectiveDocSignExtentionInstalled\" data-extension-version=\"1.0.4\"><\/div>\n","protected":false},"excerpt":{"rendered":"<p>Pr\u00e9vient les signes du photovieillissement (rides, ridules). Aide \u00e0 att\u00e9nuer l&#8217;apparence des rides et des ridules, tout en neutralisant les radicaux libres et prot\u00e9geant la peau contre les d\u00e9g\u00e2ts dus \u00e0 son environnement. Id\u00e9al pour les peaux sensibles ou fragilis\u00e9es.<\/p>\n<p>&nbsp;<\/p>\n<div class=\"fl-module fl-module-rich-text fl-node-5e68c5fe9d995\" data-node=\"5e68c5fe9d995\">\n<div class=\"fl-module-content fl-node-content\">\n<div class=\"fl-rich-text\">\n<p>&nbsp;<\/p>\n<\/div>\n<\/div>\n<\/div>\n<div data-extension-version=\"1.0.4\"><img loading=\"lazy\" decoding=\"async\" class=\"alignnone size-medium wp-image-16858\" src=\"https:\/\/laseris.ch\/shop\/wp-content\/uploads\/2020\/10\/skinceuticals-revendeur-suisse.png\" alt=\"\" width=\"300\" height=\"61\" \/><\/div>\n<div id=\"ConnectiveDocSignExtentionInstalled\" data-extension-version=\"1.0.4\"><\/div>\n","protected":false},"featured_media":15533,"comment_status":"open","ping_status":"closed","template":"","meta":[],"product_brand":[],"product_cat":[539,560,682,533,534,535,496,505,531,497,511],"product_tag":[648,670],"class_list":{"0":"post-15470","1":"product","2":"type-product","3":"status-publish","4":"has-post-thumbnail","6":"product_cat-fragilisee","7":"product_cat-promotion","8":"product_cat-skinceuticals","9":"product_cat-probleme-de-peau","10":"product_cat-vieillissement","11":"product_cat-imperfections","12":"product_cat-antioxydant","13":"product_cat-peau-normale","14":"product_cat-peau-sensible","15":"product_cat-serum","16":"product_cat-visage","17":"product_tag-35-45-ans","18":"product_tag-shopping","19":"description-off","21":"first","22":"instock","23":"sale","24":"shipping-taxable","25":"purchasable","26":"product-type-simple"},"_links":{"self":[{"href":"https:\/\/laseris.ch\/shop\/wp-json\/wp\/v2\/product\/15470","targetHints":{"allow":["GET"]}}],"collection":[{"href":"https:\/\/laseris.ch\/shop\/wp-json\/wp\/v2\/product"}],"about":[{"href":"https:\/\/laseris.ch\/shop\/wp-json\/wp\/v2\/types\/product"}],"replies":[{"embeddable":true,"href":"https:\/\/laseris.ch\/shop\/wp-json\/wp\/v2\/comments?post=15470"}],"wp:featuredmedia":[{"embeddable":true,"href":"https:\/\/laseris.ch\/shop\/wp-json\/wp\/v2\/media\/15533"}],"wp:attachment":[{"href":"https:\/\/laseris.ch\/shop\/wp-json\/wp\/v2\/media?parent=15470"}],"wp:term":[{"taxonomy":"product_brand","embeddable":true,"href":"https:\/\/laseris.ch\/shop\/wp-json\/wp\/v2\/product_brand?post=15470"},{"taxonomy":"product_cat","embeddable":true,"href":"https:\/\/laseris.ch\/shop\/wp-json\/wp\/v2\/product_cat?post=15470"},{"taxonomy":"product_tag","embeddable":true,"href":"https:\/\/laseris.ch\/shop\/wp-json\/wp\/v2\/product_tag?post=15470"}],"curies":[{"name":"wp","href":"https:\/\/api.w.org\/{rel}","templated":true}]}}