{"id":15468,"date":"2019-04-02T10:48:38","date_gmt":"2019-04-02T08:48:38","guid":{"rendered":"https:\/\/laseris.ch\/shop\/?post_type=product&#038;p=15468"},"modified":"2025-09-24T09:43:35","modified_gmt":"2025-09-24T07:43:35","slug":"phloretin-cf-gel-30-ml","status":"publish","type":"product","link":"https:\/\/laseris.ch\/shop\/product\/phloretin-cf-gel-30-ml\/","title":{"rendered":"Phloretin CF Gel 30 ml SkinCeuticals"},"content":{"rendered":"<p>Le gel Phloretin CF constitue une v\u00e9ritable r\u00e9volution en mati\u00e8re de formulations \u00e0 base de gel, gr\u00e2ce \u00e0 l&#8217;utilisation d&#8217;un g\u00e9lifiant \u00e0 la pointe du progr\u00e8s qui satisfait les crit\u00e8res de composition en vitamine C ultra-stricts \u00e9tablis par les chercheurs de l&#8217;Universit\u00e9 de Duke. Utilis\u00e9 quotidiennement, il prot\u00e8ge la peau contre les dommages li\u00e9s au vieillissement cutan\u00e9. Ce complexe d&#8217;antioxydants aide \u00e9galement \u00e0 renforcer la structure et l&#8217;\u00e9clat de la peau.<\/p>\n<p>R\u00e9sultats :<\/p>\n<ul>\n<li>Procure une haute protection environnementale contre les UVA et les UVB<\/li>\n<li>Aide \u00e0 lutter contre les signes du vieillissement<\/li>\n<li>Att\u00e9nue l&#8217;hyperpigmentation et aide \u00e0 repulper la peau<\/li>\n<li>Prot\u00e8ge des agressions engendr\u00e9es par les UV<\/li>\n<li>Ce soin \u00e0 texture fra\u00eeche et l\u00e9g\u00e8re poss\u00e8de des actifs qui nourrissent la peau gr\u00e2ce \u00e0 une p\u00e9n\u00e9tration contr\u00f4l\u00e9e<\/li>\n<\/ul>\n<div class=\"fl-module fl-module-rich-text fl-node-5e68c5fe9d995\" data-node=\"5e68c5fe9d995\">\n<div class=\"fl-module-content fl-node-content\">\n<div class=\"fl-rich-text\">\n<p>&nbsp;<\/p>\n<p><strong>CONSEILS D&#8217;UTILISATION :\u00a0<\/strong><\/p>\n<\/div>\n<p>Le matin, apr\u00e8s utilisation du nettoyant et du tonique, appliquer 2\u00a0noisettes de ce soin puissant sur le visage, ou bien 4 \u00e0 5 noisettes sur le visage, le cou et le d\u00e9collet\u00e9, en \u00e9vitant le contour des yeux.<\/p>\n<p>&nbsp;<\/p>\n<p>\u00c0 SAVOIR : Les soins \u00e0 la vitamine C noircissent naturellement apr\u00e8s ouverture \u00e0 cause de l\u2019exposition \u00e0 l\u2019air et \u00e0 la lumi\u00e8re. Les modifications de couleur n\u2019affectent en rien l\u2019efficacit\u00e9 du produit.<\/p>\n<\/div>\n<\/div>\n<div id=\"ConnectiveDocSignExtentionInstalled\" data-extension-version=\"1.0.4\"><\/div>\n","protected":false},"excerpt":{"rendered":"<p>Procure une haute protection environnementale contre les UVA et les UVB. Aide \u00e0 lutter contre les signes du vieillissement. Att\u00e9nue l&#8217;hyperpigmentation et aide \u00e0 repulper la peau. Prot\u00e8ge des agressions engendr\u00e9es par les UV et nourrit la peau.<\/p>\n<p>&nbsp;<\/p>\n<div data-extension-version=\"1.0.4\"><img loading=\"lazy\" decoding=\"async\" class=\"alignnone size-medium wp-image-16858\" src=\"https:\/\/laseris.ch\/shop\/wp-content\/uploads\/2020\/10\/skinceuticals-revendeur-suisse.png\" alt=\"\" width=\"300\" height=\"61\" \/><\/div>\n<div id=\"ConnectiveDocSignExtentionInstalled\" data-extension-version=\"1.0.4\"><\/div>\n","protected":false},"featured_media":15526,"comment_status":"closed","ping_status":"closed","template":"","meta":[],"product_brand":[],"product_cat":[682,496,515,506,507,505,511],"product_tag":[648],"class_list":{"0":"post-15468","1":"product","2":"type-product","3":"status-publish","4":"has-post-thumbnail","6":"product_cat-skinceuticals","7":"product_cat-antioxydant","8":"product_cat-gel","9":"product_cat-peau-grasse","10":"product_cat-peau-mixte","11":"product_cat-peau-normale","12":"product_cat-visage","13":"product_tag-35-45-ans","14":"description-off","16":"first","17":"instock","18":"sale","19":"shipping-taxable","20":"purchasable","21":"product-type-simple"},"_links":{"self":[{"href":"https:\/\/laseris.ch\/shop\/wp-json\/wp\/v2\/product\/15468","targetHints":{"allow":["GET"]}}],"collection":[{"href":"https:\/\/laseris.ch\/shop\/wp-json\/wp\/v2\/product"}],"about":[{"href":"https:\/\/laseris.ch\/shop\/wp-json\/wp\/v2\/types\/product"}],"replies":[{"embeddable":true,"href":"https:\/\/laseris.ch\/shop\/wp-json\/wp\/v2\/comments?post=15468"}],"wp:featuredmedia":[{"embeddable":true,"href":"https:\/\/laseris.ch\/shop\/wp-json\/wp\/v2\/media\/15526"}],"wp:attachment":[{"href":"https:\/\/laseris.ch\/shop\/wp-json\/wp\/v2\/media?parent=15468"}],"wp:term":[{"taxonomy":"product_brand","embeddable":true,"href":"https:\/\/laseris.ch\/shop\/wp-json\/wp\/v2\/product_brand?post=15468"},{"taxonomy":"product_cat","embeddable":true,"href":"https:\/\/laseris.ch\/shop\/wp-json\/wp\/v2\/product_cat?post=15468"},{"taxonomy":"product_tag","embeddable":true,"href":"https:\/\/laseris.ch\/shop\/wp-json\/wp\/v2\/product_tag?post=15468"}],"curies":[{"name":"wp","href":"https:\/\/api.w.org\/{rel}","templated":true}]}}