{"id":15462,"date":"2019-04-02T10:39:40","date_gmt":"2019-04-02T08:39:40","guid":{"rendered":"https:\/\/laseris.ch\/shop\/?post_type=product&#038;p=15462"},"modified":"2025-11-13T17:25:26","modified_gmt":"2025-11-13T16:25:26","slug":"resveratrol-b-e-30-ml","status":"publish","type":"product","link":"https:\/\/laseris.ch\/shop\/product\/resveratrol-b-e-30-ml\/","title":{"rendered":"Resveratrol B E 30 ml SkinCeuticals"},"content":{"rendered":"<p>L\u2019utilisation du gel-s\u00e9rum antioxydant Resveratrol B E permet d\u2019accompagner la peau dans son processus naturel de r\u00e9paration et de r\u00e9g\u00e9n\u00e9ration nocturne pour r\u00e9parer les dommages cutan\u00e9s et pr\u00e9server au mieux le vieillissement pr\u00e9matur\u00e9 de la peau. Combinant 1% de resv\u00e9ratrol pur et stabilis\u00e9, 0,5 % de ba\u00efcaline et 1 % de Vitamine E, ce puissant concentr\u00e9 antioxydant de nuit permet un renouvellement de la peau optimal en lissant les rides et ridules tout en apportant fermet\u00e9, \u00e9lasticit\u00e9 et \u00e9clat \u00e0 votre peau.<\/p>\n<p>&nbsp;<\/p>\n<p><strong>CONSEILS D&#8217;UTILISATION :\u00a0<\/strong><\/p>\n<p>Tous les soirs apr\u00e8s le nettoyage de la peau, appliquer 1 \u00e0 2 noisettes sur visage sec. Compl\u00e9ter avec un soin SkinCeuticals.<\/p>\n<p>&nbsp;<\/p>\n<div class=\"asset_content_small_pdp\">\u00c0 SAVOIR : La couleur du produit peut changer avec le temps, \u00e0 cause de la concentration \u00e9lev\u00e9e d\u2019actifs, mais la formule conserve ses propri\u00e9t\u00e9s.<\/div>\n<div id=\"ConnectiveDocSignExtentionInstalled\" data-extension-version=\"1.0.4\"><\/div>\n","protected":false},"excerpt":{"rendered":"<p><strong>Am\u00e9liore l&#8217;\u00e9lasticit\u00e9, la fermet\u00e9 et l&#8217;\u00e9clat de la peau. Stimule la\u00a0r\u00e9g\u00e9n\u00e9ration\u00a0naturelle de la peau pour corriger les signes de l&#8217;\u00e2ge.<\/strong><\/p>\n<p>&nbsp;<\/p>\n<p>Ce concentr\u00e9 antioxydant de nuit (association synergique avec 1% de Resv\u00e9ratrol pur et stabilis\u00e9, 0,5% de Ba\u00efcaline et 1% de Vitamine E) stimule le syst\u00e8me de d\u00e9fense interne antioxydant de la peau pour qu&#8217;elle retrouve ses capacit\u00e9s de r\u00e9g\u00e9n\u00e9ration nocturne, ainsi qu&#8217;une am\u00e9lioration visible de l&#8217;\u00e9clat, de l&#8217;\u00e9lasticit\u00e9 et de la densit\u00e9 de la peau.<\/p>\n<div class=\"fl-module fl-module-rich-text fl-node-5e68c5fe9d995\" data-node=\"5e68c5fe9d995\">\n<div class=\"fl-module-content fl-node-content\">\n<div class=\"fl-rich-text\">\n<p>&nbsp;<\/p>\n<p>&nbsp;<\/p>\n<\/div>\n<\/div>\n<\/div>\n<div data-extension-version=\"1.0.4\"><img loading=\"lazy\" decoding=\"async\" class=\"alignnone size-medium wp-image-16858\" src=\"https:\/\/laseris.ch\/shop\/wp-content\/uploads\/2020\/10\/skinceuticals-revendeur-suisse.png\" alt=\"\" width=\"300\" height=\"61\" \/><\/div>\n<div id=\"ConnectiveDocSignExtentionInstalled\" data-extension-version=\"1.0.4\"><\/div>\n","protected":false},"featured_media":15530,"comment_status":"closed","ping_status":"closed","template":"","meta":[],"product_brand":[],"product_cat":[682,533,534,496,499,515,506,507,505,504,512,511],"product_tag":[648],"class_list":{"0":"post-15462","1":"product","2":"type-product","3":"status-publish","4":"has-post-thumbnail","6":"product_cat-skinceuticals","7":"product_cat-probleme-de-peau","8":"product_cat-vieillissement","9":"product_cat-antioxydant","10":"product_cat-creme-nuit","11":"product_cat-gel","12":"product_cat-peau-grasse","13":"product_cat-peau-mixte","14":"product_cat-peau-normale","15":"product_cat-peau-seche","16":"product_cat-tout-type-de-peau","17":"product_cat-visage","18":"product_tag-35-45-ans","19":"description-off","21":"first","22":"instock","23":"shipping-taxable","24":"purchasable","25":"product-type-simple"},"_links":{"self":[{"href":"https:\/\/laseris.ch\/shop\/wp-json\/wp\/v2\/product\/15462","targetHints":{"allow":["GET"]}}],"collection":[{"href":"https:\/\/laseris.ch\/shop\/wp-json\/wp\/v2\/product"}],"about":[{"href":"https:\/\/laseris.ch\/shop\/wp-json\/wp\/v2\/types\/product"}],"replies":[{"embeddable":true,"href":"https:\/\/laseris.ch\/shop\/wp-json\/wp\/v2\/comments?post=15462"}],"wp:featuredmedia":[{"embeddable":true,"href":"https:\/\/laseris.ch\/shop\/wp-json\/wp\/v2\/media\/15530"}],"wp:attachment":[{"href":"https:\/\/laseris.ch\/shop\/wp-json\/wp\/v2\/media?parent=15462"}],"wp:term":[{"taxonomy":"product_brand","embeddable":true,"href":"https:\/\/laseris.ch\/shop\/wp-json\/wp\/v2\/product_brand?post=15462"},{"taxonomy":"product_cat","embeddable":true,"href":"https:\/\/laseris.ch\/shop\/wp-json\/wp\/v2\/product_cat?post=15462"},{"taxonomy":"product_tag","embeddable":true,"href":"https:\/\/laseris.ch\/shop\/wp-json\/wp\/v2\/product_tag?post=15462"}],"curies":[{"name":"wp","href":"https:\/\/api.w.org\/{rel}","templated":true}]}}