{"id":15458,"date":"2019-04-02T10:34:28","date_gmt":"2019-04-02T08:34:28","guid":{"rendered":"https:\/\/laseris.ch\/shop\/?post_type=product&#038;p=15458"},"modified":"2025-11-25T08:21:29","modified_gmt":"2025-11-25T07:21:29","slug":"soothing-cleanser-150-ml","status":"publish","type":"product","link":"https:\/\/laseris.ch\/shop\/product\/soothing-cleanser-150-ml\/","title":{"rendered":"Soothing Cleanser 150 ml SkinCeuticals"},"content":{"rendered":"<p>Soothing Cleanser est un puissant nettoyant formul\u00e9 avec un syst\u00e8me surfactant \u00e0 l\u2019Amilite et 23% d\u2019une combinaison d\u2019extrait botaniques : concombre, sorbitol, glyc\u00e9rine et Orchid\u00e9e.<\/p>\n<p>Ce nettoyant se pr\u00e9sente sous forme d\u2019une mousse onctueuse qui se transforme en \u00e9mulsion au contact de la peau pour permettre un nettoyage efficace en douceur. Cette formule permet de d\u00e9licatement nettoyer les impuret\u00e9s tout en apaisant et apportant du confort.<\/p>\n<p>Test\u00e9 post-proc\u00e9dure.<\/p>\n<p>Non com\u00e9dog\u00e8ne, adapt\u00e9 \u00e0 une utilisation quotidienne, sans parfum de synth\u00e8se et sans alcool.<\/p>\n<p>Adapt\u00e9 \u00e0 tout type de peau, m\u00eame sensibles.<\/p>\n<p>Relai id\u00e9al des proc\u00e9dures esth\u00e9tiques comme les peelings, lumi\u00e8re intense puls\u00e9e, laser non-ablatif, micro-dermabrasion, injections et micro-needling.<\/p>\n<p>&nbsp;<\/p>\n<p><strong>CONSEILS D&#8217;UTILISATION :<\/strong><\/p>\n<p>&nbsp;<\/p>\n<p>Deux fois par jour, masser d\u00e9licatement d\u2019un geste circulaire une noisette de produit sur un visage humide, rincer avec de l&#8217;eau ti\u00e8de et s\u00e9cher en tamponnant \u00e0 l&#8217;aide d&#8217;un linge propre.<\/p>\n<p>Si appliqu\u00e9 le matin, utiliser avant un s\u00e9rum \u00e0 la vitamine C et une photoprotection SkinCeuticals. Si appliqu\u00e9 le soir, utiliser Soothing Cleanser avant un soin correcteur ou hydratant SkinCeuticals.<\/p>\n<div id=\"ConnectiveDocSignExtentionInstalled\" data-extension-version=\"1.0.4\"><\/div>\n","protected":false},"excerpt":{"rendered":"<p><strong>Mousse nettoyante et apaisante contenant une haute concentration d&#8217;extrait botaniques,\u00a0 elle \u00e9limine les impuret\u00e9s tout en apaisant la peau, afin de lui apporter douceur et confort.<\/strong><\/p>\n<p>&nbsp;<\/p>\n<div class=\"fl-module fl-module-rich-text fl-node-5e68c5fe9d995\" data-node=\"5e68c5fe9d995\">\n<div class=\"fl-module-content fl-node-content\">\n<div class=\"fl-rich-text\">\n<p>&nbsp;<\/p>\n<p>&nbsp;<\/p>\n<\/div>\n<\/div>\n<\/div>\n<div data-extension-version=\"1.0.4\"><img loading=\"lazy\" decoding=\"async\" class=\"alignnone size-medium wp-image-16858\" src=\"https:\/\/laseris.ch\/shop\/wp-content\/uploads\/2020\/10\/skinceuticals-revendeur-suisse.png\" alt=\"\" width=\"300\" height=\"61\" \/><\/div>\n<div id=\"ConnectiveDocSignExtentionInstalled\" data-extension-version=\"1.0.4\"><\/div>\n","protected":false},"featured_media":15535,"comment_status":"closed","ping_status":"closed","template":"","meta":[],"product_brand":[],"product_cat":[537,539,538,682,533,535,510,506,507,505,504,531,512,511],"product_tag":[],"class_list":{"0":"post-15458","1":"product","2":"type-product","3":"status-publish","4":"has-post-thumbnail","6":"product_cat-deshydratee","7":"product_cat-fragilisee","8":"product_cat-peau-sujette-aux-rougeurs","9":"product_cat-skinceuticals","10":"product_cat-probleme-de-peau","11":"product_cat-imperfections","12":"product_cat-nettoyant","13":"product_cat-peau-grasse","14":"product_cat-peau-mixte","15":"product_cat-peau-normale","16":"product_cat-peau-seche","17":"product_cat-peau-sensible","18":"product_cat-tout-type-de-peau","19":"product_cat-visage","20":"description-off","22":"first","23":"instock","24":"shipping-taxable","25":"purchasable","26":"product-type-simple"},"_links":{"self":[{"href":"https:\/\/laseris.ch\/shop\/wp-json\/wp\/v2\/product\/15458","targetHints":{"allow":["GET"]}}],"collection":[{"href":"https:\/\/laseris.ch\/shop\/wp-json\/wp\/v2\/product"}],"about":[{"href":"https:\/\/laseris.ch\/shop\/wp-json\/wp\/v2\/types\/product"}],"replies":[{"embeddable":true,"href":"https:\/\/laseris.ch\/shop\/wp-json\/wp\/v2\/comments?post=15458"}],"wp:featuredmedia":[{"embeddable":true,"href":"https:\/\/laseris.ch\/shop\/wp-json\/wp\/v2\/media\/15535"}],"wp:attachment":[{"href":"https:\/\/laseris.ch\/shop\/wp-json\/wp\/v2\/media?parent=15458"}],"wp:term":[{"taxonomy":"product_brand","embeddable":true,"href":"https:\/\/laseris.ch\/shop\/wp-json\/wp\/v2\/product_brand?post=15458"},{"taxonomy":"product_cat","embeddable":true,"href":"https:\/\/laseris.ch\/shop\/wp-json\/wp\/v2\/product_cat?post=15458"},{"taxonomy":"product_tag","embeddable":true,"href":"https:\/\/laseris.ch\/shop\/wp-json\/wp\/v2\/product_tag?post=15458"}],"curies":[{"name":"wp","href":"https:\/\/api.w.org\/{rel}","templated":true}]}}