{"id":15455,"date":"2019-04-02T10:27:29","date_gmt":"2019-04-02T08:27:29","guid":{"rendered":"https:\/\/laseris.ch\/shop\/?post_type=product&#038;p=15455"},"modified":"2026-01-17T07:38:30","modified_gmt":"2026-01-17T06:38:30","slug":"blemishage-toner-250-ml","status":"publish","type":"product","link":"https:\/\/laseris.ch\/shop\/product\/blemishage-toner-250-ml\/","title":{"rendered":"Blemish + Age Toner 250 ml SkinCeuticals"},"content":{"rendered":"<p>Formul\u00e9 sp\u00e9cifiquement pour les peaux matures sujettes aux imperfections, Blemish + Age Toner comprend une triple combinaison d\u2019agents exfoliants pour \u00e9liminer les impuret\u00e9s et les cellules en surface et d\u00e9sobstruer ainsi les pores.<\/p>\n<p>R\u00e9sultats :<\/p>\n<div id=\"ConnectiveDocSignExtentionInstalled\" data-extension-version=\"1.0.4\">\n<ul>\n<li>Exfolie en pr\u00e9cision et de mani\u00e8re uniforme pour d\u00e9boucher les pores<\/li>\n<li>Diminue les signes de vieillissement en surface tels que les taches pigmentaires, les ridules, les rides et la texture r\u00eache<\/li>\n<li>Am\u00e9liore le teint et le grain de peau\/li&gt;<\/li>\n<li>\u00c9limine les impuret\u00e9s, le s\u00e9bum et autres d\u00e9bris cellulaires qui entra\u00eenent les imperfections<\/li>\n<\/ul>\n<p>&nbsp;<\/p>\n<p><strong>CONSEILS D&#8217;UTILISATION :\u00a0<\/strong><\/p>\n<p>Ce soin peut \u00eatre utilis\u00e9 matin et\/ou soir. Appliquer 4 \u00e0 6 gouttes sur le visage, le cou et le d\u00e9collet\u00e9, en \u00e9vitant le contour des yeux.<\/p>\n<\/div>\n","protected":false},"excerpt":{"rendered":"<p><strong>Permet une exfoliation cibl\u00e9e et uniforme pour d\u00e9boucher les pores. Aide \u00e0 am\u00e9liorer la texture et le teint de la peau. \u00c9limine les impuret\u00e9s, ainsi que l&#8217;exc\u00e8s de s\u00e9bum.<\/strong><\/p>\n<p>&nbsp;<\/p>\n<p>Con\u00e7u pour les peaux sujettes aux imperfections, Blemish + Age Solution aide \u00e0 \u00e9liminer de fa\u00e7on efficace les r\u00e9sidus et les cellules superficielles afin de d\u00e9congestionner les pores. Il contient une triple combinaison d&#8217;agents exfoliants.<\/p>\n<ul>\n<li>Permet une exfoliation cibl\u00e9e et uniforme afin de d\u00e9boucher les pores<\/li>\n<li>Aide \u00e0 am\u00e9liorer la texture et le teint de la peau<\/li>\n<li>\u00c9limine les impuret\u00e9s, ainsi que l&#8217;exc\u00e8s de s\u00e9bum\n<div class=\"fl-module fl-module-rich-text fl-node-5e68c5fe9d995\" data-node=\"5e68c5fe9d995\">\n<div class=\"fl-module-content fl-node-content\">\n<div class=\"fl-rich-text\">\n<p>&nbsp;<\/p>\n<p>&nbsp;<\/p>\n<\/div>\n<\/div>\n<\/div>\n<div data-extension-version=\"1.0.4\"><img loading=\"lazy\" decoding=\"async\" class=\"alignnone size-medium wp-image-16858\" src=\"https:\/\/laseris.ch\/shop\/wp-content\/uploads\/2020\/10\/skinceuticals-revendeur-suisse.png\" alt=\"\" width=\"300\" height=\"61\" \/><\/div>\n<\/li>\n<\/ul>\n<div id=\"ConnectiveDocSignExtentionInstalled\" data-extension-version=\"1.0.4\"><\/div>\n","protected":false},"featured_media":15517,"comment_status":"open","ping_status":"closed","template":"","meta":[],"product_brand":[],"product_cat":[682,533,534,535,510,506,507,502,511],"product_tag":[],"class_list":{"0":"post-15455","1":"product","2":"type-product","3":"status-publish","4":"has-post-thumbnail","6":"product_cat-skinceuticals","7":"product_cat-probleme-de-peau","8":"product_cat-vieillissement","9":"product_cat-imperfections","10":"product_cat-nettoyant","11":"product_cat-peau-grasse","12":"product_cat-peau-mixte","13":"product_cat-tonique","14":"product_cat-visage","15":"description-off","17":"first","18":"instock","19":"shipping-taxable","20":"purchasable","21":"product-type-simple"},"_links":{"self":[{"href":"https:\/\/laseris.ch\/shop\/wp-json\/wp\/v2\/product\/15455","targetHints":{"allow":["GET"]}}],"collection":[{"href":"https:\/\/laseris.ch\/shop\/wp-json\/wp\/v2\/product"}],"about":[{"href":"https:\/\/laseris.ch\/shop\/wp-json\/wp\/v2\/types\/product"}],"replies":[{"embeddable":true,"href":"https:\/\/laseris.ch\/shop\/wp-json\/wp\/v2\/comments?post=15455"}],"wp:featuredmedia":[{"embeddable":true,"href":"https:\/\/laseris.ch\/shop\/wp-json\/wp\/v2\/media\/15517"}],"wp:attachment":[{"href":"https:\/\/laseris.ch\/shop\/wp-json\/wp\/v2\/media?parent=15455"}],"wp:term":[{"taxonomy":"product_brand","embeddable":true,"href":"https:\/\/laseris.ch\/shop\/wp-json\/wp\/v2\/product_brand?post=15455"},{"taxonomy":"product_cat","embeddable":true,"href":"https:\/\/laseris.ch\/shop\/wp-json\/wp\/v2\/product_cat?post=15455"},{"taxonomy":"product_tag","embeddable":true,"href":"https:\/\/laseris.ch\/shop\/wp-json\/wp\/v2\/product_tag?post=15455"}],"curies":[{"name":"wp","href":"https:\/\/api.w.org\/{rel}","templated":true}]}}