{"id":15443,"date":"2019-04-02T09:40:59","date_gmt":"2019-04-02T07:40:59","guid":{"rendered":"https:\/\/laseris.ch\/shop\/?post_type=product&#038;p=15443"},"modified":"2026-03-27T10:23:19","modified_gmt":"2026-03-27T09:23:19","slug":"gentle-cleanser-200-ml","status":"publish","type":"product","link":"https:\/\/laseris.ch\/shop\/product\/gentle-cleanser-200-ml\/","title":{"rendered":"Gentle Cleanser 200 ml SkinCeuticals"},"content":{"rendered":"<div id=\"ConnectiveDocSignExtentionInstalled\" data-extension-version=\"1.0.4\">Gentle Cleanser est un lait nettoyant doux, formul\u00e9 pour la peau s\u00e8che, sensible ou fragilis\u00e9e.<\/div>\n<div data-extension-version=\"1.0.4\">Gr\u00e2ce \u00e0 sa formule sans mousse, Gentle Cleanser permet de d\u00e9barrasser la peau des impuret\u00e9s, de l&#8217;exc\u00e8s de s\u00e9bum et du maquillage longue dur\u00e9e sans trace, ni r\u00e9sidu. La peau est adoucie et hydrat\u00e9e. Assez doux pour pouvoir \u00eatre utilis\u00e9 plusieurs fois par jour, ce nettoyant non irritant revitalise et apaise la peau.<\/div>\n<div data-extension-version=\"1.0.4\">Test\u00e9 post-proc\u00e9dure.<br \/>\nNon com\u00e9dog\u00e8ne, sans parab\u00e8ne, sans sulfate, sans savon, sans parfum de synth\u00e8se, sans colorant, sans alcool.<br \/>\nRelais id\u00e9al des proc\u00e9dures esth\u00e9tiques comme les peelings, lumi\u00e8re intense puls\u00e9e, laser non-ablatif, micro-dermabrasion, injections et mico-needling&#8230;<\/div>\n<div data-extension-version=\"1.0.4\"><\/div>\n<div data-extension-version=\"1.0.4\"><\/div>\n<div data-extension-version=\"1.0.4\"><strong>CONSEILS D&#8217;UTILISATION :<\/strong><\/div>\n<div data-extension-version=\"1.0.4\">Deux fois par jour, appliquer une petite quantit\u00e9 de produit en l\u00e9gers mouvements circulaires sur le visage et le cou humides. Rincer abondamment \u00e0 l\u2019eau.<\/div>\n","protected":false},"excerpt":{"rendered":"<p><strong>Lait nettoyant doux, adoucit la peau tout en \u00e9liminant le maquillage et les impuret\u00e9s.<\/strong><\/p>\n<p>&nbsp;<\/p>\n<p>&nbsp;<\/p>\n<div class=\"fl-module fl-module-rich-text fl-node-5e68c5fe9d995\" data-node=\"5e68c5fe9d995\">\n<div class=\"fl-module-content fl-node-content\">\n<div class=\"fl-rich-text\">\n<p>&nbsp;<\/p>\n<p>&nbsp;<\/p>\n<\/div>\n<\/div>\n<\/div>\n<div data-extension-version=\"1.0.4\"><img loading=\"lazy\" decoding=\"async\" class=\"alignnone size-medium wp-image-16858\" src=\"https:\/\/laseris.ch\/shop\/wp-content\/uploads\/2020\/10\/skinceuticals-revendeur-suisse.png\" alt=\"\" width=\"300\" height=\"61\" \/><\/div>\n<div id=\"ConnectiveDocSignExtentionInstalled\" data-extension-version=\"1.0.4\"><\/div>\n","protected":false},"featured_media":15806,"comment_status":"open","ping_status":"closed","template":"","meta":[],"product_brand":[],"product_cat":[537,539,538,682,533,534,536,510,505,504,531,511],"product_tag":[],"class_list":{"0":"post-15443","1":"product","2":"type-product","3":"status-publish","4":"has-post-thumbnail","6":"product_cat-deshydratee","7":"product_cat-fragilisee","8":"product_cat-peau-sujette-aux-rougeurs","9":"product_cat-skinceuticals","10":"product_cat-probleme-de-peau","11":"product_cat-vieillissement","12":"product_cat-hyperpigmentation","13":"product_cat-nettoyant","14":"product_cat-peau-normale","15":"product_cat-peau-seche","16":"product_cat-peau-sensible","17":"product_cat-visage","18":"description-off","20":"first","21":"instock","22":"shipping-taxable","23":"purchasable","24":"product-type-simple"},"_links":{"self":[{"href":"https:\/\/laseris.ch\/shop\/wp-json\/wp\/v2\/product\/15443","targetHints":{"allow":["GET"]}}],"collection":[{"href":"https:\/\/laseris.ch\/shop\/wp-json\/wp\/v2\/product"}],"about":[{"href":"https:\/\/laseris.ch\/shop\/wp-json\/wp\/v2\/types\/product"}],"replies":[{"embeddable":true,"href":"https:\/\/laseris.ch\/shop\/wp-json\/wp\/v2\/comments?post=15443"}],"wp:featuredmedia":[{"embeddable":true,"href":"https:\/\/laseris.ch\/shop\/wp-json\/wp\/v2\/media\/15806"}],"wp:attachment":[{"href":"https:\/\/laseris.ch\/shop\/wp-json\/wp\/v2\/media?parent=15443"}],"wp:term":[{"taxonomy":"product_brand","embeddable":true,"href":"https:\/\/laseris.ch\/shop\/wp-json\/wp\/v2\/product_brand?post=15443"},{"taxonomy":"product_cat","embeddable":true,"href":"https:\/\/laseris.ch\/shop\/wp-json\/wp\/v2\/product_cat?post=15443"},{"taxonomy":"product_tag","embeddable":true,"href":"https:\/\/laseris.ch\/shop\/wp-json\/wp\/v2\/product_tag?post=15443"}],"curies":[{"name":"wp","href":"https:\/\/api.w.org\/{rel}","templated":true}]}}