{"id":16984,"date":"2020-04-09T14:29:54","date_gmt":"2020-04-09T12:29:54","guid":{"rendered":"https:\/\/laseris.ch\/shop\/?page_id=16984"},"modified":"2020-10-23T18:45:33","modified_gmt":"2020-10-23T16:45:33","slug":"protection-solaire","status":"publish","type":"page","link":"https:\/\/laseris.ch\/shop\/protection-solaire\/","title":{"rendered":"Protection solaire"},"content":{"rendered":"<div class=\"wpb-content-wrapper\"><p>[vc_row row_type=&#8221;row&#8221; use_row_as_full_screen_section=&#8221;no&#8221; type=&#8221;full_width&#8221; angled_section=&#8221;no&#8221; text_align=&#8221;left&#8221; background_image_as_pattern=&#8221;without_pattern&#8221; z_index=&#8221;&#8221;][vc_column][vc_column_text]<\/p>\n<h2>Protection solaire<\/h2>\n<p>[\/vc_column_text][\/vc_column][\/vc_row][vc_row row_type=&#8221;row&#8221; use_row_as_full_screen_section=&#8221;no&#8221; type=&#8221;full_width&#8221; angled_section=&#8221;no&#8221; text_align=&#8221;left&#8221; background_image_as_pattern=&#8221;without_pattern&#8221; z_index=&#8221;&#8221;][vc_column][vc_separator type=&#8221;normal&#8221;][\/vc_column][\/vc_row][vc_row row_type=&#8221;row&#8221; use_row_as_full_screen_section=&#8221;no&#8221; type=&#8221;full_width&#8221; angled_section=&#8221;no&#8221; text_align=&#8221;left&#8221; background_image_as_pattern=&#8221;without_pattern&#8221;][vc_column el_class=&#8221;filter-products-block&#8221;]<div class=\"woocommerce columns-3 \"><div class=\"wf-container dt-products  woo-hover products loading-effect-fade-in description-on-hover cart-btn-on-img wc-img-hover hide-description wc-grid\" data-padding=\"0px\" data-cur-page=\"1\" data-desktop-columns-num=\"3\" data-v-tablet-columns-num=\"2\" data-h-tablet-columns-num=\"3\" data-phone-columns-num=\"1\">\n\n<article class=\"post visible description-off product type-product post-17166 status-publish first instock product_cat-hyperpigmentation product_cat-hypopigmentation product_cat-peau-grasse product_cat-peau-mixte product_cat-peau-normale product_cat-peau-seche product_cat-protection-solaire product_cat-skinceuticals product_cat-tout-type-de-peau has-post-thumbnail shipping-taxable purchasable product-type-simple\">\n\n\t<figure class=\"woocom-project\">\n\t<div class=\"woo-buttons-on-img\">\n\n\t\t<a href=\"https:\/\/laseris.ch\/shop\/product\/advanced-brightening-uv-defense-sunscreen-spf50\/\" class=\"alignnone layzr-bg\"><img loading=\"lazy\" decoding=\"async\" width=\"300\" height=\"300\" src=\"data:image\/svg+xml;charset=utf-8,%3Csvg xmlns%3D&#039;http%3A%2F%2Fwww.w3.org%2F2000%2Fsvg&#039; viewBox%3D&#039;0 0 300 300&#039;%2F%3E\" class=\"attachment-woocommerce_thumbnail size-woocommerce_thumbnail lazy-load preload-me\" alt=\"Tube de cr\u00e8me solaire de la marque SkinCeuticals\" data-src=\"https:\/\/laseris.ch\/shop\/wp-content\/uploads\/2020\/06\/Advanced-Brightening-UV-Defense_40ml-1-300x300.png\" data-srcset=\"https:\/\/laseris.ch\/shop\/wp-content\/uploads\/2020\/06\/Advanced-Brightening-UV-Defense_40ml-1-300x300.png 300w, https:\/\/laseris.ch\/shop\/wp-content\/uploads\/2020\/06\/Advanced-Brightening-UV-Defense_40ml-1-200x200.png 200w, https:\/\/laseris.ch\/shop\/wp-content\/uploads\/2020\/06\/Advanced-Brightening-UV-Defense_40ml-1-600x600.png 600w, https:\/\/laseris.ch\/shop\/wp-content\/uploads\/2020\/06\/Advanced-Brightening-UV-Defense_40ml-1-150x150.png 150w, https:\/\/laseris.ch\/shop\/wp-content\/uploads\/2020\/06\/Advanced-Brightening-UV-Defense_40ml-1-768x768.png 768w, https:\/\/laseris.ch\/shop\/wp-content\/uploads\/2020\/06\/Advanced-Brightening-UV-Defense_40ml-1-96x96.png 96w, https:\/\/laseris.ch\/shop\/wp-content\/uploads\/2020\/06\/Advanced-Brightening-UV-Defense_40ml-1-42x42.png 42w, https:\/\/laseris.ch\/shop\/wp-content\/uploads\/2020\/06\/Advanced-Brightening-UV-Defense_40ml-1-60x60.png 60w, https:\/\/laseris.ch\/shop\/wp-content\/uploads\/2020\/06\/Advanced-Brightening-UV-Defense_40ml-1-570x570.png 570w, https:\/\/laseris.ch\/shop\/wp-content\/uploads\/2020\/06\/Advanced-Brightening-UV-Defense_40ml-1-500x500.png 500w, https:\/\/laseris.ch\/shop\/wp-content\/uploads\/2020\/06\/Advanced-Brightening-UV-Defense_40ml-1-700x700.png 700w, https:\/\/laseris.ch\/shop\/wp-content\/uploads\/2020\/06\/Advanced-Brightening-UV-Defense_40ml-1.png 900w\" \/><\/a>\n\t<\/div>\n\t<figcaption class=\"woocom-list-content\">\n\n\t\t<div class=\"woocommerce-product-details__short-description\">\n\t<p>Advanced Brightening UV Defense SPF 50 est une formule ultra-l\u00e9g\u00e8re qui offre un r\u00e9sultat d\u2019application sans r\u00e9sidus. Cette protection solaire combine un m\u00e9lange d&#8217;actifs exclusifs anti-taches (1% d\u2019acide tranexamique, 2% de niacinamide) avec un syst\u00e8me de filtration \u00e0 large spectre, afin de prot\u00e9ger la peau des expositions UV, et du mica qui illumine instantan\u00e9ment le teint. La peau est prot\u00e9g\u00e9e efficacement, le teint unifi\u00e9 et lumineux.<\/p>\n<ul>\n<li>Protection contre les UVA\/UVB \u00e0 large spectre<\/li>\n<li>Contribue \u00e0 pr\u00e9venir les taches pigmentaires caus\u00e9es par le soleil et le vieillissement pr\u00e9matur\u00e9<\/li>\n<li>Contribue \u00e0 r\u00e9duire l\u2019hyperpigmentation d\u00e9j\u00e0 existante<\/li>\n<\/ul>\n<\/div>\n<span class=\"gtm4wp_productdata\" style=\"display:none; visibility:hidden;\" data-gtm4wp_product_data=\"{&quot;internal_id&quot;:17166,&quot;item_id&quot;:17166,&quot;item_name&quot;:&quot;Advanced Brightening UV Defense Sunscreen SPF50 40 ml SkinCeuticals&quot;,&quot;sku&quot;:&quot;10&quot;,&quot;price&quot;:55,&quot;stocklevel&quot;:4,&quot;stockstatus&quot;:&quot;instock&quot;,&quot;google_business_vertical&quot;:&quot;retail&quot;,&quot;item_category&quot;:&quot;Hyperpigmentation&quot;,&quot;id&quot;:17166,&quot;productlink&quot;:&quot;https:\\\/\\\/laseris.ch\\\/shop\\\/product\\\/advanced-brightening-uv-defense-sunscreen-spf50\\\/&quot;,&quot;item_list_name&quot;:&quot;Liste g\\u00e9n\\u00e9rale des produits&quot;,&quot;index&quot;:1,&quot;product_type&quot;:&quot;simple&quot;,&quot;item_brand&quot;:&quot;&quot;}\"><\/span><a href=\"#\" class=\"yith-wcqv-button qvicon\" data-product_id=\"17166\"><img decoding=\"async\" src=\"https:\/\/laseris.ch\/shop\/wp-content\/uploads\/2020\/09\/qv-icon-laseris.png\" class=\"yith-wcqv-icon\"\/><\/a>\n\t<\/figcaption>\n<\/figure>\n\n<\/article>\n\n\n\n<article class=\"post visible description-off product type-product post-18109 status-publish instock product_cat-protection-solaire product_cat-skinceuticals product_cat-tout-type-de-peau product_cat-uncategorized product_cat-visage has-post-thumbnail shipping-taxable purchasable product-type-simple\">\n\n\t<figure class=\"woocom-project\">\n\t<div class=\"woo-buttons-on-img\">\n\n\t\t<a href=\"https:\/\/laseris.ch\/shop\/product\/oil-shield-uv-defense-spf-50-30-ml\/\" class=\"alignnone layzr-bg\"><img loading=\"lazy\" decoding=\"async\" width=\"300\" height=\"300\" src=\"data:image\/svg+xml;charset=utf-8,%3Csvg xmlns%3D&#039;http%3A%2F%2Fwww.w3.org%2F2000%2Fsvg&#039; viewBox%3D&#039;0 0 300 300&#039;%2F%3E\" class=\"attachment-woocommerce_thumbnail size-woocommerce_thumbnail lazy-load preload-me\" alt=\"Image montrant le produit oil shield protection SPF 50\" data-src=\"https:\/\/laseris.ch\/shop\/wp-content\/uploads\/2021\/04\/Oil-shield-SPF50-Skinceuticals-300x300.jpeg\" data-srcset=\"https:\/\/laseris.ch\/shop\/wp-content\/uploads\/2021\/04\/Oil-shield-SPF50-Skinceuticals-300x300.jpeg 300w, https:\/\/laseris.ch\/shop\/wp-content\/uploads\/2021\/04\/Oil-shield-SPF50-Skinceuticals-150x150.jpeg 150w, https:\/\/laseris.ch\/shop\/wp-content\/uploads\/2021\/04\/Oil-shield-SPF50-Skinceuticals-200x200.jpeg 200w\" \/><\/a>\n\t<\/div>\n\t<figcaption class=\"woocom-list-content\">\n\n\t\t<div class=\"woocommerce-product-details__short-description\">\n\t<p>Formul\u00e9e avec une texture cr\u00e8me ultra-l\u00e9g\u00e8re \u00e0 haute absorption cutan\u00e9e, cette cr\u00e8me solaire visage matifiante offre une sensation de fraicheur et de confort imm\u00e9diat tout en d\u00e9livrant une protection homog\u00e8ne sans r\u00e9sidu au fini toucher-sec. Id\u00e9al pour les peaux mixtes \u00e0 grasses, Oil Shield UV Defense SPF 50 convient \u00e0 tous les types de peaux, m\u00eames sensibles<\/p>\n<\/div>\n<span class=\"gtm4wp_productdata\" style=\"display:none; visibility:hidden;\" data-gtm4wp_product_data=\"{&quot;internal_id&quot;:18109,&quot;item_id&quot;:18109,&quot;item_name&quot;:&quot;Oil Shield UV Defense SPF50 30 ml SkinCeuticals&quot;,&quot;sku&quot;:18109,&quot;price&quot;:45,&quot;stocklevel&quot;:6,&quot;stockstatus&quot;:&quot;instock&quot;,&quot;google_business_vertical&quot;:&quot;retail&quot;,&quot;item_category&quot;:&quot;SkinCeuticals&quot;,&quot;id&quot;:18109,&quot;productlink&quot;:&quot;https:\\\/\\\/laseris.ch\\\/shop\\\/product\\\/oil-shield-uv-defense-spf-50-30-ml\\\/&quot;,&quot;item_list_name&quot;:&quot;Liste g\\u00e9n\\u00e9rale des produits&quot;,&quot;index&quot;:2,&quot;product_type&quot;:&quot;simple&quot;,&quot;item_brand&quot;:&quot;&quot;}\"><\/span><a href=\"#\" class=\"yith-wcqv-button qvicon\" data-product_id=\"18109\"><img decoding=\"async\" src=\"https:\/\/laseris.ch\/shop\/wp-content\/uploads\/2020\/09\/qv-icon-laseris.png\" class=\"yith-wcqv-icon\"\/><\/a>\n\t<\/figcaption>\n<\/figure>\n\n<\/article>\n\n\n\n<article class=\"post visible description-off product type-product post-15541 status-publish last instock product_cat-creme-jour product_cat-deshydratee product_cat-hypopigmentation product_cat-peau-grasse product_cat-peau-mixte product_cat-peau-normale product_cat-peau-seche product_cat-probleme-de-peau product_cat-protection-solaire product_cat-tout-type-de-peau product_cat-vieillissement product_cat-visage has-post-thumbnail shipping-taxable purchasable product-type-simple\">\n\n\t<figure class=\"woocom-project\">\n\t<div class=\"woo-buttons-on-img\">\n\n\t\t<a href=\"https:\/\/laseris.ch\/shop\/product\/ultra-facial-defense-spf50-30-ml\/\" class=\"alignnone layzr-bg\"><img loading=\"lazy\" decoding=\"async\" width=\"300\" height=\"300\" src=\"data:image\/svg+xml;charset=utf-8,%3Csvg xmlns%3D&#039;http%3A%2F%2Fwww.w3.org%2F2000%2Fsvg&#039; viewBox%3D&#039;0 0 300 300&#039;%2F%3E\" class=\"attachment-woocommerce_thumbnail size-woocommerce_thumbnail lazy-load preload-me\" alt=\"\" data-src=\"https:\/\/laseris.ch\/shop\/wp-content\/uploads\/2019\/04\/Ultra-Facial-Defense-SPF-50-copie-300x300.jpg\" data-srcset=\"https:\/\/laseris.ch\/shop\/wp-content\/uploads\/2019\/04\/Ultra-Facial-Defense-SPF-50-copie-300x300.jpg 300w, https:\/\/laseris.ch\/shop\/wp-content\/uploads\/2019\/04\/Ultra-Facial-Defense-SPF-50-copie-200x200.jpg 200w, https:\/\/laseris.ch\/shop\/wp-content\/uploads\/2019\/04\/Ultra-Facial-Defense-SPF-50-copie-600x600.jpg 600w, https:\/\/laseris.ch\/shop\/wp-content\/uploads\/2019\/04\/Ultra-Facial-Defense-SPF-50-copie-150x150.jpg 150w, https:\/\/laseris.ch\/shop\/wp-content\/uploads\/2019\/04\/Ultra-Facial-Defense-SPF-50-copie-768x768.jpg 768w, https:\/\/laseris.ch\/shop\/wp-content\/uploads\/2019\/04\/Ultra-Facial-Defense-SPF-50-copie-570x570.jpg 570w, https:\/\/laseris.ch\/shop\/wp-content\/uploads\/2019\/04\/Ultra-Facial-Defense-SPF-50-copie-500x500.jpg 500w, https:\/\/laseris.ch\/shop\/wp-content\/uploads\/2019\/04\/Ultra-Facial-Defense-SPF-50-copie-700x700.jpg 700w, https:\/\/laseris.ch\/shop\/wp-content\/uploads\/2019\/04\/Ultra-Facial-Defense-SPF-50-copie.jpg 900w\" \/><\/a>\n\t<\/div>\n\t<figcaption class=\"woocom-list-content\">\n\n\t\t<div class=\"woocommerce-product-details__short-description\">\n\t<p><strong>\u00c9cran solaire hydratant haute protection anti UVA\/UVB.<\/strong><\/p>\n<p>Cet \u00e9cran solaire hydratant permet d\u2019agir en pr\u00e9vention du photovieillissement. Sa texture l\u00e9g\u00e8re, non grasse et non collante hydrate la peau en profondeur tout au long de la journ\u00e9e.<\/p>\n<p>&nbsp;<\/p>\n<p>&nbsp;<\/p>\n<div data-extension-version=\"1.0.4\"><img loading=\"lazy\" decoding=\"async\" class=\"alignnone size-medium wp-image-16858\" src=\"https:\/\/laseris.ch\/shop\/wp-content\/uploads\/2020\/10\/skinceuticals-revendeur-suisse.png\" alt=\"\" width=\"300\" height=\"61\" \/><\/div>\n<div id=\"ConnectiveDocSignExtentionInstalled\" data-extension-version=\"1.0.4\"><\/div>\n<\/div>\n<span class=\"gtm4wp_productdata\" style=\"display:none; visibility:hidden;\" data-gtm4wp_product_data=\"{&quot;internal_id&quot;:15541,&quot;item_id&quot;:15541,&quot;item_name&quot;:&quot;Ultra Facial Defense SPF50+ 30 ml&quot;,&quot;sku&quot;:15541,&quot;price&quot;:40,&quot;stocklevel&quot;:11,&quot;stockstatus&quot;:&quot;instock&quot;,&quot;google_business_vertical&quot;:&quot;retail&quot;,&quot;item_category&quot;:&quot;Hypopigmentation&quot;,&quot;id&quot;:15541,&quot;productlink&quot;:&quot;https:\\\/\\\/laseris.ch\\\/shop\\\/product\\\/ultra-facial-defense-spf50-30-ml\\\/&quot;,&quot;item_list_name&quot;:&quot;Liste g\\u00e9n\\u00e9rale des produits&quot;,&quot;index&quot;:3,&quot;product_type&quot;:&quot;simple&quot;,&quot;item_brand&quot;:&quot;&quot;}\"><\/span><a href=\"#\" class=\"yith-wcqv-button qvicon\" data-product_id=\"15541\"><img decoding=\"async\" src=\"https:\/\/laseris.ch\/shop\/wp-content\/uploads\/2020\/09\/qv-icon-laseris.png\" class=\"yith-wcqv-icon\"\/><\/a>\n\t<\/figcaption>\n<\/figure>\n\n<\/article>\n\n<\/div><\/div>[\/vc_column][\/vc_row]<\/p>\n<\/div>","protected":false},"excerpt":{"rendered":"<p>[vc_row row_type=&#8221;row&#8221; use_row_as_full_screen_section=&#8221;no&#8221; type=&#8221;full_width&#8221; angled_section=&#8221;no&#8221; text_align=&#8221;left&#8221; background_image_as_pattern=&#8221;without_pattern&#8221; z_index=&#8221;&#8221;][vc_column][vc_column_text] Protection solaire [\/vc_column_text][\/vc_column][\/vc_row][vc_row row_type=&#8221;row&#8221; use_row_as_full_screen_section=&#8221;no&#8221; type=&#8221;full_width&#8221; angled_section=&#8221;no&#8221; text_align=&#8221;left&#8221; background_image_as_pattern=&#8221;without_pattern&#8221; z_index=&#8221;&#8221;][vc_column][vc_separator type=&#8221;normal&#8221;][\/vc_column][\/vc_row][vc_row row_type=&#8221;row&#8221; use_row_as_full_screen_section=&#8221;no&#8221; type=&#8221;full_width&#8221; angled_section=&#8221;no&#8221; text_align=&#8221;left&#8221; background_image_as_pattern=&#8221;without_pattern&#8221;][vc_column el_class=&#8221;filter-products-block&#8221;][\/vc_column][\/vc_row]<\/p>\n","protected":false},"author":1,"featured_media":0,"parent":0,"menu_order":0,"comment_status":"closed","ping_status":"closed","template":"","meta":{"footnotes":""},"class_list":["post-16984","page","type-page","status-publish","hentry","description-off"],"_links":{"self":[{"href":"https:\/\/laseris.ch\/shop\/wp-json\/wp\/v2\/pages\/16984","targetHints":{"allow":["GET"]}}],"collection":[{"href":"https:\/\/laseris.ch\/shop\/wp-json\/wp\/v2\/pages"}],"about":[{"href":"https:\/\/laseris.ch\/shop\/wp-json\/wp\/v2\/types\/page"}],"author":[{"embeddable":true,"href":"https:\/\/laseris.ch\/shop\/wp-json\/wp\/v2\/users\/1"}],"replies":[{"embeddable":true,"href":"https:\/\/laseris.ch\/shop\/wp-json\/wp\/v2\/comments?post=16984"}],"version-history":[{"count":0,"href":"https:\/\/laseris.ch\/shop\/wp-json\/wp\/v2\/pages\/16984\/revisions"}],"wp:attachment":[{"href":"https:\/\/laseris.ch\/shop\/wp-json\/wp\/v2\/media?parent=16984"}],"curies":[{"name":"wp","href":"https:\/\/api.w.org\/{rel}","templated":true}]}}