{"id":16981,"date":"2020-04-09T14:28:57","date_gmt":"2020-04-09T12:28:57","guid":{"rendered":"https:\/\/laseris.ch\/shop\/?page_id=16981"},"modified":"2020-10-23T18:45:49","modified_gmt":"2020-10-23T16:45:49","slug":"creme-jour","status":"publish","type":"page","link":"https:\/\/laseris.ch\/shop\/creme-jour\/","title":{"rendered":"Cr\u00e8me jour"},"content":{"rendered":"<div class=\"wpb-content-wrapper\"><p>[vc_row row_type=&#8221;row&#8221; use_row_as_full_screen_section=&#8221;no&#8221; type=&#8221;full_width&#8221; angled_section=&#8221;no&#8221; text_align=&#8221;left&#8221; background_image_as_pattern=&#8221;without_pattern&#8221; z_index=&#8221;&#8221;][vc_column][vc_column_text]<\/p>\n<h2>Cr\u00e8me jour<\/h2>\n<p>[\/vc_column_text][\/vc_column][\/vc_row][vc_row row_type=&#8221;row&#8221; use_row_as_full_screen_section=&#8221;no&#8221; type=&#8221;full_width&#8221; angled_section=&#8221;no&#8221; text_align=&#8221;left&#8221; background_image_as_pattern=&#8221;without_pattern&#8221; z_index=&#8221;&#8221;][vc_column][vc_separator type=&#8221;normal&#8221;][\/vc_column][\/vc_row][vc_row row_type=&#8221;row&#8221; use_row_as_full_screen_section=&#8221;no&#8221; type=&#8221;full_width&#8221; angled_section=&#8221;no&#8221; text_align=&#8221;left&#8221; background_image_as_pattern=&#8221;without_pattern&#8221;][vc_column el_class=&#8221;filter-products-block&#8221;]<div class=\"woocommerce columns-3 \"><div class=\"wf-container dt-products  woo-hover products loading-effect-fade-in description-on-hover cart-btn-on-img wc-img-hover hide-description wc-grid\" data-padding=\"0px\" data-cur-page=\"1\" data-desktop-columns-num=\"3\" data-v-tablet-columns-num=\"2\" data-h-tablet-columns-num=\"3\" data-phone-columns-num=\"1\">\n\n<article class=\"post visible description-off product type-product post-15486 status-publish first instock product_cat-creme-jour product_cat-creme-nuit product_cat-peau-normale product_cat-peau-seche product_cat-peau-sensible product_cat-probleme-de-peau product_cat-promotion product_cat-skinceuticals product_cat-vieillissement product_cat-visage product_tag-shopping has-post-thumbnail sale shipping-taxable purchasable product-type-simple\">\n\n\t\n\t<span class=\"onsale\">Promo\u00a0!<\/span>\n\t<figure class=\"woocom-project\">\n\t<div class=\"woo-buttons-on-img\">\n\n\t\t<a href=\"https:\/\/laseris.ch\/shop\/product\/a-g-e-interrupter-48-ml\/\" class=\"alignnone layzr-bg\"><img loading=\"lazy\" decoding=\"async\" width=\"300\" height=\"300\" src=\"data:image\/svg+xml;charset=utf-8,%3Csvg xmlns%3D&#039;http%3A%2F%2Fwww.w3.org%2F2000%2Fsvg&#039; viewBox%3D&#039;0 0 300 300&#039;%2F%3E\" class=\"attachment-woocommerce_thumbnail size-woocommerce_thumbnail lazy-load preload-me\" alt=\"Cr\u00e8me anti-rides SkinCeuticals A.G.E Interrupter Advanced\" data-src=\"https:\/\/laseris.ch\/shop\/wp-content\/uploads\/2019\/04\/A.G.E-Interrupter-Advanced-300x300.jpg\" data-srcset=\"https:\/\/laseris.ch\/shop\/wp-content\/uploads\/2019\/04\/A.G.E-Interrupter-Advanced-300x300.jpg 300w, https:\/\/laseris.ch\/shop\/wp-content\/uploads\/2019\/04\/A.G.E-Interrupter-Advanced-150x150.jpg 150w, https:\/\/laseris.ch\/shop\/wp-content\/uploads\/2019\/04\/A.G.E-Interrupter-Advanced-768x768.jpg 768w, https:\/\/laseris.ch\/shop\/wp-content\/uploads\/2019\/04\/A.G.E-Interrupter-Advanced-96x96.jpg 96w, https:\/\/laseris.ch\/shop\/wp-content\/uploads\/2019\/04\/A.G.E-Interrupter-Advanced-42x42.jpg 42w, https:\/\/laseris.ch\/shop\/wp-content\/uploads\/2019\/04\/A.G.E-Interrupter-Advanced-60x60.jpg 60w, https:\/\/laseris.ch\/shop\/wp-content\/uploads\/2019\/04\/A.G.E-Interrupter-Advanced-600x600.jpg 600w, https:\/\/laseris.ch\/shop\/wp-content\/uploads\/2019\/04\/A.G.E-Interrupter-Advanced-200x200.jpg 200w, https:\/\/laseris.ch\/shop\/wp-content\/uploads\/2019\/04\/A.G.E-Interrupter-Advanced.jpg 930w\" \/><\/a>\n\t<\/div>\n\t<figcaption class=\"woocom-list-content\">\n\n\t\t<div class=\"woocommerce-product-details__short-description\">\n\t<p>&nbsp;<\/p>\n<p><strong>Cr\u00e8me anti-rides. Corrige efficacement les rides profondes et la perte de fermet\u00e9.<\/strong><\/p>\n<div class=\"fl-module fl-module-rich-text fl-node-5e68c5fe9d995\" data-node=\"5e68c5fe9d995\">\n<div class=\"fl-module-content fl-node-content\">\n<div class=\"fl-rich-text\">\n<p>La cr\u00e8me A.G.E. Interrupter Advanced est sp\u00e9cialement con\u00e7ue pour inverser les signes visibles de l&#8217;\u00e2ge tels que les rides, la perte de fermet\u00e9 et le manque d&#8217;\u00e9clat caus\u00e9s par la d\u00e9gradation du collag\u00e8ne et la glycation. Cette cr\u00e8me convient aux types de peau s\u00e8ches, normales, mixtes et sensibles, et offre des bienfaits anti-\u00e2ge.<\/p>\n<p>&nbsp;<\/p>\n<\/div>\n<\/div>\n<\/div>\n<div data-extension-version=\"1.0.4\"><img loading=\"lazy\" decoding=\"async\" class=\"alignnone size-medium wp-image-16858\" src=\"https:\/\/laseris.ch\/shop\/wp-content\/uploads\/2020\/10\/skinceuticals-revendeur-suisse.png\" alt=\"\" width=\"300\" height=\"61\" \/><\/div>\n<div id=\"ConnectiveDocSignExtentionInstalled\" data-extension-version=\"1.0.4\"><\/div>\n<\/div>\n<span class=\"gtm4wp_productdata\" style=\"display:none; visibility:hidden;\" data-gtm4wp_product_data=\"{&quot;internal_id&quot;:15486,&quot;item_id&quot;:15486,&quot;item_name&quot;:&quot;A.G.E. Interrupter Advanced 48 ml SkinCeuticals&quot;,&quot;sku&quot;:15486,&quot;price&quot;:145,&quot;stocklevel&quot;:3,&quot;stockstatus&quot;:&quot;instock&quot;,&quot;google_business_vertical&quot;:&quot;retail&quot;,&quot;item_category&quot;:&quot;Vieillissement&quot;,&quot;id&quot;:15486,&quot;productlink&quot;:&quot;https:\\\/\\\/laseris.ch\\\/shop\\\/product\\\/a-g-e-interrupter-48-ml\\\/&quot;,&quot;item_list_name&quot;:&quot;Liste g\\u00e9n\\u00e9rale des produits&quot;,&quot;index&quot;:1,&quot;product_type&quot;:&quot;simple&quot;,&quot;item_brand&quot;:&quot;&quot;}\"><\/span><a href=\"#\" class=\"yith-wcqv-button qvicon\" data-product_id=\"15486\"><img decoding=\"async\" src=\"https:\/\/laseris.ch\/shop\/wp-content\/uploads\/2020\/09\/qv-icon-laseris.png\" class=\"yith-wcqv-icon\"\/><\/a>\n\t<\/figcaption>\n<\/figure>\n\n<\/article>\n\n\n\n<article class=\"post visible description-off product type-product post-15491 status-publish instock product_cat-creme-jour product_cat-creme-nuit product_cat-deshydratee product_cat-hyperpigmentation product_cat-peau-grasse product_cat-peau-mixte product_cat-peau-normale product_cat-peau-seche product_cat-peau-sensible product_cat-probleme-de-peau product_cat-skinceuticals product_cat-tout-type-de-peau product_cat-vieillissement product_cat-visage has-post-thumbnail shipping-taxable purchasable product-type-simple\">\n\n\t<figure class=\"woocom-project\">\n\t<div class=\"woo-buttons-on-img\">\n\n\t\t<a href=\"https:\/\/laseris.ch\/shop\/product\/metacell-renewal-b3-50-ml\/\" class=\"alignnone layzr-bg\"><img loading=\"lazy\" decoding=\"async\" width=\"300\" height=\"300\" src=\"data:image\/svg+xml;charset=utf-8,%3Csvg xmlns%3D&#039;http%3A%2F%2Fwww.w3.org%2F2000%2Fsvg&#039; viewBox%3D&#039;0 0 300 300&#039;%2F%3E\" class=\"attachment-woocommerce_thumbnail size-woocommerce_thumbnail lazy-load preload-me\" alt=\"\" data-src=\"https:\/\/laseris.ch\/shop\/wp-content\/uploads\/2019\/04\/Metacell-Renewal-B3-copie-300x300.jpg\" data-srcset=\"https:\/\/laseris.ch\/shop\/wp-content\/uploads\/2019\/04\/Metacell-Renewal-B3-copie-300x300.jpg 300w, https:\/\/laseris.ch\/shop\/wp-content\/uploads\/2019\/04\/Metacell-Renewal-B3-copie-200x200.jpg 200w, https:\/\/laseris.ch\/shop\/wp-content\/uploads\/2019\/04\/Metacell-Renewal-B3-copie-600x600.jpg 600w, https:\/\/laseris.ch\/shop\/wp-content\/uploads\/2019\/04\/Metacell-Renewal-B3-copie-150x150.jpg 150w, https:\/\/laseris.ch\/shop\/wp-content\/uploads\/2019\/04\/Metacell-Renewal-B3-copie-768x768.jpg 768w, https:\/\/laseris.ch\/shop\/wp-content\/uploads\/2019\/04\/Metacell-Renewal-B3-copie-570x570.jpg 570w, https:\/\/laseris.ch\/shop\/wp-content\/uploads\/2019\/04\/Metacell-Renewal-B3-copie-500x500.jpg 500w, https:\/\/laseris.ch\/shop\/wp-content\/uploads\/2019\/04\/Metacell-Renewal-B3-copie-700x700.jpg 700w, https:\/\/laseris.ch\/shop\/wp-content\/uploads\/2019\/04\/Metacell-Renewal-B3-copie.jpg 900w\" \/><\/a>\n\t<\/div>\n\t<figcaption class=\"woocom-list-content\">\n\n\t\t<div class=\"woocommerce-product-details__short-description\">\n\t<p>Une \u00e9mulsion de jour compl\u00e8te au niacinamide pour lutter contre les signes pr\u00e9matur\u00e9s de photovieillissement.<\/p>\n<div class=\"fl-module fl-module-rich-text fl-node-5e68c5fe9d995\" data-node=\"5e68c5fe9d995\">\n<div class=\"fl-module-content fl-node-content\">\n<div class=\"fl-rich-text\">\n<p>&nbsp;<\/p>\n<p>&nbsp;<\/p>\n<\/div>\n<\/div>\n<\/div>\n<div data-extension-version=\"1.0.4\"><img loading=\"lazy\" decoding=\"async\" class=\"alignnone size-medium wp-image-16858\" src=\"https:\/\/laseris.ch\/shop\/wp-content\/uploads\/2020\/10\/skinceuticals-revendeur-suisse.png\" alt=\"\" width=\"300\" height=\"61\" \/><\/div>\n<div id=\"ConnectiveDocSignExtentionInstalled\" data-extension-version=\"1.0.4\"><\/div>\n<\/div>\n<span class=\"gtm4wp_productdata\" style=\"display:none; visibility:hidden;\" data-gtm4wp_product_data=\"{&quot;internal_id&quot;:15491,&quot;item_id&quot;:15491,&quot;item_name&quot;:&quot;Metacell Renewal B3 50 ml SkinCeuticals&quot;,&quot;sku&quot;:15491,&quot;price&quot;:135,&quot;stocklevel&quot;:1,&quot;stockstatus&quot;:&quot;instock&quot;,&quot;google_business_vertical&quot;:&quot;retail&quot;,&quot;item_category&quot;:&quot;D\\u00e9shydrat\\u00e9e&quot;,&quot;id&quot;:15491,&quot;productlink&quot;:&quot;https:\\\/\\\/laseris.ch\\\/shop\\\/product\\\/metacell-renewal-b3-50-ml\\\/&quot;,&quot;item_list_name&quot;:&quot;Liste g\\u00e9n\\u00e9rale des produits&quot;,&quot;index&quot;:2,&quot;product_type&quot;:&quot;simple&quot;,&quot;item_brand&quot;:&quot;&quot;}\"><\/span><a href=\"#\" class=\"yith-wcqv-button qvicon\" data-product_id=\"15491\"><img decoding=\"async\" src=\"https:\/\/laseris.ch\/shop\/wp-content\/uploads\/2020\/09\/qv-icon-laseris.png\" class=\"yith-wcqv-icon\"\/><\/a>\n\t<\/figcaption>\n<\/figure>\n\n<\/article>\n\n\n\n<article class=\"post visible description-off product type-product post-17291 status-publish last instock product_cat-cou product_cat-creme-jour product_cat-decollete product_cat-deshydratee product_cat-hyperpigmentation product_cat-peau-grasse product_cat-peau-mixte product_cat-peau-normale product_cat-peau-seche product_cat-promotion product_cat-skinceuticals product_cat-vieillissement product_cat-visage has-post-thumbnail sale shipping-taxable purchasable product-type-simple\">\n\n\t\n\t<span class=\"onsale\">Promo\u00a0!<\/span>\n\t<figure class=\"woocom-project\">\n\t<div class=\"woo-buttons-on-img\">\n\n\t\t<a href=\"https:\/\/laseris.ch\/shop\/product\/tripeptide-neck-repair\/\" class=\"alignnone layzr-bg\"><img loading=\"lazy\" decoding=\"async\" width=\"300\" height=\"300\" src=\"data:image\/svg+xml;charset=utf-8,%3Csvg xmlns%3D&#039;http%3A%2F%2Fwww.w3.org%2F2000%2Fsvg&#039; viewBox%3D&#039;0 0 300 300&#039;%2F%3E\" class=\"attachment-woocommerce_thumbnail size-woocommerce_thumbnail lazy-load preload-me\" alt=\"Photo de la cr\u00e8me cou et d\u00e9collet\u00e9 TRIPEPTIDE NECK-REPAIR Skinceuticals Laseris Lausanne\" data-src=\"https:\/\/laseris.ch\/shop\/wp-content\/uploads\/2020\/09\/SkinCeuticals_Tripeptide-R-Neck-Repair_RGB-300x300.png\" data-srcset=\"https:\/\/laseris.ch\/shop\/wp-content\/uploads\/2020\/09\/SkinCeuticals_Tripeptide-R-Neck-Repair_RGB-300x300.png 300w, https:\/\/laseris.ch\/shop\/wp-content\/uploads\/2020\/09\/SkinCeuticals_Tripeptide-R-Neck-Repair_RGB-200x200.png 200w, https:\/\/laseris.ch\/shop\/wp-content\/uploads\/2020\/09\/SkinCeuticals_Tripeptide-R-Neck-Repair_RGB-150x150.png 150w, https:\/\/laseris.ch\/shop\/wp-content\/uploads\/2020\/09\/SkinCeuticals_Tripeptide-R-Neck-Repair_RGB-570x570.png 570w, https:\/\/laseris.ch\/shop\/wp-content\/uploads\/2020\/09\/SkinCeuticals_Tripeptide-R-Neck-Repair_RGB-500x500.png 500w, https:\/\/laseris.ch\/shop\/wp-content\/uploads\/2020\/09\/SkinCeuticals_Tripeptide-R-Neck-Repair_RGB-1000x1000.png 1000w\" \/><\/a>\n\t<\/div>\n\t<figcaption class=\"woocom-list-content\">\n\n\t\t<div class=\"woocommerce-product-details__short-description\">\n\t<p class=\"product_name\"><strong>Cr\u00e8me anti-rides raffermissante au r\u00e9tinol pour le cou et le d\u00e9collet\u00e9.\u00a0<\/strong><\/p>\n<p>Tripeptide-R Neck Repair est un soin correcteur anti-\u00e2ge triple action qui cible efficacement les signes visibles pr\u00e9coces et avanc\u00e9s du vieillissement de la peau du cou et du d\u00e9collet\u00e9. Il lisse les rides horizontales du cou, corrige le rel\u00e2chement cutan\u00e9 et la perte de fermet\u00e9, redessine les contours du cou et r\u00e9duit le double-menton.<\/p>\n<\/div>\n<span class=\"gtm4wp_productdata\" style=\"display:none; visibility:hidden;\" data-gtm4wp_product_data=\"{&quot;internal_id&quot;:17291,&quot;item_id&quot;:17291,&quot;item_name&quot;:&quot;Tripeptide Neck-Repair 50 ml SkinCeuticals&quot;,&quot;sku&quot;:17291,&quot;price&quot;:120,&quot;stocklevel&quot;:4,&quot;stockstatus&quot;:&quot;instock&quot;,&quot;google_business_vertical&quot;:&quot;retail&quot;,&quot;item_category&quot;:&quot;Vieillissement&quot;,&quot;id&quot;:17291,&quot;productlink&quot;:&quot;https:\\\/\\\/laseris.ch\\\/shop\\\/product\\\/tripeptide-neck-repair\\\/&quot;,&quot;item_list_name&quot;:&quot;Liste g\\u00e9n\\u00e9rale des produits&quot;,&quot;index&quot;:3,&quot;product_type&quot;:&quot;simple&quot;,&quot;item_brand&quot;:&quot;&quot;}\"><\/span><a href=\"#\" class=\"yith-wcqv-button qvicon\" data-product_id=\"17291\"><img decoding=\"async\" src=\"https:\/\/laseris.ch\/shop\/wp-content\/uploads\/2020\/09\/qv-icon-laseris.png\" class=\"yith-wcqv-icon\"\/><\/a>\n\t<\/figcaption>\n<\/figure>\n\n<\/article>\n\n\n\n<article class=\"post visible description-off product type-product post-15482 status-publish first instock product_cat-creme-jour product_cat-creme-nuit product_cat-deshydratee product_cat-peau-mixte product_cat-peau-normale product_cat-peau-seche product_cat-peau-sensible product_cat-probleme-de-peau product_cat-skinceuticals product_cat-vieillissement product_cat-visage has-post-thumbnail shipping-taxable purchasable product-type-simple\">\n\n\t<figure class=\"woocom-project\">\n\t<div class=\"woo-buttons-on-img\">\n\n\t\t<a href=\"https:\/\/laseris.ch\/shop\/product\/triple-lipid-restore-48-ml\/\" class=\"alignnone layzr-bg\"><img loading=\"lazy\" decoding=\"async\" width=\"300\" height=\"300\" src=\"data:image\/svg+xml;charset=utf-8,%3Csvg xmlns%3D&#039;http%3A%2F%2Fwww.w3.org%2F2000%2Fsvg&#039; viewBox%3D&#039;0 0 300 300&#039;%2F%3E\" class=\"attachment-woocommerce_thumbnail size-woocommerce_thumbnail lazy-load preload-me\" alt=\"\" data-src=\"https:\/\/laseris.ch\/shop\/wp-content\/uploads\/2019\/04\/Triple-Lipid-copie-300x300.jpg\" data-srcset=\"https:\/\/laseris.ch\/shop\/wp-content\/uploads\/2019\/04\/Triple-Lipid-copie-300x300.jpg 300w, https:\/\/laseris.ch\/shop\/wp-content\/uploads\/2019\/04\/Triple-Lipid-copie-200x200.jpg 200w, https:\/\/laseris.ch\/shop\/wp-content\/uploads\/2019\/04\/Triple-Lipid-copie-600x600.jpg 600w, https:\/\/laseris.ch\/shop\/wp-content\/uploads\/2019\/04\/Triple-Lipid-copie-150x150.jpg 150w, https:\/\/laseris.ch\/shop\/wp-content\/uploads\/2019\/04\/Triple-Lipid-copie-768x768.jpg 768w, https:\/\/laseris.ch\/shop\/wp-content\/uploads\/2019\/04\/Triple-Lipid-copie-570x570.jpg 570w, https:\/\/laseris.ch\/shop\/wp-content\/uploads\/2019\/04\/Triple-Lipid-copie-500x500.jpg 500w, https:\/\/laseris.ch\/shop\/wp-content\/uploads\/2019\/04\/Triple-Lipid-copie-700x700.jpg 700w, https:\/\/laseris.ch\/shop\/wp-content\/uploads\/2019\/04\/Triple-Lipid-copie.jpg 900w\" \/><\/a>\n\t<\/div>\n\t<figcaption class=\"woocom-list-content\">\n\n\t\t<div class=\"woocommerce-product-details__short-description\">\n\t<p>Soin anti-\u00e2ge, r\u00e9tablit le niveau cellulaire de lipides, pour apporter du confort et lutter contre le rel\u00e2chement.<\/p>\n<p>Cette cr\u00e8me anti-rides hautement concentr\u00e9e en lipides (2% de c\u00e9ramides pures, 4% cholest\u00e9rol naturel, 2% acides gras) lutte contre les signes visibles de l\u2019\u00e2ge et la perte de fermet\u00e9.<br \/>\nSon point bonus ? Sa texture nourrissante, ultra sensorielle, l\u00e9g\u00e8re et rapidement absorb\u00e9e.<br \/>\nId\u00e9al pour les peaux s\u00e8ches \u00e0 tr\u00e8s s\u00e8ches, r\u00eaches, inconfortables. A utiliser en cr\u00e8me de jour ou en cr\u00e8me de nuit.<\/p>\n<div class=\"fl-module fl-module-rich-text fl-node-5e68c5fe9d995\" data-node=\"5e68c5fe9d995\">\n<div class=\"fl-module-content fl-node-content\">\n<div class=\"fl-rich-text\">\n<p>&nbsp;<\/p>\n<p>&nbsp;<\/p>\n<\/div>\n<\/div>\n<\/div>\n<div data-extension-version=\"1.0.4\"><img loading=\"lazy\" decoding=\"async\" class=\"alignnone size-medium wp-image-16858\" src=\"https:\/\/laseris.ch\/shop\/wp-content\/uploads\/2020\/10\/skinceuticals-revendeur-suisse.png\" alt=\"\" width=\"300\" height=\"61\" \/><\/div>\n<div id=\"ConnectiveDocSignExtentionInstalled\" data-extension-version=\"1.0.4\"><\/div>\n<\/div>\n<span class=\"gtm4wp_productdata\" style=\"display:none; visibility:hidden;\" data-gtm4wp_product_data=\"{&quot;internal_id&quot;:15482,&quot;item_id&quot;:15482,&quot;item_name&quot;:&quot;Triple Lipid Restore 48 ml SkinCeuticals&quot;,&quot;sku&quot;:15482,&quot;price&quot;:160,&quot;stocklevel&quot;:9,&quot;stockstatus&quot;:&quot;instock&quot;,&quot;google_business_vertical&quot;:&quot;retail&quot;,&quot;item_category&quot;:&quot;Vieillissement&quot;,&quot;id&quot;:15482,&quot;productlink&quot;:&quot;https:\\\/\\\/laseris.ch\\\/shop\\\/product\\\/triple-lipid-restore-48-ml\\\/&quot;,&quot;item_list_name&quot;:&quot;Liste g\\u00e9n\\u00e9rale des produits&quot;,&quot;index&quot;:4,&quot;product_type&quot;:&quot;simple&quot;,&quot;item_brand&quot;:&quot;&quot;}\"><\/span><a href=\"#\" class=\"yith-wcqv-button qvicon\" data-product_id=\"15482\"><img decoding=\"async\" src=\"https:\/\/laseris.ch\/shop\/wp-content\/uploads\/2020\/09\/qv-icon-laseris.png\" class=\"yith-wcqv-icon\"\/><\/a>\n\t<\/figcaption>\n<\/figure>\n\n<\/article>\n\n\n\n<article class=\"post visible description-off product type-product post-15541 status-publish instock product_cat-creme-jour product_cat-deshydratee product_cat-hypopigmentation product_cat-peau-grasse product_cat-peau-mixte product_cat-peau-normale product_cat-peau-seche product_cat-probleme-de-peau product_cat-protection-solaire product_cat-tout-type-de-peau product_cat-vieillissement product_cat-visage has-post-thumbnail shipping-taxable purchasable product-type-simple\">\n\n\t<figure class=\"woocom-project\">\n\t<div class=\"woo-buttons-on-img\">\n\n\t\t<a href=\"https:\/\/laseris.ch\/shop\/product\/ultra-facial-defense-spf50-30-ml\/\" class=\"alignnone layzr-bg\"><img loading=\"lazy\" decoding=\"async\" width=\"300\" height=\"300\" src=\"data:image\/svg+xml;charset=utf-8,%3Csvg xmlns%3D&#039;http%3A%2F%2Fwww.w3.org%2F2000%2Fsvg&#039; viewBox%3D&#039;0 0 300 300&#039;%2F%3E\" class=\"attachment-woocommerce_thumbnail size-woocommerce_thumbnail lazy-load preload-me\" alt=\"\" data-src=\"https:\/\/laseris.ch\/shop\/wp-content\/uploads\/2019\/04\/Ultra-Facial-Defense-SPF-50-copie-300x300.jpg\" data-srcset=\"https:\/\/laseris.ch\/shop\/wp-content\/uploads\/2019\/04\/Ultra-Facial-Defense-SPF-50-copie-300x300.jpg 300w, https:\/\/laseris.ch\/shop\/wp-content\/uploads\/2019\/04\/Ultra-Facial-Defense-SPF-50-copie-200x200.jpg 200w, https:\/\/laseris.ch\/shop\/wp-content\/uploads\/2019\/04\/Ultra-Facial-Defense-SPF-50-copie-600x600.jpg 600w, https:\/\/laseris.ch\/shop\/wp-content\/uploads\/2019\/04\/Ultra-Facial-Defense-SPF-50-copie-150x150.jpg 150w, https:\/\/laseris.ch\/shop\/wp-content\/uploads\/2019\/04\/Ultra-Facial-Defense-SPF-50-copie-768x768.jpg 768w, https:\/\/laseris.ch\/shop\/wp-content\/uploads\/2019\/04\/Ultra-Facial-Defense-SPF-50-copie-570x570.jpg 570w, https:\/\/laseris.ch\/shop\/wp-content\/uploads\/2019\/04\/Ultra-Facial-Defense-SPF-50-copie-500x500.jpg 500w, https:\/\/laseris.ch\/shop\/wp-content\/uploads\/2019\/04\/Ultra-Facial-Defense-SPF-50-copie-700x700.jpg 700w, https:\/\/laseris.ch\/shop\/wp-content\/uploads\/2019\/04\/Ultra-Facial-Defense-SPF-50-copie.jpg 900w\" \/><\/a>\n\t<\/div>\n\t<figcaption class=\"woocom-list-content\">\n\n\t\t<div class=\"woocommerce-product-details__short-description\">\n\t<p><strong>\u00c9cran solaire hydratant haute protection anti UVA\/UVB.<\/strong><\/p>\n<p>Cet \u00e9cran solaire hydratant permet d\u2019agir en pr\u00e9vention du photovieillissement. Sa texture l\u00e9g\u00e8re, non grasse et non collante hydrate la peau en profondeur tout au long de la journ\u00e9e.<\/p>\n<p>&nbsp;<\/p>\n<p>&nbsp;<\/p>\n<div data-extension-version=\"1.0.4\"><img loading=\"lazy\" decoding=\"async\" class=\"alignnone size-medium wp-image-16858\" src=\"https:\/\/laseris.ch\/shop\/wp-content\/uploads\/2020\/10\/skinceuticals-revendeur-suisse.png\" alt=\"\" width=\"300\" height=\"61\" \/><\/div>\n<div id=\"ConnectiveDocSignExtentionInstalled\" data-extension-version=\"1.0.4\"><\/div>\n<\/div>\n<span class=\"gtm4wp_productdata\" style=\"display:none; visibility:hidden;\" data-gtm4wp_product_data=\"{&quot;internal_id&quot;:15541,&quot;item_id&quot;:15541,&quot;item_name&quot;:&quot;Ultra Facial Defense SPF50+ 30 ml&quot;,&quot;sku&quot;:15541,&quot;price&quot;:40,&quot;stocklevel&quot;:11,&quot;stockstatus&quot;:&quot;instock&quot;,&quot;google_business_vertical&quot;:&quot;retail&quot;,&quot;item_category&quot;:&quot;Hypopigmentation&quot;,&quot;id&quot;:15541,&quot;productlink&quot;:&quot;https:\\\/\\\/laseris.ch\\\/shop\\\/product\\\/ultra-facial-defense-spf50-30-ml\\\/&quot;,&quot;item_list_name&quot;:&quot;Liste g\\u00e9n\\u00e9rale des produits&quot;,&quot;index&quot;:5,&quot;product_type&quot;:&quot;simple&quot;,&quot;item_brand&quot;:&quot;&quot;}\"><\/span><a href=\"#\" class=\"yith-wcqv-button qvicon\" data-product_id=\"15541\"><img decoding=\"async\" src=\"https:\/\/laseris.ch\/shop\/wp-content\/uploads\/2020\/09\/qv-icon-laseris.png\" class=\"yith-wcqv-icon\"\/><\/a>\n\t<\/figcaption>\n<\/figure>\n\n<\/article>\n\n<\/div><\/div>[\/vc_column][\/vc_row]<\/p>\n<\/div>","protected":false},"excerpt":{"rendered":"<p>[vc_row row_type=&#8221;row&#8221; use_row_as_full_screen_section=&#8221;no&#8221; type=&#8221;full_width&#8221; angled_section=&#8221;no&#8221; text_align=&#8221;left&#8221; background_image_as_pattern=&#8221;without_pattern&#8221; z_index=&#8221;&#8221;][vc_column][vc_column_text] Cr\u00e8me jour [\/vc_column_text][\/vc_column][\/vc_row][vc_row row_type=&#8221;row&#8221; use_row_as_full_screen_section=&#8221;no&#8221; type=&#8221;full_width&#8221; angled_section=&#8221;no&#8221; text_align=&#8221;left&#8221; background_image_as_pattern=&#8221;without_pattern&#8221; z_index=&#8221;&#8221;][vc_column][vc_separator type=&#8221;normal&#8221;][\/vc_column][\/vc_row][vc_row row_type=&#8221;row&#8221; use_row_as_full_screen_section=&#8221;no&#8221; type=&#8221;full_width&#8221; angled_section=&#8221;no&#8221; text_align=&#8221;left&#8221; background_image_as_pattern=&#8221;without_pattern&#8221;][vc_column el_class=&#8221;filter-products-block&#8221;][\/vc_column][\/vc_row]<\/p>\n","protected":false},"author":1,"featured_media":0,"parent":0,"menu_order":0,"comment_status":"closed","ping_status":"closed","template":"","meta":{"footnotes":""},"class_list":["post-16981","page","type-page","status-publish","hentry","description-off"],"_links":{"self":[{"href":"https:\/\/laseris.ch\/shop\/wp-json\/wp\/v2\/pages\/16981","targetHints":{"allow":["GET"]}}],"collection":[{"href":"https:\/\/laseris.ch\/shop\/wp-json\/wp\/v2\/pages"}],"about":[{"href":"https:\/\/laseris.ch\/shop\/wp-json\/wp\/v2\/types\/page"}],"author":[{"embeddable":true,"href":"https:\/\/laseris.ch\/shop\/wp-json\/wp\/v2\/users\/1"}],"replies":[{"embeddable":true,"href":"https:\/\/laseris.ch\/shop\/wp-json\/wp\/v2\/comments?post=16981"}],"version-history":[{"count":0,"href":"https:\/\/laseris.ch\/shop\/wp-json\/wp\/v2\/pages\/16981\/revisions"}],"wp:attachment":[{"href":"https:\/\/laseris.ch\/shop\/wp-json\/wp\/v2\/media?parent=16981"}],"curies":[{"name":"wp","href":"https:\/\/api.w.org\/{rel}","templated":true}]}}