{"id":16884,"date":"2020-04-09T13:44:12","date_gmt":"2020-04-09T11:44:12","guid":{"rendered":"https:\/\/laseris.ch\/shop\/?page_id=16884"},"modified":"2020-10-23T18:55:10","modified_gmt":"2020-10-23T16:55:10","slug":"contour-de-loeil","status":"publish","type":"page","link":"https:\/\/laseris.ch\/shop\/contour-de-loeil\/","title":{"rendered":"Contour de l&#8217;\u0153il"},"content":{"rendered":"<div class=\"wpb-content-wrapper\"><p>[vc_row row_type=&#8221;row&#8221; use_row_as_full_screen_section=&#8221;no&#8221; type=&#8221;full_width&#8221; angled_section=&#8221;no&#8221; text_align=&#8221;left&#8221; background_image_as_pattern=&#8221;without_pattern&#8221; z_index=&#8221;&#8221;][vc_column][vc_column_text]<\/p>\n<h2>Contour de l&#8217;\u0153il<\/h2>\n<p>[\/vc_column_text][\/vc_column][\/vc_row][vc_row row_type=&#8221;row&#8221; use_row_as_full_screen_section=&#8221;no&#8221; type=&#8221;full_width&#8221; angled_section=&#8221;no&#8221; text_align=&#8221;left&#8221; background_image_as_pattern=&#8221;without_pattern&#8221; z_index=&#8221;&#8221;][vc_column][vc_separator type=&#8221;normal&#8221;][\/vc_column][\/vc_row][vc_row row_type=&#8221;row&#8221; use_row_as_full_screen_section=&#8221;no&#8221; type=&#8221;full_width&#8221; angled_section=&#8221;no&#8221; text_align=&#8221;left&#8221; background_image_as_pattern=&#8221;without_pattern&#8221;][vc_column el_class=&#8221;filter-products-block&#8221;]<div class=\"woocommerce columns-3 \"><div class=\"wf-container dt-products  woo-hover products loading-effect-fade-in description-on-hover cart-btn-on-img wc-img-hover hide-description wc-grid\" data-padding=\"0px\" data-cur-page=\"1\" data-desktop-columns-num=\"3\" data-v-tablet-columns-num=\"2\" data-h-tablet-columns-num=\"3\" data-phone-columns-num=\"1\">\n\n<article class=\"post visible description-off product type-product post-15489 status-publish first instock product_cat-contour-de-loeil product_cat-peau-grasse product_cat-peau-mixte product_cat-peau-normale product_cat-peau-seche product_cat-peau-sensible product_cat-probleme-de-peau product_cat-promotion product_cat-skinceuticals product_cat-tout-type-de-peau product_cat-vieillissement product_tag-contour-des-yeux product_tag-shopping has-post-thumbnail sale shipping-taxable purchasable product-type-simple\">\n\n\t\n\t<span class=\"onsale\">Promo\u00a0!<\/span>\n\t<figure class=\"woocom-project\">\n\t<div class=\"woo-buttons-on-img\">\n\n\t\t<a href=\"https:\/\/laseris.ch\/shop\/product\/a-g-e-eye-complex-15-ml\/\" class=\"alignnone layzr-bg\"><img loading=\"lazy\" decoding=\"async\" width=\"300\" height=\"300\" src=\"data:image\/svg+xml;charset=utf-8,%3Csvg xmlns%3D&#039;http%3A%2F%2Fwww.w3.org%2F2000%2Fsvg&#039; viewBox%3D&#039;0 0 300 300&#039;%2F%3E\" class=\"attachment-woocommerce_thumbnail size-woocommerce_thumbnail lazy-load preload-me\" alt=\"pour les rides, les poches et les cernes, un soin anti rides r\u00e9volutionnaire skinceuticals age advanced eye laseris lausanne\" data-src=\"https:\/\/laseris.ch\/shop\/wp-content\/uploads\/2019\/04\/laseris-lausanne-AGE-ADVANCED-EYE-contour-yeux-15ml-300x300.webp\" data-srcset=\"https:\/\/laseris.ch\/shop\/wp-content\/uploads\/2019\/04\/laseris-lausanne-AGE-ADVANCED-EYE-contour-yeux-15ml-300x300.webp 300w, https:\/\/laseris.ch\/shop\/wp-content\/uploads\/2019\/04\/laseris-lausanne-AGE-ADVANCED-EYE-contour-yeux-15ml-150x150.webp 150w, https:\/\/laseris.ch\/shop\/wp-content\/uploads\/2019\/04\/laseris-lausanne-AGE-ADVANCED-EYE-contour-yeux-15ml-96x96.webp 96w, https:\/\/laseris.ch\/shop\/wp-content\/uploads\/2019\/04\/laseris-lausanne-AGE-ADVANCED-EYE-contour-yeux-15ml-42x42.webp 42w, https:\/\/laseris.ch\/shop\/wp-content\/uploads\/2019\/04\/laseris-lausanne-AGE-ADVANCED-EYE-contour-yeux-15ml-60x60.webp 60w, https:\/\/laseris.ch\/shop\/wp-content\/uploads\/2019\/04\/laseris-lausanne-AGE-ADVANCED-EYE-contour-yeux-15ml-600x600.webp 600w, https:\/\/laseris.ch\/shop\/wp-content\/uploads\/2019\/04\/laseris-lausanne-AGE-ADVANCED-EYE-contour-yeux-15ml-200x200.webp 200w, https:\/\/laseris.ch\/shop\/wp-content\/uploads\/2019\/04\/laseris-lausanne-AGE-ADVANCED-EYE-contour-yeux-15ml.webp 700w\" \/><img loading=\"lazy\" decoding=\"async\" width=\"300\" height=\"300\" src=\"data:image\/svg+xml;charset=utf-8,%3Csvg xmlns%3D&#039;http%3A%2F%2Fwww.w3.org%2F2000%2Fsvg&#039; viewBox%3D&#039;0 0 300 300&#039;%2F%3E\" class=\"show-on-hover back-image lazy-load preload-me\" alt=\"pour les yeux pour les rides, les poches et les cernes, un soin anti rides r\u00e9volutionnaire skinceuticals age advanced eye laseris lausanne\" data-src=\"https:\/\/laseris.ch\/shop\/wp-content\/uploads\/2019\/04\/coffret-pour-les-ries-les-poches-et-les-cernes-un-soin-anti-rides-revolutionnaire-skinceuticals-age-advanced-eye-laseris-lausanne-300x300.png\" data-srcset=\"https:\/\/laseris.ch\/shop\/wp-content\/uploads\/2019\/04\/coffret-pour-les-ries-les-poches-et-les-cernes-un-soin-anti-rides-revolutionnaire-skinceuticals-age-advanced-eye-laseris-lausanne-300x300.png 300w, https:\/\/laseris.ch\/shop\/wp-content\/uploads\/2019\/04\/coffret-pour-les-ries-les-poches-et-les-cernes-un-soin-anti-rides-revolutionnaire-skinceuticals-age-advanced-eye-laseris-lausanne-150x150.png 150w, https:\/\/laseris.ch\/shop\/wp-content\/uploads\/2019\/04\/coffret-pour-les-ries-les-poches-et-les-cernes-un-soin-anti-rides-revolutionnaire-skinceuticals-age-advanced-eye-laseris-lausanne-200x200.png 200w\" \/><\/a>\n\t<\/div>\n\t<figcaption class=\"woocom-list-content\">\n\n\t\t<div class=\"woocommerce-product-details__short-description\">\n\t<p><strong>Soin nouvelle g\u00e9n\u00e9ration contour de l&#8217;\u0153il qui combat efficacement les rides, les poches et les cernes<\/strong><\/p>\n<p>A.G.E. Advanced Eye est une cr\u00e8me anti-rides pour les yeux de nouvelle g\u00e9n\u00e9ration qui combat l&#8217;apparence des rides de la patte d&#8217;oie, des poches et des cernes et agit en profondeur sur les signes du vieillissement de cette zone fragile. D\u00e9couvrez le nouveau soin r\u00e9volutionnaire de Skinceuticals pour le contour de l&#8217;\u0153il.<\/p>\n<ul>\n<li>Corrige les rides et ridules et pr\u00e9vient les rides futures, notamment sur la ride de la patte d&#8217;oie.<\/li>\n<li>Att\u00e9nue l&#8217;apparence des cernes et minimise les poches et le gonflement des paupi\u00e8res.<\/li>\n<li>Am\u00e9liore l&#8217;\u00e9clat des yeux ternes et fatigu\u00e9s.<\/li>\n<\/ul>\n<div id=\"ConnectiveDocSignExtentionInstalled\" data-extension-version=\"1.0.4\"><\/div>\n<div class=\"fl-module fl-module-rich-text fl-node-5e68c5fe9d995\" data-node=\"5e68c5fe9d995\">\n<div class=\"fl-module-content fl-node-content\">\n<div class=\"fl-rich-text\">\n<p>&nbsp;<\/p>\n<p>&nbsp;<\/p>\n<\/div>\n<\/div>\n<\/div>\n<div data-extension-version=\"1.0.4\"><img loading=\"lazy\" decoding=\"async\" class=\"alignnone size-medium wp-image-16858\" src=\"https:\/\/laseris.ch\/shop\/wp-content\/uploads\/2020\/10\/skinceuticals-revendeur-suisse.png\" alt=\"\" width=\"300\" height=\"61\" \/><\/div>\n<\/div>\n<span class=\"gtm4wp_productdata\" style=\"display:none; visibility:hidden;\" data-gtm4wp_product_data=\"{&quot;internal_id&quot;:15489,&quot;item_id&quot;:15489,&quot;item_name&quot;:&quot;A.G.E. Advanced Eye 15 ml SkinCeuticals&quot;,&quot;sku&quot;:15489,&quot;price&quot;:92,&quot;stocklevel&quot;:7,&quot;stockstatus&quot;:&quot;instock&quot;,&quot;google_business_vertical&quot;:&quot;retail&quot;,&quot;item_category&quot;:&quot;Vieillissement&quot;,&quot;id&quot;:15489,&quot;productlink&quot;:&quot;https:\\\/\\\/laseris.ch\\\/shop\\\/product\\\/a-g-e-eye-complex-15-ml\\\/&quot;,&quot;item_list_name&quot;:&quot;Liste g\\u00e9n\\u00e9rale des produits&quot;,&quot;index&quot;:1,&quot;product_type&quot;:&quot;simple&quot;,&quot;item_brand&quot;:&quot;&quot;}\"><\/span><a href=\"#\" class=\"yith-wcqv-button qvicon\" data-product_id=\"15489\"><img decoding=\"async\" src=\"https:\/\/laseris.ch\/shop\/wp-content\/uploads\/2020\/09\/qv-icon-laseris.png\" class=\"yith-wcqv-icon\"\/><\/a>\n\t<\/figcaption>\n<\/figure>\n\n<\/article>\n\n\n\n<article class=\"post visible description-off product type-product post-15472 status-publish instock product_cat-antioxydant product_cat-contour-de-loeil product_cat-deshydratee product_cat-fragilisee product_cat-gel product_cat-hyperpigmentation product_cat-imperfections product_cat-peau-grasse product_cat-peau-mixte product_cat-peau-normale product_cat-peau-seche product_cat-probleme-de-peau product_cat-skinceuticals product_cat-vieillissement product_tag-35-45-ans has-post-thumbnail shipping-taxable purchasable product-type-simple\">\n\n\t<figure class=\"woocom-project\">\n\t<div class=\"woo-buttons-on-img\">\n\n\t\t<a href=\"https:\/\/laseris.ch\/shop\/product\/aoxeye-gel-15-ml\/\" class=\"alignnone layzr-bg\"><img loading=\"lazy\" decoding=\"async\" width=\"300\" height=\"300\" src=\"data:image\/svg+xml;charset=utf-8,%3Csvg xmlns%3D&#039;http%3A%2F%2Fwww.w3.org%2F2000%2Fsvg&#039; viewBox%3D&#039;0 0 300 300&#039;%2F%3E\" class=\"attachment-woocommerce_thumbnail size-woocommerce_thumbnail lazy-load preload-me\" alt=\"\" data-src=\"https:\/\/laseris.ch\/shop\/wp-content\/uploads\/2019\/04\/Aoxeye-gel-300x300.jpg\" data-srcset=\"https:\/\/laseris.ch\/shop\/wp-content\/uploads\/2019\/04\/Aoxeye-gel-300x300.jpg 300w, https:\/\/laseris.ch\/shop\/wp-content\/uploads\/2019\/04\/Aoxeye-gel-200x200.jpg 200w, https:\/\/laseris.ch\/shop\/wp-content\/uploads\/2019\/04\/Aoxeye-gel-600x600.jpg 600w, https:\/\/laseris.ch\/shop\/wp-content\/uploads\/2019\/04\/Aoxeye-gel-150x150.jpg 150w, https:\/\/laseris.ch\/shop\/wp-content\/uploads\/2019\/04\/Aoxeye-gel-768x768.jpg 768w, https:\/\/laseris.ch\/shop\/wp-content\/uploads\/2019\/04\/Aoxeye-gel-570x570.jpg 570w, https:\/\/laseris.ch\/shop\/wp-content\/uploads\/2019\/04\/Aoxeye-gel-500x500.jpg 500w, https:\/\/laseris.ch\/shop\/wp-content\/uploads\/2019\/04\/Aoxeye-gel-700x700.jpg 700w, https:\/\/laseris.ch\/shop\/wp-content\/uploads\/2019\/04\/Aoxeye-gel.jpg 900w\" \/><\/a>\n\t<\/div>\n\t<figcaption class=\"woocom-list-content\">\n\n\t\t<div class=\"woocommerce-product-details__short-description\">\n\t<p>Un s\u00e9rum en gel pour le contour des yeux. Triple antioxydant pour combattre le photovieillissement et les signes de fatigue. Il fournit une protection avanc\u00e9e contre les agressions environnementales tout en r\u00e9duisant les gonflements, les signes de fatigue et les cernes, il redonne de l&#8217;\u00e9clat au regard.<\/p>\n<p>&nbsp;<\/p>\n<p>&nbsp;<\/p>\n<div data-extension-version=\"1.0.4\"><img loading=\"lazy\" decoding=\"async\" class=\"alignnone size-medium wp-image-16858\" src=\"https:\/\/laseris.ch\/shop\/wp-content\/uploads\/2020\/10\/skinceuticals-revendeur-suisse.png\" alt=\"\" width=\"300\" height=\"61\" \/><\/div>\n<div id=\"ConnectiveDocSignExtentionInstalled\" data-extension-version=\"1.0.4\"><\/div>\n<\/div>\n<span class=\"gtm4wp_productdata\" style=\"display:none; visibility:hidden;\" data-gtm4wp_product_data=\"{&quot;internal_id&quot;:15472,&quot;item_id&quot;:15472,&quot;item_name&quot;:&quot;Aox + Eye Gel 15 ml SkinCeuticals&quot;,&quot;sku&quot;:15472,&quot;price&quot;:110,&quot;stocklevel&quot;:1,&quot;stockstatus&quot;:&quot;instock&quot;,&quot;google_business_vertical&quot;:&quot;retail&quot;,&quot;item_category&quot;:&quot;Fragilis\\u00e9e&quot;,&quot;id&quot;:15472,&quot;productlink&quot;:&quot;https:\\\/\\\/laseris.ch\\\/shop\\\/product\\\/aoxeye-gel-15-ml\\\/&quot;,&quot;item_list_name&quot;:&quot;Liste g\\u00e9n\\u00e9rale des produits&quot;,&quot;index&quot;:2,&quot;product_type&quot;:&quot;simple&quot;,&quot;item_brand&quot;:&quot;&quot;}\"><\/span><a href=\"#\" class=\"yith-wcqv-button qvicon\" data-product_id=\"15472\"><img decoding=\"async\" src=\"https:\/\/laseris.ch\/shop\/wp-content\/uploads\/2020\/09\/qv-icon-laseris.png\" class=\"yith-wcqv-icon\"\/><\/a>\n\t<\/figcaption>\n<\/figure>\n\n<\/article>\n\n<\/div><\/div>[\/vc_column][\/vc_row]<\/p>\n<\/div>","protected":false},"excerpt":{"rendered":"<p>[vc_row row_type=&#8221;row&#8221; use_row_as_full_screen_section=&#8221;no&#8221; type=&#8221;full_width&#8221; angled_section=&#8221;no&#8221; text_align=&#8221;left&#8221; background_image_as_pattern=&#8221;without_pattern&#8221; z_index=&#8221;&#8221;][vc_column][vc_column_text] Contour de l&#8217;\u0153il [\/vc_column_text][\/vc_column][\/vc_row][vc_row row_type=&#8221;row&#8221; use_row_as_full_screen_section=&#8221;no&#8221; type=&#8221;full_width&#8221; angled_section=&#8221;no&#8221; text_align=&#8221;left&#8221; background_image_as_pattern=&#8221;without_pattern&#8221; z_index=&#8221;&#8221;][vc_column][vc_separator type=&#8221;normal&#8221;][\/vc_column][\/vc_row][vc_row row_type=&#8221;row&#8221; use_row_as_full_screen_section=&#8221;no&#8221; type=&#8221;full_width&#8221; angled_section=&#8221;no&#8221; text_align=&#8221;left&#8221; background_image_as_pattern=&#8221;without_pattern&#8221;][vc_column el_class=&#8221;filter-products-block&#8221;][\/vc_column][\/vc_row]<\/p>\n","protected":false},"author":1,"featured_media":0,"parent":0,"menu_order":0,"comment_status":"closed","ping_status":"closed","template":"","meta":{"footnotes":""},"class_list":["post-16884","page","type-page","status-publish","hentry","description-off"],"_links":{"self":[{"href":"https:\/\/laseris.ch\/shop\/wp-json\/wp\/v2\/pages\/16884","targetHints":{"allow":["GET"]}}],"collection":[{"href":"https:\/\/laseris.ch\/shop\/wp-json\/wp\/v2\/pages"}],"about":[{"href":"https:\/\/laseris.ch\/shop\/wp-json\/wp\/v2\/types\/page"}],"author":[{"embeddable":true,"href":"https:\/\/laseris.ch\/shop\/wp-json\/wp\/v2\/users\/1"}],"replies":[{"embeddable":true,"href":"https:\/\/laseris.ch\/shop\/wp-json\/wp\/v2\/comments?post=16884"}],"version-history":[{"count":0,"href":"https:\/\/laseris.ch\/shop\/wp-json\/wp\/v2\/pages\/16884\/revisions"}],"wp:attachment":[{"href":"https:\/\/laseris.ch\/shop\/wp-json\/wp\/v2\/media?parent=16884"}],"curies":[{"name":"wp","href":"https:\/\/api.w.org\/{rel}","templated":true}]}}