{"id":16877,"date":"2020-04-09T13:41:55","date_gmt":"2020-04-09T11:41:55","guid":{"rendered":"https:\/\/laseris.ch\/shop\/?page_id=16877"},"modified":"2020-10-23T18:57:34","modified_gmt":"2020-10-23T16:57:34","slug":"cou","status":"publish","type":"page","link":"https:\/\/laseris.ch\/shop\/cou\/","title":{"rendered":"Cou"},"content":{"rendered":"<div class=\"wpb-content-wrapper\"><p>[vc_row row_type=&#8221;row&#8221; use_row_as_full_screen_section=&#8221;no&#8221; type=&#8221;full_width&#8221; angled_section=&#8221;no&#8221; text_align=&#8221;left&#8221; background_image_as_pattern=&#8221;without_pattern&#8221; z_index=&#8221;&#8221;][vc_column][vc_column_text]<\/p>\n<h2>Cou<\/h2>\n<div id=\"ConnectiveDocSignExtentionInstalled\" data-extension-version=\"1.0.4\"><\/div>\n<p>[\/vc_column_text][\/vc_column][\/vc_row][vc_row row_type=&#8221;row&#8221; use_row_as_full_screen_section=&#8221;no&#8221; type=&#8221;full_width&#8221; angled_section=&#8221;no&#8221; text_align=&#8221;left&#8221; background_image_as_pattern=&#8221;without_pattern&#8221; z_index=&#8221;&#8221;][vc_column][vc_separator type=&#8221;normal&#8221;][\/vc_column][\/vc_row][vc_row row_type=&#8221;row&#8221; use_row_as_full_screen_section=&#8221;no&#8221; type=&#8221;full_width&#8221; angled_section=&#8221;no&#8221; text_align=&#8221;left&#8221; background_image_as_pattern=&#8221;without_pattern&#8221;][vc_column el_class=&#8221;filter-products-block&#8221;]<div class=\"woocommerce columns-3 \"><div class=\"wf-container dt-products  woo-hover products loading-effect-fade-in description-on-hover cart-btn-on-img wc-img-hover hide-description wc-grid\" data-padding=\"0px\" data-cur-page=\"1\" data-desktop-columns-num=\"3\" data-v-tablet-columns-num=\"2\" data-h-tablet-columns-num=\"3\" data-phone-columns-num=\"1\">\n\n<article class=\"post visible description-off product type-product post-20620 status-publish first instock product_cat-cou product_cat-nouveautes product_cat-peau-mixte product_cat-peau-normale product_cat-peau-seche product_cat-serum product_cat-skinceuticals product_cat-tout-type-de-peau product_cat-vieillissement product_cat-visage has-post-thumbnail shipping-taxable purchasable product-type-simple\">\n\n\t<figure class=\"woocom-project\">\n\t<div class=\"woo-buttons-on-img\">\n\n\t\t<a href=\"https:\/\/laseris.ch\/shop\/product\/a-g-e-interrupter-ultra-serum-30-ml-skinceuticals\/\" class=\"alignnone layzr-bg\"><img loading=\"lazy\" decoding=\"async\" width=\"300\" height=\"300\" src=\"data:image\/svg+xml;charset=utf-8,%3Csvg xmlns%3D&#039;http%3A%2F%2Fwww.w3.org%2F2000%2Fsvg&#039; viewBox%3D&#039;0 0 300 300&#039;%2F%3E\" class=\"attachment-woocommerce_thumbnail size-woocommerce_thumbnail lazy-load preload-me\" alt=\"\" data-src=\"https:\/\/laseris.ch\/shop\/wp-content\/uploads\/2025\/09\/SKC-3337875917919-AGE-ULTRA-SERUM-1-300x300.jpg\" data-srcset=\"https:\/\/laseris.ch\/shop\/wp-content\/uploads\/2025\/09\/SKC-3337875917919-AGE-ULTRA-SERUM-1-300x300.jpg 300w, https:\/\/laseris.ch\/shop\/wp-content\/uploads\/2025\/09\/SKC-3337875917919-AGE-ULTRA-SERUM-1-150x150.jpg 150w, https:\/\/laseris.ch\/shop\/wp-content\/uploads\/2025\/09\/SKC-3337875917919-AGE-ULTRA-SERUM-1-96x96.jpg 96w, https:\/\/laseris.ch\/shop\/wp-content\/uploads\/2025\/09\/SKC-3337875917919-AGE-ULTRA-SERUM-1-42x42.jpg 42w, https:\/\/laseris.ch\/shop\/wp-content\/uploads\/2025\/09\/SKC-3337875917919-AGE-ULTRA-SERUM-1-60x60.jpg 60w, https:\/\/laseris.ch\/shop\/wp-content\/uploads\/2025\/09\/SKC-3337875917919-AGE-ULTRA-SERUM-1-70x70.jpg 70w, https:\/\/laseris.ch\/shop\/wp-content\/uploads\/2025\/09\/SKC-3337875917919-AGE-ULTRA-SERUM-1-200x200.jpg 200w, https:\/\/laseris.ch\/shop\/wp-content\/uploads\/2025\/09\/SKC-3337875917919-AGE-ULTRA-SERUM-1.jpg 465w\" \/><\/a>\n\t<\/div>\n\t<figcaption class=\"woocom-list-content\">\n\n\t\t<div class=\"woocommerce-product-details__short-description\">\n\t<p data-start=\"96\" data-end=\"124\"><strong data-start=\"96\" data-end=\"122\">S\u00e9rum anti-\u00e2ge liftant<\/strong><\/p>\n<p data-start=\"126\" data-end=\"554\">A.G.E. Interrupter Ultra est un soin correcteur haute performance qui am\u00e9liore l\u2019\u00e9lasticit\u00e9 et raffermit visiblement la peau. Sa formule unique associe 34,6 % de Flavo-Proxylane, du Rhamnose et de l\u2019extrait de racine de Gentiana Lutea pour cibler le vieillissement li\u00e9 aux A.G.E. R\u00e9sultat : un effet lift global sur le front, les joues, l\u2019ovale du visage et le cou, avec une r\u00e9duction visible des rides et une peau plus ferme.<\/p>\n<p data-start=\"126\" data-end=\"554\"><img loading=\"lazy\" decoding=\"async\" class=\"alignnone size-medium wp-image-16858\" src=\"https:\/\/laseris.ch\/shop\/wp-content\/uploads\/2020\/10\/skinceuticals-revendeur-suisse.png\" alt=\"\" width=\"300\" height=\"61\" \/><\/p>\n<\/div>\n<span class=\"gtm4wp_productdata\" style=\"display:none; visibility:hidden;\" data-gtm4wp_product_data=\"{&quot;internal_id&quot;:20620,&quot;item_id&quot;:20620,&quot;item_name&quot;:&quot;A.G.E. Interrupter Ultra S\\u00e9rum 30 ml SkinCeuticals&quot;,&quot;sku&quot;:20620,&quot;price&quot;:176,&quot;stocklevel&quot;:9,&quot;stockstatus&quot;:&quot;instock&quot;,&quot;google_business_vertical&quot;:&quot;retail&quot;,&quot;item_category&quot;:&quot;Vieillissement&quot;,&quot;id&quot;:20620,&quot;productlink&quot;:&quot;https:\\\/\\\/laseris.ch\\\/shop\\\/product\\\/a-g-e-interrupter-ultra-serum-30-ml-skinceuticals\\\/&quot;,&quot;item_list_name&quot;:&quot;Liste g\\u00e9n\\u00e9rale des produits&quot;,&quot;index&quot;:1,&quot;product_type&quot;:&quot;simple&quot;,&quot;item_brand&quot;:&quot;&quot;}\"><\/span><a href=\"#\" class=\"yith-wcqv-button qvicon\" data-product_id=\"20620\"><img decoding=\"async\" src=\"https:\/\/laseris.ch\/shop\/wp-content\/uploads\/2020\/09\/qv-icon-laseris.png\" class=\"yith-wcqv-icon\"\/><\/a>\n\t<\/figcaption>\n<\/figure>\n\n<\/article>\n\n\n\n<article class=\"post visible description-off product type-product post-20623 status-publish outofstock product_cat-cou product_cat-peau-mixte product_cat-peau-normale product_cat-peau-seche product_cat-promotion product_cat-serum product_cat-skinceuticals product_cat-tout-type-de-peau product_cat-vieillissement product_cat-visage has-post-thumbnail sale shipping-taxable purchasable product-type-simple\">\n\n\t\n\t<span class=\"onsale\">Promo\u00a0!<\/span>\n\t<figure class=\"woocom-project\">\n\t<div class=\"woo-buttons-on-img\">\n\n\t\t<a href=\"https:\/\/laseris.ch\/shop\/product\/h-a-intensifier-multi-glycan-30-ml-skinceuticals\/\" class=\"alignnone layzr-bg\"><img loading=\"lazy\" decoding=\"async\" width=\"300\" height=\"300\" src=\"data:image\/svg+xml;charset=utf-8,%3Csvg xmlns%3D&#039;http%3A%2F%2Fwww.w3.org%2F2000%2Fsvg&#039; viewBox%3D&#039;0 0 300 300&#039;%2F%3E\" class=\"attachment-woocommerce_thumbnail size-woocommerce_thumbnail lazy-load preload-me\" alt=\"\" data-src=\"https:\/\/laseris.ch\/shop\/wp-content\/uploads\/2025\/09\/SKC-S123-HA-MULTI-GLYCAN-1-300x300.jpg\" data-srcset=\"https:\/\/laseris.ch\/shop\/wp-content\/uploads\/2025\/09\/SKC-S123-HA-MULTI-GLYCAN-1-300x300.jpg 300w, https:\/\/laseris.ch\/shop\/wp-content\/uploads\/2025\/09\/SKC-S123-HA-MULTI-GLYCAN-1-150x150.jpg 150w, https:\/\/laseris.ch\/shop\/wp-content\/uploads\/2025\/09\/SKC-S123-HA-MULTI-GLYCAN-1-96x96.jpg 96w, https:\/\/laseris.ch\/shop\/wp-content\/uploads\/2025\/09\/SKC-S123-HA-MULTI-GLYCAN-1-42x42.jpg 42w, https:\/\/laseris.ch\/shop\/wp-content\/uploads\/2025\/09\/SKC-S123-HA-MULTI-GLYCAN-1-60x60.jpg 60w, https:\/\/laseris.ch\/shop\/wp-content\/uploads\/2025\/09\/SKC-S123-HA-MULTI-GLYCAN-1-70x70.jpg 70w, https:\/\/laseris.ch\/shop\/wp-content\/uploads\/2025\/09\/SKC-S123-HA-MULTI-GLYCAN-1-200x200.jpg 200w, https:\/\/laseris.ch\/shop\/wp-content\/uploads\/2025\/09\/SKC-S123-HA-MULTI-GLYCAN-1.jpg 465w\" \/><\/a><span class=\"out-stock-label\">Out of stock<\/span>\n\t<\/div>\n\t<figcaption class=\"woocom-list-content\">\n\n\t\t<div class=\"woocommerce-product-details__short-description\">\n\t<p data-start=\"98\" data-end=\"143\"><strong data-start=\"98\" data-end=\"141\">S\u00e9rum volumateur \u00e0 l\u2019acide hyaluronique<\/strong><\/p>\n<p data-start=\"145\" data-end=\"576\">HA Intensifier Multi-Glycan est un s\u00e9rum correcteur haute performance qui repulpe imm\u00e9diatement la peau et augmente son \u00e9clat. Enrichi en acide hyaluronique pur, Proxylane\u2122 et ferment post-biotique, il stimule la production de glycosaminoglycanes pour une hydratation continue, une peau plus ferme et des contours red\u00e9finis. R\u00e9sultats visibles : r\u00e9duction des rides de 24 % en 12 semaines et peau intens\u00e9ment liss\u00e9e et densifi\u00e9e.<\/p>\n<p data-start=\"145\" data-end=\"576\"><img loading=\"lazy\" decoding=\"async\" class=\"alignnone size-medium wp-image-16858\" src=\"https:\/\/laseris.ch\/shop\/wp-content\/uploads\/2020\/10\/skinceuticals-revendeur-suisse.png\" alt=\"\" width=\"300\" height=\"61\" \/><\/p>\n<\/div>\n<span class=\"gtm4wp_productdata\" style=\"display:none; visibility:hidden;\" data-gtm4wp_product_data=\"{&quot;internal_id&quot;:20623,&quot;item_id&quot;:20623,&quot;item_name&quot;:&quot;H.A. Intensifier Multi-Glycan 30 ml SkinCeuticals&quot;,&quot;sku&quot;:20623,&quot;price&quot;:104,&quot;stocklevel&quot;:0,&quot;stockstatus&quot;:&quot;outofstock&quot;,&quot;google_business_vertical&quot;:&quot;retail&quot;,&quot;item_category&quot;:&quot;Vieillissement&quot;,&quot;id&quot;:20623,&quot;productlink&quot;:&quot;https:\\\/\\\/laseris.ch\\\/shop\\\/product\\\/h-a-intensifier-multi-glycan-30-ml-skinceuticals\\\/&quot;,&quot;item_list_name&quot;:&quot;Liste g\\u00e9n\\u00e9rale des produits&quot;,&quot;index&quot;:2,&quot;product_type&quot;:&quot;simple&quot;,&quot;item_brand&quot;:&quot;&quot;}\"><\/span><a href=\"#\" class=\"yith-wcqv-button qvicon\" data-product_id=\"20623\"><img decoding=\"async\" src=\"https:\/\/laseris.ch\/shop\/wp-content\/uploads\/2020\/09\/qv-icon-laseris.png\" class=\"yith-wcqv-icon\"\/><\/a>\n\t<\/figcaption>\n<\/figure>\n\n<\/article>\n\n\n\n<article class=\"post visible description-off product type-product post-20626 status-publish last instock product_cat-cou product_cat-creme-nuit product_cat-hyperpigmentation product_cat-hypopigmentation product_cat-imperfections product_cat-skinceuticals product_cat-tout-type-de-peau product_cat-vieillissement product_cat-visage has-post-thumbnail shipping-taxable purchasable product-type-simple\">\n\n\t<figure class=\"woocom-project\">\n\t<div class=\"woo-buttons-on-img\">\n\n\t\t<a href=\"https:\/\/laseris.ch\/shop\/product\/retinol-1-0-30-ml-skinceuticals\/\" class=\"alignnone layzr-bg\"><img loading=\"lazy\" decoding=\"async\" width=\"261\" height=\"300\" src=\"data:image\/svg+xml;charset=utf-8,%3Csvg xmlns%3D&#039;http%3A%2F%2Fwww.w3.org%2F2000%2Fsvg&#039; viewBox%3D&#039;0 0 261 300&#039;%2F%3E\" class=\"attachment-woocommerce_thumbnail size-woocommerce_thumbnail lazy-load preload-me\" alt=\"\" data-src=\"https:\/\/laseris.ch\/shop\/wp-content\/uploads\/2025\/09\/Retinol-1.0-Capture-2-261x300.jpg\" \/><\/a>\n\t<\/div>\n\t<figcaption class=\"woocom-list-content\">\n\n\t\t<div class=\"woocommerce-product-details__short-description\">\n\t<p data-start=\"70\" data-end=\"100\"><strong data-start=\"70\" data-end=\"98\">Cr\u00e8me de nuit au r\u00e9tinol<\/strong><\/p>\n<p data-start=\"102\" data-end=\"454\">Retinol 1.0 est un soin de nuit intensif formul\u00e9 avec 1 % de r\u00e9tinol pur encapsul\u00e9, associ\u00e9 \u00e0 la boswellia serrata et au bisabolol pour apaiser la peau. Il r\u00e9duit visiblement rides, ridules, taches pigmentaires et imperfections, tout en am\u00e9liorant la fermet\u00e9, l\u2019\u00e9lasticit\u00e9 et l\u2019\u00e9clat. R\u00e9sultat : une peau plus lisse, uniforme et visiblement rajeunie.<\/p>\n<p data-start=\"102\" data-end=\"454\"><img loading=\"lazy\" decoding=\"async\" class=\"alignnone size-medium wp-image-16858\" src=\"https:\/\/laseris.ch\/shop\/wp-content\/uploads\/2020\/10\/skinceuticals-revendeur-suisse.png\" alt=\"\" width=\"300\" height=\"61\" \/><\/p>\n<\/div>\n<span class=\"gtm4wp_productdata\" style=\"display:none; visibility:hidden;\" data-gtm4wp_product_data=\"{&quot;internal_id&quot;:20626,&quot;item_id&quot;:20626,&quot;item_name&quot;:&quot;Retinol 1.0  30 ml SkinCeuticals&quot;,&quot;sku&quot;:20626,&quot;price&quot;:130,&quot;stocklevel&quot;:6,&quot;stockstatus&quot;:&quot;instock&quot;,&quot;google_business_vertical&quot;:&quot;retail&quot;,&quot;item_category&quot;:&quot;Vieillissement&quot;,&quot;id&quot;:20626,&quot;productlink&quot;:&quot;https:\\\/\\\/laseris.ch\\\/shop\\\/product\\\/retinol-1-0-30-ml-skinceuticals\\\/&quot;,&quot;item_list_name&quot;:&quot;Liste g\\u00e9n\\u00e9rale des produits&quot;,&quot;index&quot;:3,&quot;product_type&quot;:&quot;simple&quot;,&quot;item_brand&quot;:&quot;&quot;}\"><\/span><a href=\"#\" class=\"yith-wcqv-button qvicon\" data-product_id=\"20626\"><img decoding=\"async\" src=\"https:\/\/laseris.ch\/shop\/wp-content\/uploads\/2020\/09\/qv-icon-laseris.png\" class=\"yith-wcqv-icon\"\/><\/a>\n\t<\/figcaption>\n<\/figure>\n\n<\/article>\n\n\n\n<article class=\"post visible description-off product type-product post-17291 status-publish first instock product_cat-cou product_cat-creme-jour product_cat-decollete product_cat-deshydratee product_cat-hyperpigmentation product_cat-peau-grasse product_cat-peau-mixte product_cat-peau-normale product_cat-peau-seche product_cat-promotion product_cat-skinceuticals product_cat-vieillissement product_cat-visage has-post-thumbnail sale shipping-taxable purchasable product-type-simple\">\n\n\t\n\t<span class=\"onsale\">Promo\u00a0!<\/span>\n\t<figure class=\"woocom-project\">\n\t<div class=\"woo-buttons-on-img\">\n\n\t\t<a href=\"https:\/\/laseris.ch\/shop\/product\/tripeptide-neck-repair\/\" class=\"alignnone layzr-bg\"><img loading=\"lazy\" decoding=\"async\" width=\"300\" height=\"300\" src=\"data:image\/svg+xml;charset=utf-8,%3Csvg xmlns%3D&#039;http%3A%2F%2Fwww.w3.org%2F2000%2Fsvg&#039; viewBox%3D&#039;0 0 300 300&#039;%2F%3E\" class=\"attachment-woocommerce_thumbnail size-woocommerce_thumbnail lazy-load preload-me\" alt=\"Photo de la cr\u00e8me cou et d\u00e9collet\u00e9 TRIPEPTIDE NECK-REPAIR Skinceuticals Laseris Lausanne\" data-src=\"https:\/\/laseris.ch\/shop\/wp-content\/uploads\/2020\/09\/SkinCeuticals_Tripeptide-R-Neck-Repair_RGB-300x300.png\" data-srcset=\"https:\/\/laseris.ch\/shop\/wp-content\/uploads\/2020\/09\/SkinCeuticals_Tripeptide-R-Neck-Repair_RGB-300x300.png 300w, https:\/\/laseris.ch\/shop\/wp-content\/uploads\/2020\/09\/SkinCeuticals_Tripeptide-R-Neck-Repair_RGB-200x200.png 200w, https:\/\/laseris.ch\/shop\/wp-content\/uploads\/2020\/09\/SkinCeuticals_Tripeptide-R-Neck-Repair_RGB-150x150.png 150w, https:\/\/laseris.ch\/shop\/wp-content\/uploads\/2020\/09\/SkinCeuticals_Tripeptide-R-Neck-Repair_RGB-570x570.png 570w, https:\/\/laseris.ch\/shop\/wp-content\/uploads\/2020\/09\/SkinCeuticals_Tripeptide-R-Neck-Repair_RGB-500x500.png 500w, https:\/\/laseris.ch\/shop\/wp-content\/uploads\/2020\/09\/SkinCeuticals_Tripeptide-R-Neck-Repair_RGB-1000x1000.png 1000w\" \/><\/a>\n\t<\/div>\n\t<figcaption class=\"woocom-list-content\">\n\n\t\t<div class=\"woocommerce-product-details__short-description\">\n\t<p class=\"product_name\"><strong>Cr\u00e8me anti-rides raffermissante au r\u00e9tinol pour le cou et le d\u00e9collet\u00e9.\u00a0<\/strong><\/p>\n<p>Tripeptide-R Neck Repair est un soin correcteur anti-\u00e2ge triple action qui cible efficacement les signes visibles pr\u00e9coces et avanc\u00e9s du vieillissement de la peau du cou et du d\u00e9collet\u00e9. Il lisse les rides horizontales du cou, corrige le rel\u00e2chement cutan\u00e9 et la perte de fermet\u00e9, redessine les contours du cou et r\u00e9duit le double-menton.<\/p>\n<\/div>\n<span class=\"gtm4wp_productdata\" style=\"display:none; visibility:hidden;\" data-gtm4wp_product_data=\"{&quot;internal_id&quot;:17291,&quot;item_id&quot;:17291,&quot;item_name&quot;:&quot;Tripeptide Neck-Repair 50 ml SkinCeuticals&quot;,&quot;sku&quot;:17291,&quot;price&quot;:120,&quot;stocklevel&quot;:4,&quot;stockstatus&quot;:&quot;instock&quot;,&quot;google_business_vertical&quot;:&quot;retail&quot;,&quot;item_category&quot;:&quot;D\\u00e9shydrat\\u00e9e&quot;,&quot;id&quot;:17291,&quot;productlink&quot;:&quot;https:\\\/\\\/laseris.ch\\\/shop\\\/product\\\/tripeptide-neck-repair\\\/&quot;,&quot;item_list_name&quot;:&quot;Liste g\\u00e9n\\u00e9rale des produits&quot;,&quot;index&quot;:4,&quot;product_type&quot;:&quot;simple&quot;,&quot;item_brand&quot;:&quot;&quot;}\"><\/span><a href=\"#\" class=\"yith-wcqv-button qvicon\" data-product_id=\"17291\"><img decoding=\"async\" src=\"https:\/\/laseris.ch\/shop\/wp-content\/uploads\/2020\/09\/qv-icon-laseris.png\" class=\"yith-wcqv-icon\"\/><\/a>\n\t<\/figcaption>\n<\/figure>\n\n<\/article>\n\n<\/div><\/div>[\/vc_column][\/vc_row]<\/p>\n<\/div>","protected":false},"excerpt":{"rendered":"<p>[vc_row row_type=&#8221;row&#8221; use_row_as_full_screen_section=&#8221;no&#8221; type=&#8221;full_width&#8221; angled_section=&#8221;no&#8221; text_align=&#8221;left&#8221; background_image_as_pattern=&#8221;without_pattern&#8221; z_index=&#8221;&#8221;][vc_column][vc_column_text] Cou [\/vc_column_text][\/vc_column][\/vc_row][vc_row row_type=&#8221;row&#8221; use_row_as_full_screen_section=&#8221;no&#8221; type=&#8221;full_width&#8221; angled_section=&#8221;no&#8221; text_align=&#8221;left&#8221; background_image_as_pattern=&#8221;without_pattern&#8221; z_index=&#8221;&#8221;][vc_column][vc_separator type=&#8221;normal&#8221;][\/vc_column][\/vc_row][vc_row row_type=&#8221;row&#8221; use_row_as_full_screen_section=&#8221;no&#8221; type=&#8221;full_width&#8221; angled_section=&#8221;no&#8221; text_align=&#8221;left&#8221; background_image_as_pattern=&#8221;without_pattern&#8221;][vc_column el_class=&#8221;filter-products-block&#8221;][\/vc_column][\/vc_row]<\/p>\n","protected":false},"author":1,"featured_media":0,"parent":0,"menu_order":0,"comment_status":"closed","ping_status":"closed","template":"","meta":{"footnotes":""},"class_list":["post-16877","page","type-page","status-publish","hentry","description-off"],"_links":{"self":[{"href":"https:\/\/laseris.ch\/shop\/wp-json\/wp\/v2\/pages\/16877","targetHints":{"allow":["GET"]}}],"collection":[{"href":"https:\/\/laseris.ch\/shop\/wp-json\/wp\/v2\/pages"}],"about":[{"href":"https:\/\/laseris.ch\/shop\/wp-json\/wp\/v2\/types\/page"}],"author":[{"embeddable":true,"href":"https:\/\/laseris.ch\/shop\/wp-json\/wp\/v2\/users\/1"}],"replies":[{"embeddable":true,"href":"https:\/\/laseris.ch\/shop\/wp-json\/wp\/v2\/comments?post=16877"}],"version-history":[{"count":0,"href":"https:\/\/laseris.ch\/shop\/wp-json\/wp\/v2\/pages\/16877\/revisions"}],"wp:attachment":[{"href":"https:\/\/laseris.ch\/shop\/wp-json\/wp\/v2\/media?parent=16877"}],"curies":[{"name":"wp","href":"https:\/\/api.w.org\/{rel}","templated":true}]}}