{"id":16874,"date":"2020-04-09T13:41:07","date_gmt":"2020-04-09T11:41:07","guid":{"rendered":"https:\/\/laseris.ch\/shop\/?page_id=16874"},"modified":"2020-10-23T18:55:38","modified_gmt":"2020-10-23T16:55:38","slug":"decollete","status":"publish","type":"page","link":"https:\/\/laseris.ch\/shop\/decollete\/","title":{"rendered":"D\u00e9collet\u00e9"},"content":{"rendered":"<div class=\"wpb-content-wrapper\"><p>[vc_row row_type=&#8221;row&#8221; use_row_as_full_screen_section=&#8221;no&#8221; type=&#8221;full_width&#8221; angled_section=&#8221;no&#8221; text_align=&#8221;left&#8221; background_image_as_pattern=&#8221;without_pattern&#8221; z_index=&#8221;&#8221;][vc_column][vc_column_text]<\/p>\n<h2>D\u00e9collet\u00e9<\/h2>\n<p>[\/vc_column_text][\/vc_column][\/vc_row][vc_row row_type=&#8221;row&#8221; use_row_as_full_screen_section=&#8221;no&#8221; type=&#8221;full_width&#8221; angled_section=&#8221;no&#8221; text_align=&#8221;left&#8221; background_image_as_pattern=&#8221;without_pattern&#8221; z_index=&#8221;&#8221;][vc_column][vc_separator type=&#8221;normal&#8221;][\/vc_column][\/vc_row][vc_row row_type=&#8221;row&#8221; use_row_as_full_screen_section=&#8221;no&#8221; type=&#8221;full_width&#8221; angled_section=&#8221;no&#8221; text_align=&#8221;left&#8221; background_image_as_pattern=&#8221;without_pattern&#8221;][vc_column el_class=&#8221;filter-products-block&#8221;]<div class=\"woocommerce columns-3 \"><div class=\"wf-container dt-products  woo-hover products loading-effect-fade-in description-on-hover cart-btn-on-img wc-img-hover hide-description wc-grid\" data-padding=\"0px\" data-cur-page=\"1\" data-desktop-columns-num=\"3\" data-v-tablet-columns-num=\"2\" data-h-tablet-columns-num=\"3\" data-phone-columns-num=\"1\">\n\n<article class=\"post visible description-off product type-product post-17291 status-publish first instock product_cat-cou product_cat-creme-jour product_cat-decollete product_cat-deshydratee product_cat-hyperpigmentation product_cat-peau-grasse product_cat-peau-mixte product_cat-peau-normale product_cat-peau-seche product_cat-promotion product_cat-skinceuticals product_cat-vieillissement product_cat-visage has-post-thumbnail sale shipping-taxable purchasable product-type-simple\">\n\n\t\n\t<span class=\"onsale\">Promo\u00a0!<\/span>\n\t<figure class=\"woocom-project\">\n\t<div class=\"woo-buttons-on-img\">\n\n\t\t<a href=\"https:\/\/laseris.ch\/shop\/product\/tripeptide-neck-repair\/\" class=\"alignnone layzr-bg\"><img loading=\"lazy\" decoding=\"async\" width=\"300\" height=\"300\" src=\"data:image\/svg+xml;charset=utf-8,%3Csvg xmlns%3D&#039;http%3A%2F%2Fwww.w3.org%2F2000%2Fsvg&#039; viewBox%3D&#039;0 0 300 300&#039;%2F%3E\" class=\"attachment-woocommerce_thumbnail size-woocommerce_thumbnail lazy-load preload-me\" alt=\"Photo de la cr\u00e8me cou et d\u00e9collet\u00e9 TRIPEPTIDE NECK-REPAIR Skinceuticals Laseris Lausanne\" data-src=\"https:\/\/laseris.ch\/shop\/wp-content\/uploads\/2020\/09\/SkinCeuticals_Tripeptide-R-Neck-Repair_RGB-300x300.png\" data-srcset=\"https:\/\/laseris.ch\/shop\/wp-content\/uploads\/2020\/09\/SkinCeuticals_Tripeptide-R-Neck-Repair_RGB-300x300.png 300w, https:\/\/laseris.ch\/shop\/wp-content\/uploads\/2020\/09\/SkinCeuticals_Tripeptide-R-Neck-Repair_RGB-200x200.png 200w, https:\/\/laseris.ch\/shop\/wp-content\/uploads\/2020\/09\/SkinCeuticals_Tripeptide-R-Neck-Repair_RGB-150x150.png 150w, https:\/\/laseris.ch\/shop\/wp-content\/uploads\/2020\/09\/SkinCeuticals_Tripeptide-R-Neck-Repair_RGB-570x570.png 570w, https:\/\/laseris.ch\/shop\/wp-content\/uploads\/2020\/09\/SkinCeuticals_Tripeptide-R-Neck-Repair_RGB-500x500.png 500w, https:\/\/laseris.ch\/shop\/wp-content\/uploads\/2020\/09\/SkinCeuticals_Tripeptide-R-Neck-Repair_RGB-1000x1000.png 1000w\" \/><\/a>\n\t<\/div>\n\t<figcaption class=\"woocom-list-content\">\n\n\t\t<div class=\"woocommerce-product-details__short-description\">\n\t<p class=\"product_name\"><strong>Cr\u00e8me anti-rides raffermissante au r\u00e9tinol pour le cou et le d\u00e9collet\u00e9.\u00a0<\/strong><\/p>\n<p>Tripeptide-R Neck Repair est un soin correcteur anti-\u00e2ge triple action qui cible efficacement les signes visibles pr\u00e9coces et avanc\u00e9s du vieillissement de la peau du cou et du d\u00e9collet\u00e9. Il lisse les rides horizontales du cou, corrige le rel\u00e2chement cutan\u00e9 et la perte de fermet\u00e9, redessine les contours du cou et r\u00e9duit le double-menton.<\/p>\n<\/div>\n<span class=\"gtm4wp_productdata\" style=\"display:none; visibility:hidden;\" data-gtm4wp_product_data=\"{&quot;internal_id&quot;:17291,&quot;item_id&quot;:17291,&quot;item_name&quot;:&quot;Tripeptide Neck-Repair 50 ml SkinCeuticals&quot;,&quot;sku&quot;:17291,&quot;price&quot;:120,&quot;stocklevel&quot;:4,&quot;stockstatus&quot;:&quot;instock&quot;,&quot;google_business_vertical&quot;:&quot;retail&quot;,&quot;item_category&quot;:&quot;D\\u00e9shydrat\\u00e9e&quot;,&quot;id&quot;:17291,&quot;productlink&quot;:&quot;https:\\\/\\\/laseris.ch\\\/shop\\\/product\\\/tripeptide-neck-repair\\\/&quot;,&quot;item_list_name&quot;:&quot;Liste g\\u00e9n\\u00e9rale des produits&quot;,&quot;index&quot;:1,&quot;product_type&quot;:&quot;simple&quot;,&quot;item_brand&quot;:&quot;&quot;}\"><\/span><a href=\"#\" class=\"yith-wcqv-button qvicon\" data-product_id=\"17291\"><img decoding=\"async\" src=\"https:\/\/laseris.ch\/shop\/wp-content\/uploads\/2020\/09\/qv-icon-laseris.png\" class=\"yith-wcqv-icon\"\/><\/a>\n\t<\/figcaption>\n<\/figure>\n\n<\/article>\n\n<\/div><\/div>[\/vc_column][\/vc_row]<\/p>\n<\/div>","protected":false},"excerpt":{"rendered":"<p>[vc_row row_type=&#8221;row&#8221; use_row_as_full_screen_section=&#8221;no&#8221; type=&#8221;full_width&#8221; angled_section=&#8221;no&#8221; text_align=&#8221;left&#8221; background_image_as_pattern=&#8221;without_pattern&#8221; z_index=&#8221;&#8221;][vc_column][vc_column_text] D\u00e9collet\u00e9 [\/vc_column_text][\/vc_column][\/vc_row][vc_row row_type=&#8221;row&#8221; use_row_as_full_screen_section=&#8221;no&#8221; type=&#8221;full_width&#8221; angled_section=&#8221;no&#8221; text_align=&#8221;left&#8221; background_image_as_pattern=&#8221;without_pattern&#8221; z_index=&#8221;&#8221;][vc_column][vc_separator type=&#8221;normal&#8221;][\/vc_column][\/vc_row][vc_row row_type=&#8221;row&#8221; use_row_as_full_screen_section=&#8221;no&#8221; type=&#8221;full_width&#8221; angled_section=&#8221;no&#8221; text_align=&#8221;left&#8221; background_image_as_pattern=&#8221;without_pattern&#8221;][vc_column el_class=&#8221;filter-products-block&#8221;][\/vc_column][\/vc_row]<\/p>\n","protected":false},"author":1,"featured_media":0,"parent":0,"menu_order":0,"comment_status":"closed","ping_status":"closed","template":"","meta":{"footnotes":""},"class_list":["post-16874","page","type-page","status-publish","hentry","description-off"],"_links":{"self":[{"href":"https:\/\/laseris.ch\/shop\/wp-json\/wp\/v2\/pages\/16874","targetHints":{"allow":["GET"]}}],"collection":[{"href":"https:\/\/laseris.ch\/shop\/wp-json\/wp\/v2\/pages"}],"about":[{"href":"https:\/\/laseris.ch\/shop\/wp-json\/wp\/v2\/types\/page"}],"author":[{"embeddable":true,"href":"https:\/\/laseris.ch\/shop\/wp-json\/wp\/v2\/users\/1"}],"replies":[{"embeddable":true,"href":"https:\/\/laseris.ch\/shop\/wp-json\/wp\/v2\/comments?post=16874"}],"version-history":[{"count":0,"href":"https:\/\/laseris.ch\/shop\/wp-json\/wp\/v2\/pages\/16874\/revisions"}],"wp:attachment":[{"href":"https:\/\/laseris.ch\/shop\/wp-json\/wp\/v2\/media?parent=16874"}],"curies":[{"name":"wp","href":"https:\/\/api.w.org\/{rel}","templated":true}]}}