{"id":15724,"date":"2019-06-11T11:20:31","date_gmt":"2019-06-11T09:20:31","guid":{"rendered":"https:\/\/laseris.ch\/shop\/?page_id=15724"},"modified":"2022-12-02T17:16:32","modified_gmt":"2022-12-02T16:16:32","slug":"skinceuticals","status":"publish","type":"page","link":"https:\/\/laseris.ch\/shop\/skinceuticals\/","title":{"rendered":"SkinCeuticals"},"content":{"rendered":"<div class=\"wpb-content-wrapper\"><p>[vc_row][vc_column]<div id=\"ultimate-heading-923569e34d1e479ba\" class=\"uvc-heading ult-adjust-bottom-margin ultimate-heading-923569e34d1e479ba uvc-3080 \" data-hspacer=\"line_only\"  data-halign=\"center\" style=\"text-align:center\"><div class=\"uvc-main-heading ult-responsive\"  data-ultimate-target='.uvc-heading.ultimate-heading-923569e34d1e479ba h2'  data-responsive-json-new='{\"font-size\":\"desktop:46px;\",\"line-height\":\"desktop:56px;\"}' ><h2 style=\"--font-weight:theme;color:#f2b15f;margin-top:20px;margin-bottom:25px;\">Meilleures ventes<\/h2><\/div><div class=\"uvc-heading-spacer line_only\" style=\"topheight:1px;\"><span class=\"uvc-headings-line\" style=\"border-style:solid;border-bottom-width:1px;border-color:#8b8d94;width:150px;\"><\/span><\/div><\/div>[vc_empty_space]<div class=\"woocommerce columns-4 \"><div class=\"wf-container dt-products  woo-hover products loading-effect-fade-in description-on-hover cart-btn-on-img wc-img-hover hide-description wc-grid\" data-padding=\"0px\" data-cur-page=\"1\" data-desktop-columns-num=\"3\" data-v-tablet-columns-num=\"2\" data-h-tablet-columns-num=\"3\" data-phone-columns-num=\"1\">\n\n<article class=\"post visible description-off product type-product post-15470 status-publish first instock product_cat-antioxydant product_cat-fragilisee product_cat-imperfections product_cat-peau-normale product_cat-peau-sensible product_cat-probleme-de-peau product_cat-promotion product_cat-serum product_cat-skinceuticals product_cat-vieillissement product_cat-visage product_tag-35-45-ans product_tag-shopping has-post-thumbnail sale shipping-taxable purchasable product-type-simple\">\n\n\t\n\t<span class=\"onsale\">Promo\u00a0!<\/span>\n\t<figure class=\"woocom-project\">\n\t<div class=\"woo-buttons-on-img\">\n\n\t\t<a href=\"https:\/\/laseris.ch\/shop\/product\/serum-10-30-ml\/\" class=\"alignnone layzr-bg\"><img loading=\"lazy\" decoding=\"async\" width=\"300\" height=\"300\" src=\"data:image\/svg+xml;charset=utf-8,%3Csvg xmlns%3D&#039;http%3A%2F%2Fwww.w3.org%2F2000%2Fsvg&#039; viewBox%3D&#039;0 0 300 300&#039;%2F%3E\" class=\"attachment-woocommerce_thumbnail size-woocommerce_thumbnail lazy-load preload-me\" alt=\"\" data-src=\"https:\/\/laseris.ch\/shop\/wp-content\/uploads\/2019\/04\/serum-10-300x300.jpg\" data-srcset=\"https:\/\/laseris.ch\/shop\/wp-content\/uploads\/2019\/04\/serum-10-300x300.jpg 300w, https:\/\/laseris.ch\/shop\/wp-content\/uploads\/2019\/04\/serum-10-200x200.jpg 200w, https:\/\/laseris.ch\/shop\/wp-content\/uploads\/2019\/04\/serum-10-600x600.jpg 600w, https:\/\/laseris.ch\/shop\/wp-content\/uploads\/2019\/04\/serum-10-150x150.jpg 150w, https:\/\/laseris.ch\/shop\/wp-content\/uploads\/2019\/04\/serum-10-768x768.jpg 768w, https:\/\/laseris.ch\/shop\/wp-content\/uploads\/2019\/04\/serum-10-570x570.jpg 570w, https:\/\/laseris.ch\/shop\/wp-content\/uploads\/2019\/04\/serum-10-500x500.jpg 500w, https:\/\/laseris.ch\/shop\/wp-content\/uploads\/2019\/04\/serum-10-700x700.jpg 700w, https:\/\/laseris.ch\/shop\/wp-content\/uploads\/2019\/04\/serum-10.jpg 900w\" \/><\/a>\n\t<\/div>\n\t<figcaption class=\"woocom-list-content\">\n\n\t\t<div class=\"woocommerce-product-details__short-description\">\n\t<p>Pr\u00e9vient les signes du photovieillissement (rides, ridules). Aide \u00e0 att\u00e9nuer l&#8217;apparence des rides et des ridules, tout en neutralisant les radicaux libres et prot\u00e9geant la peau contre les d\u00e9g\u00e2ts dus \u00e0 son environnement. Id\u00e9al pour les peaux sensibles ou fragilis\u00e9es.<\/p>\n<p>&nbsp;<\/p>\n<div class=\"fl-module fl-module-rich-text fl-node-5e68c5fe9d995\" data-node=\"5e68c5fe9d995\">\n<div class=\"fl-module-content fl-node-content\">\n<div class=\"fl-rich-text\">\n<p>&nbsp;<\/p>\n<\/div>\n<\/div>\n<\/div>\n<div data-extension-version=\"1.0.4\"><img loading=\"lazy\" decoding=\"async\" class=\"alignnone size-medium wp-image-16858\" src=\"https:\/\/laseris.ch\/shop\/wp-content\/uploads\/2020\/10\/skinceuticals-revendeur-suisse.png\" alt=\"\" width=\"300\" height=\"61\" \/><\/div>\n<div id=\"ConnectiveDocSignExtentionInstalled\" data-extension-version=\"1.0.4\"><\/div>\n<\/div>\n<span class=\"gtm4wp_productdata\" style=\"display:none; visibility:hidden;\" data-gtm4wp_product_data=\"{&quot;internal_id&quot;:15470,&quot;item_id&quot;:15470,&quot;item_name&quot;:&quot;Serum 10 30 ml SkinCeuticals&quot;,&quot;sku&quot;:15470,&quot;price&quot;:91,&quot;stocklevel&quot;:6,&quot;stockstatus&quot;:&quot;instock&quot;,&quot;google_business_vertical&quot;:&quot;retail&quot;,&quot;item_category&quot;:&quot;Fragilis\\u00e9e&quot;,&quot;id&quot;:15470,&quot;productlink&quot;:&quot;https:\\\/\\\/laseris.ch\\\/shop\\\/product\\\/serum-10-30-ml\\\/&quot;,&quot;item_list_name&quot;:&quot;Liste g\\u00e9n\\u00e9rale des produits&quot;,&quot;index&quot;:1,&quot;product_type&quot;:&quot;simple&quot;,&quot;item_brand&quot;:&quot;&quot;}\"><\/span><a href=\"#\" class=\"yith-wcqv-button qvicon\" data-product_id=\"15470\"><img decoding=\"async\" src=\"https:\/\/laseris.ch\/shop\/wp-content\/uploads\/2020\/09\/qv-icon-laseris.png\" class=\"yith-wcqv-icon\"\/><\/a>\n\t<\/figcaption>\n<\/figure>\n\n<\/article>\n\n\n\n<article class=\"post visible description-off product type-product post-15466 status-publish instock product_cat-antioxydant product_cat-hyperpigmentation product_cat-imperfections product_cat-peau-grasse product_cat-peau-normale product_cat-probleme-de-peau product_cat-promotion product_cat-serum product_cat-skinceuticals product_cat-vieillissement product_cat-visage product_tag-35-45-ans product_tag-shopping has-post-thumbnail sale shipping-taxable purchasable product-type-simple\">\n\n\t\n\t<span class=\"onsale\">Promo\u00a0!<\/span>\n\t<figure class=\"woocom-project\">\n\t<div class=\"woo-buttons-on-img\">\n\n\t\t<a href=\"https:\/\/laseris.ch\/shop\/product\/phloretin-cf-30-ml\/\" class=\"alignnone layzr-bg\"><img loading=\"lazy\" decoding=\"async\" width=\"300\" height=\"300\" src=\"data:image\/svg+xml;charset=utf-8,%3Csvg xmlns%3D&#039;http%3A%2F%2Fwww.w3.org%2F2000%2Fsvg&#039; viewBox%3D&#039;0 0 300 300&#039;%2F%3E\" class=\"attachment-woocommerce_thumbnail size-woocommerce_thumbnail lazy-load preload-me\" alt=\"\" data-src=\"https:\/\/laseris.ch\/shop\/wp-content\/uploads\/2019\/04\/phloretin-CF-copie-300x300.jpg\" data-srcset=\"https:\/\/laseris.ch\/shop\/wp-content\/uploads\/2019\/04\/phloretin-CF-copie-300x300.jpg 300w, https:\/\/laseris.ch\/shop\/wp-content\/uploads\/2019\/04\/phloretin-CF-copie-200x200.jpg 200w, https:\/\/laseris.ch\/shop\/wp-content\/uploads\/2019\/04\/phloretin-CF-copie-600x600.jpg 600w, https:\/\/laseris.ch\/shop\/wp-content\/uploads\/2019\/04\/phloretin-CF-copie-150x150.jpg 150w, https:\/\/laseris.ch\/shop\/wp-content\/uploads\/2019\/04\/phloretin-CF-copie-768x768.jpg 768w, https:\/\/laseris.ch\/shop\/wp-content\/uploads\/2019\/04\/phloretin-CF-copie-570x570.jpg 570w, https:\/\/laseris.ch\/shop\/wp-content\/uploads\/2019\/04\/phloretin-CF-copie-500x500.jpg 500w, https:\/\/laseris.ch\/shop\/wp-content\/uploads\/2019\/04\/phloretin-CF-copie-700x700.jpg 700w, https:\/\/laseris.ch\/shop\/wp-content\/uploads\/2019\/04\/phloretin-CF-copie.jpg 900w\" \/><\/a>\n\t<\/div>\n\t<figcaption class=\"woocom-list-content\">\n\n\t\t<div class=\"woocommerce-product-details__short-description\">\n\t<p><strong>Gr\u00e2ce \u00e0 ses propri\u00e9t\u00e9s antioxydantes de haute qualit\u00e9, ce soin r\u00e9duit les signes du photovieillissement (rides, taches), procure une haute protection contre les facteurs environnementaux, prot\u00e8ge des agressions engendr\u00e9es par les UV et aide \u00e0 repulper la peau.\u00a0<\/strong><\/p>\n<p>&nbsp;<\/p>\n<p>&nbsp;<\/p>\n<p>&nbsp;<\/p>\n<div class=\"fl-module fl-module-rich-text fl-node-5e68c5fe9d995\" data-node=\"5e68c5fe9d995\">\n<div class=\"fl-module-content fl-node-content\">\n<div class=\"fl-rich-text\">\n<p>&nbsp;<\/p>\n<\/div>\n<\/div>\n<\/div>\n<div data-extension-version=\"1.0.4\"><img loading=\"lazy\" decoding=\"async\" class=\"alignnone size-medium wp-image-16858\" src=\"https:\/\/laseris.ch\/shop\/wp-content\/uploads\/2020\/10\/skinceuticals-revendeur-suisse.png\" alt=\"\" width=\"300\" height=\"61\" \/><\/div>\n<div id=\"ConnectiveDocSignExtentionInstalled\" data-extension-version=\"1.0.4\"><\/div>\n<\/div>\n<span class=\"gtm4wp_productdata\" style=\"display:none; visibility:hidden;\" data-gtm4wp_product_data=\"{&quot;internal_id&quot;:15466,&quot;item_id&quot;:15466,&quot;item_name&quot;:&quot;Phloretin CF 30 ml SkinCeuticals&quot;,&quot;sku&quot;:15466,&quot;price&quot;:148,&quot;stocklevel&quot;:2,&quot;stockstatus&quot;:&quot;instock&quot;,&quot;google_business_vertical&quot;:&quot;retail&quot;,&quot;item_category&quot;:&quot;Hyperpigmentation&quot;,&quot;id&quot;:15466,&quot;productlink&quot;:&quot;https:\\\/\\\/laseris.ch\\\/shop\\\/product\\\/phloretin-cf-30-ml\\\/&quot;,&quot;item_list_name&quot;:&quot;Liste g\\u00e9n\\u00e9rale des produits&quot;,&quot;index&quot;:2,&quot;product_type&quot;:&quot;simple&quot;,&quot;item_brand&quot;:&quot;&quot;}\"><\/span><a href=\"#\" class=\"yith-wcqv-button qvicon\" data-product_id=\"15466\"><img decoding=\"async\" src=\"https:\/\/laseris.ch\/shop\/wp-content\/uploads\/2020\/09\/qv-icon-laseris.png\" class=\"yith-wcqv-icon\"\/><\/a>\n\t<\/figcaption>\n<\/figure>\n\n<\/article>\n\n<\/div><\/div>[vc_empty_space]<div id=\"ultimate-heading-840469e34d1e6286b\" class=\"uvc-heading ult-adjust-bottom-margin ultimate-heading-840469e34d1e6286b uvc-4141 \" data-hspacer=\"line_only\"  data-halign=\"center\" style=\"text-align:center\"><div class=\"uvc-main-heading ult-responsive\"  data-ultimate-target='.uvc-heading.ultimate-heading-840469e34d1e6286b h2'  data-responsive-json-new='{\"font-size\":\"desktop:46px;\",\"line-height\":\"desktop:56px;\"}' ><h2 style=\"--font-weight:theme;color:#f2b15f;margin-top:20px;margin-bottom:25px;\">Pr\u00e9sentation de la marque SkinCeuticals en Suisse<\/h2><\/div><div class=\"uvc-heading-spacer line_only\" style=\"topheight:1px;\"><span class=\"uvc-headings-line\" style=\"border-style:solid;border-bottom-width:1px;border-color:#8b8d94;width:150px;\"><\/span><\/div><\/div>[vc_empty_space][\/vc_column][\/vc_row][vc_row row_type=&#8221;row&#8221; use_row_as_full_screen_section=&#8221;no&#8221; type=&#8221;full_width&#8221; angled_section=&#8221;no&#8221; text_align=&#8221;left&#8221; background_image_as_pattern=&#8221;without_pattern&#8221; z_index=&#8221;&#8221; padding_top=&#8221;50&#8243;][vc_column][vc_column_text]<\/p>\n<h3>SkinCeuticals<\/h3>\n<div id=\"ConnectiveDocSignExtentionInstalled\" data-extension-version=\"1.0.4\"><\/div>\n<p>[\/vc_column_text][vc_empty_space][vc_row_inner][vc_column_inner width=&#8221;1\/2&#8243;][vc_column_text]D\u00e8s son lancement en Suisse, le Dr Daniel Perrenoud a choisi la marque SkinCeuticals pour l\u2019efficacit\u00e9 de ses produits. Dans sa pratique m\u00e9dicale quotidienne, ils sont le suivi des traitements dermatologiques prodigu\u00e9s au cabinet.[\/vc_column_text][\/vc_column_inner][vc_column_inner width=&#8221;1\/2&#8243;][vc_single_image image=&#8221;15725&#8243; img_size=&#8221;full&#8221; qode_css_animation=&#8221;&#8221;][\/vc_column_inner][\/vc_row_inner][vc_empty_space][vc_column_text]<\/p>\n<h4>Des soins dermo-professionnels de pointe issus de la recherche scientifique<\/h4>\n<p>La mission de la marque consiste \u00e0 maintenir la peau en bonne sant\u00e9 et belle. Dans le cadre de cet engagement, elle fait une promesse unique \u2013 offrir des soins dermo-professionnels de pointe gr\u00e2ce \u00e0 la recherche scientifique.<\/p>\n<p>Les formules ultra-efficaces de ses soins \u00e0 l\u2019efficacit\u00e9 scientifiquement prouv\u00e9e, inspir\u00e9es de plusieurs dizaines d\u2019ann\u00e9es de recherche contre le cancer de la peau, sont hautement concentr\u00e9es en principes actifs et garantissent une haute absorption cutan\u00e9e.<\/p>\n<div id=\"ConnectiveDocSignExtentionInstalled\" data-extension-version=\"1.0.4\"><\/div>\n<div data-extension-version=\"1.0.4\">\n<p>En tant que scientifique, conseiller m\u00e9dical et p\u00e8re fondateur de la marque, le Dr Sheldon Pinnell, fondateur de la marque, a permis \u00e0 SkinCeuticals de s\u2019affirmer comme une r\u00e9f\u00e9rence \u00e0 la pointe de l\u2019industrie en mati\u00e8re de produits antioxydants. Les travaux novateurs du Dr Pinnell ont \u00e9t\u00e9 reconnus par ses pairs, et, alli\u00e9s \u00e0 sa connaissance approfondie en mati\u00e8re de dermatologie, ont permis \u00e0 SkinCeuticals de se voir attribuer en exclusivit\u00e9 le brevet de l\u2019universit\u00e9 de Duke sur les antioxydants \u2013 qui constitue aujourd\u2019hui la r\u00e9f\u00e9rence pour les formules \u00e0 base d\u2019antioxydants topiques.<\/p>\n<p>Les professionnels du soin de la peau d\u00e9finissent les cosm\u00e9ceutiques comme des produits \u00e0 la fronti\u00e8re entre les cosm\u00e9tiques et les produits pharmaceutiques. Les actifs contenus dans les cosm\u00e9ceutiques doivent \u00eatre cliniquement prouv\u00e9s comme apportant un b\u00e9n\u00e9fice pour la peau. Chez SkinCeuticals, nos produits apportent des b\u00e9n\u00e9fices prouv\u00e9s scientifiquement tout en conservant des formulations agr\u00e9ables pour une routine de soin personnalis\u00e9e.<\/p>\n<p>&nbsp;<\/p>\n<h4>La r\u00e9f\u00e9rence en mati\u00e8re d\u2019antioxydants<\/h4>\n<p>Qu\u2019est-ce qu\u2019un antioxydant et pourquoi SkinCeuticals est-elle la r\u00e9f\u00e9rence en la mati\u00e8re ? Avec quatre g\u00e9n\u00e9rations de formulations d\u2019antioxydants topiques, 10 brevets et plus de 200 \u00e9tudes publi\u00e9es dans de prestigieuses revues scientifiques, SkinCeuticals est une pionni\u00e8re en mati\u00e8re de recherche scientifique sur les antioxydants.<\/p>\n<p>Un antioxydant est une mol\u00e9cule qui inhibe l\u2019oxydation des autres mol\u00e9cules, soit le<br \/>\ndommage qui se produit quand des mol\u00e9cules perdent des \u00e9lectrons. Les antioxydants interrompent ou neutralisent les dommages par le biais de plusieurs m\u00e9canismes distincts. Par l\u2019action des antioxydants, les dommages li\u00e9s au temps, \u00e0 l\u2019environnement et \u00e0 diff\u00e9rents facteurs de d\u00e9gradation de la peau seront att\u00e9nu\u00e9s et ralentis.<\/p>\n<p>Pour un conseil adapt\u00e9, nous vous proposons une visite aupr\u00e8s de votre dermatologue afin de d\u00e9terminer tr\u00e8s exactement les produits qui conviennent \u00e0 votre typologie de peau et de vos besoins dermatologiques. L\u2019\u00e9quipe du Centre Laseris se tient \u00e0 votre enti\u00e8re disposition pour vous conseiller et vous accompagner dans le choix de vos produits de soins cosm\u00e9tiques.<\/p>\n<p>Nous vous souhaitons beaucoup de plaisir dans la d\u00e9couverte des produits SkinCeuticals.<\/p>\n<div id=\"ConnectiveDocSignExtentionInstalled\" data-extension-version=\"1.0.4\"><\/div>\n<\/div>\n<p>[\/vc_column_text][vc_column_text]Docteur Sheldon R. Pinnell[\/vc_column_text][\/vc_column][\/vc_row]<\/p>\n<\/div>","protected":false},"excerpt":{"rendered":"<p>[vc_row][vc_column][vc_empty_space][vc_empty_space][vc_empty_space][\/vc_column][\/vc_row][vc_row row_type=&#8221;row&#8221; use_row_as_full_screen_section=&#8221;no&#8221; type=&#8221;full_width&#8221; angled_section=&#8221;no&#8221; text_align=&#8221;left&#8221; background_image_as_pattern=&#8221;without_pattern&#8221; z_index=&#8221;&#8221; padding_top=&#8221;50&#8243;][vc_column][vc_column_text] SkinCeuticals [\/vc_column_text][vc_empty_space][vc_row_inner][vc_column_inner width=&#8221;1\/2&#8243;][vc_column_text]D\u00e8s son lancement en Suisse, le Dr Daniel Perrenoud a choisi la marque SkinCeuticals pour l\u2019efficacit\u00e9 de ses produits. Dans sa pratique m\u00e9dicale quotidienne, ils sont le suivi des traitements dermatologiques prodigu\u00e9s au cabinet.[\/vc_column_text][\/vc_column_inner][vc_column_inner width=&#8221;1\/2&#8243;][vc_single_image image=&#8221;15725&#8243; img_size=&#8221;full&#8221; qode_css_animation=&#8221;&#8221;][\/vc_column_inner][\/vc_row_inner][vc_empty_space][vc_column_text] Des soins dermo-professionnels de pointe issus&hellip;<\/p>\n","protected":false},"author":1,"featured_media":0,"parent":0,"menu_order":0,"comment_status":"closed","ping_status":"closed","template":"","meta":{"footnotes":""},"class_list":["post-15724","page","type-page","status-publish","hentry","description-off"],"_links":{"self":[{"href":"https:\/\/laseris.ch\/shop\/wp-json\/wp\/v2\/pages\/15724","targetHints":{"allow":["GET"]}}],"collection":[{"href":"https:\/\/laseris.ch\/shop\/wp-json\/wp\/v2\/pages"}],"about":[{"href":"https:\/\/laseris.ch\/shop\/wp-json\/wp\/v2\/types\/page"}],"author":[{"embeddable":true,"href":"https:\/\/laseris.ch\/shop\/wp-json\/wp\/v2\/users\/1"}],"replies":[{"embeddable":true,"href":"https:\/\/laseris.ch\/shop\/wp-json\/wp\/v2\/comments?post=15724"}],"version-history":[{"count":0,"href":"https:\/\/laseris.ch\/shop\/wp-json\/wp\/v2\/pages\/15724\/revisions"}],"wp:attachment":[{"href":"https:\/\/laseris.ch\/shop\/wp-json\/wp\/v2\/media?parent=15724"}],"curies":[{"name":"wp","href":"https:\/\/api.w.org\/{rel}","templated":true}]}}