{"id":15663,"date":"2019-05-16T11:21:47","date_gmt":"2019-05-16T09:21:47","guid":{"rendered":"https:\/\/laseris.ch\/shop\/?page_id=15663"},"modified":"2019-06-11T11:16:00","modified_gmt":"2019-06-11T09:16:00","slug":"politique-de-confidentialite-concernant-la-rgpd","status":"publish","type":"page","link":"https:\/\/laseris.ch\/shop\/politique-de-confidentialite-concernant-la-rgpd\/","title":{"rendered":"Politique de confidentialit\u00e9"},"content":{"rendered":"<div class=\"wpb-content-wrapper\"><p>[vc_row css_animation=&#8221;&#8221; row_type=&#8221;row&#8221; use_row_as_full_screen_section=&#8221;no&#8221; type=&#8221;full_width&#8221; angled_section=&#8221;no&#8221; text_align=&#8221;left&#8221; background_image_as_pattern=&#8221;without_pattern&#8221;][vc_column][vc_empty_space][vc_column_text]<\/p>\n<h4>Politique de confidentialit\u00e9.<\/h4>\n<div id=\"ConnectiveDocSignExtentionInstalled\" data-extension-version=\"1.0.4\"><\/div>\n<p>[\/vc_column_text][vc_empty_space][vc_column_text]Conform\u00e9ment \u00e0 nos valeurs de confidentialit\u00e9 et de discr\u00e9tion, ainsi que suivant la politique de la marque et les directives de la RGPD, nous garantissons protection des donn\u00e9es \u00e0 caract\u00e8re personnel.<\/p>\n<p>La marque attache une grande importance aux principes d\u2019honn\u00eatet\u00e9 et de transparence et nous avons \u00e0 c\u0153ur d\u2019\u00e9tablir avec nos consommateurs une relation solide et p\u00e9renne reposant sur la confiance et l\u2019int\u00e9r\u00eat mutuel. Une partie de cet attachement implique la protection et le respect de votre vie priv\u00e9e ainsi que de vos choix. Le respect de votre vie priv\u00e9e est une question essentielle pour nous. C\u2019est la raison pour laquelle vous trouverez ci-dessous \u00ab Notre engagement en mati\u00e8re de protection des donn\u00e9es \u00e0 caract\u00e8re personnel \u00bb ainsi que l\u2019int\u00e9gralit\u00e9 de notre Politique de protection des donn\u00e9es \u00e0 caract\u00e8re personnel.<\/p>\n<p>Notre engagement en mati\u00e8re de protection des donn\u00e9es \u00e5 caract\u00e8re personnel<\/p>\n<p>1) Nous sommes respectueux de votre vie priv\u00e9e et de vos choix.<\/p>\n<p>2) Nous veillons \u00e0 ce que les questions de protection des donn\u00e9es \u00e0 caract\u00e8re personnel et de s\u00e9curit\u00e9 soient au c\u0153ur de tout ce que nous entreprenons.<\/p>\n<p>3) Nous vous adressons des communications commerciales si vous nous en avez fait la demande. Vous pouvez changer d\u2019avis \u00e0 tout moment.<\/p>\n<p>4) Nous nous interdisons de communiquer ou de vendre vos donn\u00e9es.<\/p>\n<p>5) Nous sommes soucieux de s\u00e9curiser et de prot\u00e9ger vos donn\u00e9es \u00e0 caract\u00e8re personnel. Cela suppose que nous ne collaborons qu\u2019avec des partenaires de confiance.<\/p>\n<p>6) Nous sommes attach\u00e9s \u00e0 faire preuve d\u2019ouverture et de transparence sur la mani\u00e8re dont nous utilisons vos donn\u00e9es.<\/p>\n<p>7) Nous nous interdisons d\u2019utiliser vos donn\u00e9es \u00e0 caract\u00e8re personnel selon des modalit\u00e9s que nous n\u2019aurions pas port\u00e9es \u00e0 votre connaissance.<\/p>\n<p>8) Nous sommes respectueux de vos droits et nous nous effor\u00e7ons constamment de satisfaire \u00e0 vos demandes dans la mesure du possible, en respectant nos propres responsabilit\u00e9s juridiques et op\u00e9rationnelles.<\/p>\n<div id=\"ConnectiveDocSignExtentionInstalled\" data-extension-version=\"1.0.4\"><\/div>\n<p>[\/vc_column_text][\/vc_column][\/vc_row]<\/p>\n<\/div>","protected":false},"excerpt":{"rendered":"<p>[vc_row css_animation=&#8221;&#8221; row_type=&#8221;row&#8221; use_row_as_full_screen_section=&#8221;no&#8221; type=&#8221;full_width&#8221; angled_section=&#8221;no&#8221; text_align=&#8221;left&#8221; background_image_as_pattern=&#8221;without_pattern&#8221;][vc_column][vc_empty_space][vc_column_text] Politique de confidentialit\u00e9. [\/vc_column_text][vc_empty_space][vc_column_text]Conform\u00e9ment \u00e0 nos valeurs de confidentialit\u00e9 et de discr\u00e9tion, ainsi que suivant la politique de la marque et les directives de la RGPD, nous garantissons protection des donn\u00e9es \u00e0 caract\u00e8re personnel. La marque attache une grande importance aux principes d\u2019honn\u00eatet\u00e9 et de transparence et&hellip;<\/p>\n","protected":false},"author":1,"featured_media":0,"parent":0,"menu_order":0,"comment_status":"closed","ping_status":"closed","template":"","meta":{"footnotes":""},"class_list":["post-15663","page","type-page","status-publish","hentry","description-off"],"_links":{"self":[{"href":"https:\/\/laseris.ch\/shop\/wp-json\/wp\/v2\/pages\/15663","targetHints":{"allow":["GET"]}}],"collection":[{"href":"https:\/\/laseris.ch\/shop\/wp-json\/wp\/v2\/pages"}],"about":[{"href":"https:\/\/laseris.ch\/shop\/wp-json\/wp\/v2\/types\/page"}],"author":[{"embeddable":true,"href":"https:\/\/laseris.ch\/shop\/wp-json\/wp\/v2\/users\/1"}],"replies":[{"embeddable":true,"href":"https:\/\/laseris.ch\/shop\/wp-json\/wp\/v2\/comments?post=15663"}],"version-history":[{"count":0,"href":"https:\/\/laseris.ch\/shop\/wp-json\/wp\/v2\/pages\/15663\/revisions"}],"wp:attachment":[{"href":"https:\/\/laseris.ch\/shop\/wp-json\/wp\/v2\/media?parent=15663"}],"curies":[{"name":"wp","href":"https:\/\/api.w.org\/{rel}","templated":true}]}}